{"id":1975,"date":"2025-02-20T15:02:45","date_gmt":"2025-02-20T15:02:45","guid":{"rendered":"https:\/\/www.muscle-madness.co.uk\/store\/?post_type=product&#038;p=1975"},"modified":"2026-02-16T17:12:57","modified_gmt":"2026-02-16T17:12:57","slug":"7nutrition-cashew-butter-1000g","status":"publish","type":"product","link":"https:\/\/www.muscle-madness.co.uk\/store\/product\/7nutrition-cashew-butter-1000g\/","title":{"rendered":"7Nutrition Cashew Butter 1000g"},"content":{"rendered":"<p>7Nutrition Cashew Butter Natural\u00a0is an excellent source of wholesome fats and proteins. Without any harmful additives.<\/p>\n<p><strong>Ingredients:<\/strong>\u00a0roasted cashew nuts.<\/p>\n<p><strong>Allergen information:<\/strong>\u00a0the product contains cashew nuts and may contain traces of gluten, sesame and other nuts.<\/p>\n<p><strong>Storage conditions:<\/strong>\u00a0store in a dry and cool place.<\/p>\n<p><strong>Net weight:\u00a0 \u00a0<\/strong>1000 g \/ 54 servings.<\/p>\n<p><strong>Warning &#8211; this flavour is addictive!<\/strong><\/p>\n<table class=\"tab-table\" border=\"0\">\n<tbody>\n<tr>\n<td width=\"247\">\n<p align=\"left\"><strong>The nutritional value of the product<\/strong><\/p>\n<\/td>\n<td width=\"122\">\n<p align=\"center\"><strong>per 100g<\/strong><\/p>\n<\/td>\n<td width=\"114\">\n<p align=\"center\"><strong>per serving\u00a0(18,5g)<\/strong><\/p>\n<\/td>\n<td width=\"97\">\n<p align=\"center\"><strong>% RDI** porcji (18,5g)<\/strong><\/p>\n<\/td>\n<\/tr>\n<tr>\n<td width=\"247\">\n<p align=\"left\">Energy value<\/p>\n<\/td>\n<td width=\"122\">\n<p align=\"center\">2527 kJ \/ 609 kcal<\/p>\n<\/td>\n<td width=\"114\">\n<p align=\"center\">466 kJ \/ 112 kcal<\/p>\n<\/td>\n<td width=\"97\">\n<p align=\"center\">6 %<\/p>\n<\/td>\n<\/tr>\n<tr>\n<td width=\"247\">\n<p align=\"left\">Fat<\/p>\n<\/td>\n<td width=\"122\">\n<p align=\"center\">47 g<\/p>\n<\/td>\n<td width=\"114\">\n<p align=\"center\">8,7 g<\/p>\n<\/td>\n<td width=\"97\">\n<p align=\"center\">12 %<\/p>\n<\/td>\n<\/tr>\n<tr>\n<td width=\"247\">\n<p align=\"left\">&#8211; including saturated fatty acids<\/p>\n<\/td>\n<td width=\"122\">\n<p align=\"center\">8,5 g<\/p>\n<\/td>\n<td width=\"114\">\n<p align=\"center\">1 g<\/p>\n<\/td>\n<td width=\"97\">\n<p align=\"center\">8,9 %<\/p>\n<\/td>\n<\/tr>\n<tr>\n<td width=\"247\">\n<p align=\"left\">Carbohydrates<\/p>\n<\/td>\n<td width=\"122\">\n<p align=\"center\">30 g<\/p>\n<\/td>\n<td width=\"114\">\n<p align=\"center\">5,6 g<\/p>\n<\/td>\n<td width=\"97\">\n<p align=\"center\">2 %<\/p>\n<\/td>\n<\/tr>\n<tr>\n<td width=\"247\">\n<p align=\"left\">&#8211; including sugars<\/p>\n<\/td>\n<td width=\"122\">\n<p align=\"center\">5 g<\/p>\n<\/td>\n<td width=\"114\">\n<p align=\"center\">0,9 g<\/p>\n<\/td>\n<td width=\"97\">\n<p align=\"center\">1 %<\/p>\n<\/td>\n<\/tr>\n<tr>\n<td width=\"247\">\n<p align=\"left\">Protein<\/p>\n<\/td>\n<td width=\"122\">\n<p align=\"center\">16 g<\/p>\n<\/td>\n<td width=\"114\">\n<p align=\"center\">3 g<\/p>\n<\/td>\n<td width=\"97\">\n<p align=\"center\">6 %<\/p>\n<\/td>\n<\/tr>\n<tr>\n<td width=\"247\">\n<p align=\"left\">Salt<\/p>\n<\/td>\n<td width=\"122\">\n<p align=\"center\">0,7 g<\/p>\n<\/td>\n<td width=\"114\">\n<p align=\"center\">0,13 g<\/p>\n<\/td>\n<td width=\"97\">\n<p align=\"center\">2 %<\/p>\n<\/td>\n<\/tr>\n<\/tbody>\n<\/table>\n<p class=\"tab-table\">**RDI-\u00a0Reference Daily Intake\u00a0(8400 kJ\/2000 kcal).<\/p>\n<p class=\"tab-table\"><strong>PRODUCER:<\/strong><\/p>\n<p class=\"tab-table\">7FIT Sp\u00f3\u0142ka Akcyjna,<\/p>\n<p class=\"tab-table\">Stanowice 82a,<\/p>\n<p class=\"tab-table\">55-200 O\u0142awa<\/p>\n","protected":false},"excerpt":{"rendered":"<p>7Nutrition Cashew Butter Natural\u00a0is an excellent source of wholesome fats and proteins. Without any harmful additives.<\/p>\n<p><strong>Ingredients:<\/strong>\u00a0roasted cashew nuts.<\/p>\n","protected":false},"featured_media":1976,"comment_status":"open","ping_status":"closed","template":"","meta":[],"product_brand":[],"product_cat":[155,481,143,15],"product_tag":[344,343,336,233,298,341,342,146],"class_list":{"0":"post-1975","1":"product","2":"type-product","3":"status-publish","4":"has-post-thumbnail","6":"product_cat-7nutrition","7":"product_cat-dietary-foods","8":"product_cat-new-arrivals","9":"product_cat-uncategorized","10":"product_tag-cashew","11":"product_tag-fat","12":"product_tag-food","13":"product_tag-health","14":"product_tag-natural","15":"product_tag-peanut","16":"product_tag-protein","17":"product_tag-supplement","19":"first","20":"outofstock","21":"sale","22":"shipping-taxable","23":"purchasable","24":"product-type-simple"},"yoast_head":"<!-- This site is optimized with the Yoast SEO plugin v27.2 - https:\/\/yoast.com\/product\/yoast-seo-wordpress\/ -->\n<title>7Nutrition Cashew Butter 1000g - Muscle and Madness Supplement Store<\/title>\n<meta name=\"description\" content=\"7Nutrition Cashew Butter Natural is an excellent source of wholesome fats and proteins. Without any harmful additives. Ingredients: roasted cashew nuts. Allergen information: the product contains cashew nuts and may contain traces of gluten, sesame and other nuts. Storage conditions: store in a dry and cool place. Net weight: 500 g \/ 27 servings,1000 g \/ 54 servings. Warning - this flavour is addictive! The nutritional value of the product per 100gper serving (18,5g)% RDI** portions (18,5g)Energy value2527 kJ \/ 609 kcal466 kJ \/ 112 kcal6 t47 g8,7 g12 %- including saturated fatty acids8,5 g1 g8,9 rbohydrates30 g5,6 g2 %- including sugars5 g0,9 g1 %Protein16 g3 g6 %Salt0,7 g0,13 g2 %**RDI- Reference Daily Intake (8400 kJ\/2000 kcal).PRODUCER:7FIT Sp\u00f3\u0142ka Akcyjna, Stanowice 82a, 55-200 O\u0142awa\" \/>\n<meta name=\"robots\" content=\"index, follow, max-snippet:-1, max-image-preview:large, max-video-preview:-1\" \/>\n<link rel=\"canonical\" href=\"https:\/\/www.muscle-madness.co.uk\/store\/product\/7nutrition-cashew-butter-1000g\/\" \/>\n<meta property=\"og:locale\" content=\"en_US\" \/>\n<meta property=\"og:type\" content=\"article\" \/>\n<meta property=\"og:title\" content=\"7Nutrition Cashew Butter 1000g - Muscle and Madness Supplement Store\" \/>\n<meta property=\"og:description\" content=\"7Nutrition Cashew Butter Natural is an excellent source of wholesome fats and proteins. Without any harmful additives. Ingredients: roasted cashew nuts. Allergen information: the product contains cashew nuts and may contain traces of gluten, sesame and other nuts. Storage conditions: store in a dry and cool place. Net weight: 500 g \/ 27 servings,1000 g \/ 54 servings. Warning - this flavour is addictive! The nutritional value of the product per 100gper serving (18,5g)% RDI** portions (18,5g)Energy value2527 kJ \/ 609 kcal466 kJ \/ 112 kcal6 t47 g8,7 g12 %- including saturated fatty acids8,5 g1 g8,9 rbohydrates30 g5,6 g2 %- including sugars5 g0,9 g1 %Protein16 g3 g6 %Salt0,7 g0,13 g2 %**RDI- Reference Daily Intake (8400 kJ\/2000 kcal).PRODUCER:7FIT Sp\u00f3\u0142ka Akcyjna, Stanowice 82a, 55-200 O\u0142awa\" \/>\n<meta property=\"og:url\" content=\"https:\/\/www.muscle-madness.co.uk\/store\/product\/7nutrition-cashew-butter-1000g\/\" \/>\n<meta property=\"og:site_name\" content=\"Muscle and Madness Supplement Store\" \/>\n<meta property=\"article:modified_time\" content=\"2026-02-16T17:12:57+00:00\" \/>\n<meta property=\"og:image\" content=\"https:\/\/www.muscle-madness.co.uk\/store\/wp-content\/uploads\/2025\/02\/7Nutrition-Cashew-Cream-smooth-1000g.jpg\" \/>\n\t<meta property=\"og:image:width\" content=\"1080\" \/>\n\t<meta property=\"og:image:height\" content=\"1080\" \/>\n\t<meta property=\"og:image:type\" content=\"image\/jpeg\" \/>\n<meta name=\"twitter:card\" content=\"summary_large_image\" \/>\n<meta name=\"twitter:label1\" content=\"Est. reading time\" \/>\n\t<meta name=\"twitter:data1\" content=\"1 minute\" \/>\n<script type=\"application\/ld+json\" class=\"yoast-schema-graph\">{\"@context\":\"https:\/\/schema.org\",\"@graph\":[{\"@type\":\"WebPage\",\"@id\":\"https:\/\/www.muscle-madness.co.uk\/store\/product\/7nutrition-cashew-butter-1000g\/\",\"url\":\"https:\/\/www.muscle-madness.co.uk\/store\/product\/7nutrition-cashew-butter-1000g\/\",\"name\":\"7Nutrition Cashew Butter 1000g - Muscle and Madness Supplement Store\",\"isPartOf\":{\"@id\":\"https:\/\/www.muscle-madness.co.uk\/store\/#website\"},\"primaryImageOfPage\":{\"@id\":\"https:\/\/www.muscle-madness.co.uk\/store\/product\/7nutrition-cashew-butter-1000g\/#primaryimage\"},\"image\":{\"@id\":\"https:\/\/www.muscle-madness.co.uk\/store\/product\/7nutrition-cashew-butter-1000g\/#primaryimage\"},\"thumbnailUrl\":\"https:\/\/www.muscle-madness.co.uk\/store\/wp-content\/uploads\/2025\/02\/7Nutrition-Cashew-Cream-smooth-1000g.jpg\",\"datePublished\":\"2025-02-20T15:02:45+00:00\",\"dateModified\":\"2026-02-16T17:12:57+00:00\",\"description\":\"7Nutrition Cashew Butter Natural is an excellent source of wholesome fats and proteins. Without any harmful additives. Ingredients: roasted cashew nuts. Allergen information: the product contains cashew nuts and may contain traces of gluten, sesame and other nuts. Storage conditions: store in a dry and cool place. Net weight: 500 g \/ 27 servings,1000 g \/ 54 servings. Warning - this flavour is addictive! The nutritional value of the product per 100gper serving (18,5g)% RDI** portions (18,5g)Energy value2527 kJ \/ 609 kcal466 kJ \/ 112 kcal6 t47 g8,7 g12 %- including saturated fatty acids8,5 g1 g8,9 rbohydrates30 g5,6 g2 %- including sugars5 g0,9 g1 %Protein16 g3 g6 %Salt0,7 g0,13 g2 %**RDI- Reference Daily Intake (8400 kJ\/2000 kcal).PRODUCER:7FIT Sp\u00f3\u0142ka Akcyjna, Stanowice 82a, 55-200 O\u0142awa\",\"breadcrumb\":{\"@id\":\"https:\/\/www.muscle-madness.co.uk\/store\/product\/7nutrition-cashew-butter-1000g\/#breadcrumb\"},\"inLanguage\":\"en-US\",\"potentialAction\":[{\"@type\":\"ReadAction\",\"target\":[\"https:\/\/www.muscle-madness.co.uk\/store\/product\/7nutrition-cashew-butter-1000g\/\"]}]},{\"@type\":\"ImageObject\",\"inLanguage\":\"en-US\",\"@id\":\"https:\/\/www.muscle-madness.co.uk\/store\/product\/7nutrition-cashew-butter-1000g\/#primaryimage\",\"url\":\"https:\/\/www.muscle-madness.co.uk\/store\/wp-content\/uploads\/2025\/02\/7Nutrition-Cashew-Cream-smooth-1000g.jpg\",\"contentUrl\":\"https:\/\/www.muscle-madness.co.uk\/store\/wp-content\/uploads\/2025\/02\/7Nutrition-Cashew-Cream-smooth-1000g.jpg\",\"width\":1080,\"height\":1080,\"caption\":\"7Nutrition Cashew butter Cream smooth 1000g\"},{\"@type\":\"BreadcrumbList\",\"@id\":\"https:\/\/www.muscle-madness.co.uk\/store\/product\/7nutrition-cashew-butter-1000g\/#breadcrumb\",\"itemListElement\":[{\"@type\":\"ListItem\",\"position\":1,\"name\":\"Home\",\"item\":\"https:\/\/www.muscle-madness.co.uk\/store\/\"},{\"@type\":\"ListItem\",\"position\":2,\"name\":\"Shop\",\"item\":\"https:\/\/www.muscle-madness.co.uk\/store\/shop-2\/\"},{\"@type\":\"ListItem\",\"position\":3,\"name\":\"7Nutrition Cashew Butter 1000g\"}]},{\"@type\":\"WebSite\",\"@id\":\"https:\/\/www.muscle-madness.co.uk\/store\/#website\",\"url\":\"https:\/\/www.muscle-madness.co.uk\/store\/\",\"name\":\"Muscle and Madness Supplement Store\",\"description\":\"Suplement Store\",\"potentialAction\":[{\"@type\":\"SearchAction\",\"target\":{\"@type\":\"EntryPoint\",\"urlTemplate\":\"https:\/\/www.muscle-madness.co.uk\/store\/?s={search_term_string}\"},\"query-input\":{\"@type\":\"PropertyValueSpecification\",\"valueRequired\":true,\"valueName\":\"search_term_string\"}}],\"inLanguage\":\"en-US\"}]}<\/script>\n<!-- \/ Yoast SEO plugin. -->","yoast_head_json":{"title":"7Nutrition Cashew Butter 1000g - Muscle and Madness Supplement Store","description":"7Nutrition Cashew Butter Natural is an excellent source of wholesome fats and proteins. Without any harmful additives. Ingredients: roasted cashew nuts. Allergen information: the product contains cashew nuts and may contain traces of gluten, sesame and other nuts. Storage conditions: store in a dry and cool place. Net weight: 500 g \/ 27 servings,1000 g \/ 54 servings. Warning - this flavour is addictive! The nutritional value of the product per 100gper serving (18,5g)% RDI** portions (18,5g)Energy value2527 kJ \/ 609 kcal466 kJ \/ 112 kcal6 t47 g8,7 g12 %- including saturated fatty acids8,5 g1 g8,9 rbohydrates30 g5,6 g2 %- including sugars5 g0,9 g1 %Protein16 g3 g6 %Salt0,7 g0,13 g2 %**RDI- Reference Daily Intake (8400 kJ\/2000 kcal).PRODUCER:7FIT Sp\u00f3\u0142ka Akcyjna, Stanowice 82a, 55-200 O\u0142awa","robots":{"index":"index","follow":"follow","max-snippet":"max-snippet:-1","max-image-preview":"max-image-preview:large","max-video-preview":"max-video-preview:-1"},"canonical":"https:\/\/www.muscle-madness.co.uk\/store\/product\/7nutrition-cashew-butter-1000g\/","og_locale":"en_US","og_type":"article","og_title":"7Nutrition Cashew Butter 1000g - Muscle and Madness Supplement Store","og_description":"7Nutrition Cashew Butter Natural is an excellent source of wholesome fats and proteins. Without any harmful additives. Ingredients: roasted cashew nuts. Allergen information: the product contains cashew nuts and may contain traces of gluten, sesame and other nuts. Storage conditions: store in a dry and cool place. Net weight: 500 g \/ 27 servings,1000 g \/ 54 servings. Warning - this flavour is addictive! The nutritional value of the product per 100gper serving (18,5g)% RDI** portions (18,5g)Energy value2527 kJ \/ 609 kcal466 kJ \/ 112 kcal6 t47 g8,7 g12 %- including saturated fatty acids8,5 g1 g8,9 rbohydrates30 g5,6 g2 %- including sugars5 g0,9 g1 %Protein16 g3 g6 %Salt0,7 g0,13 g2 %**RDI- Reference Daily Intake (8400 kJ\/2000 kcal).PRODUCER:7FIT Sp\u00f3\u0142ka Akcyjna, Stanowice 82a, 55-200 O\u0142awa","og_url":"https:\/\/www.muscle-madness.co.uk\/store\/product\/7nutrition-cashew-butter-1000g\/","og_site_name":"Muscle and Madness Supplement Store","article_modified_time":"2026-02-16T17:12:57+00:00","og_image":[{"width":1080,"height":1080,"url":"https:\/\/www.muscle-madness.co.uk\/store\/wp-content\/uploads\/2025\/02\/7Nutrition-Cashew-Cream-smooth-1000g.jpg","type":"image\/jpeg"}],"twitter_card":"summary_large_image","twitter_misc":{"Est. reading time":"1 minute"},"schema":{"@context":"https:\/\/schema.org","@graph":[{"@type":"WebPage","@id":"https:\/\/www.muscle-madness.co.uk\/store\/product\/7nutrition-cashew-butter-1000g\/","url":"https:\/\/www.muscle-madness.co.uk\/store\/product\/7nutrition-cashew-butter-1000g\/","name":"7Nutrition Cashew Butter 1000g - Muscle and Madness Supplement Store","isPartOf":{"@id":"https:\/\/www.muscle-madness.co.uk\/store\/#website"},"primaryImageOfPage":{"@id":"https:\/\/www.muscle-madness.co.uk\/store\/product\/7nutrition-cashew-butter-1000g\/#primaryimage"},"image":{"@id":"https:\/\/www.muscle-madness.co.uk\/store\/product\/7nutrition-cashew-butter-1000g\/#primaryimage"},"thumbnailUrl":"https:\/\/www.muscle-madness.co.uk\/store\/wp-content\/uploads\/2025\/02\/7Nutrition-Cashew-Cream-smooth-1000g.jpg","datePublished":"2025-02-20T15:02:45+00:00","dateModified":"2026-02-16T17:12:57+00:00","description":"7Nutrition Cashew Butter Natural is an excellent source of wholesome fats and proteins. Without any harmful additives. Ingredients: roasted cashew nuts. Allergen information: the product contains cashew nuts and may contain traces of gluten, sesame and other nuts. Storage conditions: store in a dry and cool place. Net weight: 500 g \/ 27 servings,1000 g \/ 54 servings. Warning - this flavour is addictive! The nutritional value of the product per 100gper serving (18,5g)% RDI** portions (18,5g)Energy value2527 kJ \/ 609 kcal466 kJ \/ 112 kcal6 t47 g8,7 g12 %- including saturated fatty acids8,5 g1 g8,9 rbohydrates30 g5,6 g2 %- including sugars5 g0,9 g1 %Protein16 g3 g6 %Salt0,7 g0,13 g2 %**RDI- Reference Daily Intake (8400 kJ\/2000 kcal).PRODUCER:7FIT Sp\u00f3\u0142ka Akcyjna, Stanowice 82a, 55-200 O\u0142awa","breadcrumb":{"@id":"https:\/\/www.muscle-madness.co.uk\/store\/product\/7nutrition-cashew-butter-1000g\/#breadcrumb"},"inLanguage":"en-US","potentialAction":[{"@type":"ReadAction","target":["https:\/\/www.muscle-madness.co.uk\/store\/product\/7nutrition-cashew-butter-1000g\/"]}]},{"@type":"ImageObject","inLanguage":"en-US","@id":"https:\/\/www.muscle-madness.co.uk\/store\/product\/7nutrition-cashew-butter-1000g\/#primaryimage","url":"https:\/\/www.muscle-madness.co.uk\/store\/wp-content\/uploads\/2025\/02\/7Nutrition-Cashew-Cream-smooth-1000g.jpg","contentUrl":"https:\/\/www.muscle-madness.co.uk\/store\/wp-content\/uploads\/2025\/02\/7Nutrition-Cashew-Cream-smooth-1000g.jpg","width":1080,"height":1080,"caption":"7Nutrition Cashew butter Cream smooth 1000g"},{"@type":"BreadcrumbList","@id":"https:\/\/www.muscle-madness.co.uk\/store\/product\/7nutrition-cashew-butter-1000g\/#breadcrumb","itemListElement":[{"@type":"ListItem","position":1,"name":"Home","item":"https:\/\/www.muscle-madness.co.uk\/store\/"},{"@type":"ListItem","position":2,"name":"Shop","item":"https:\/\/www.muscle-madness.co.uk\/store\/shop-2\/"},{"@type":"ListItem","position":3,"name":"7Nutrition Cashew Butter 1000g"}]},{"@type":"WebSite","@id":"https:\/\/www.muscle-madness.co.uk\/store\/#website","url":"https:\/\/www.muscle-madness.co.uk\/store\/","name":"Muscle and Madness Supplement Store","description":"Suplement Store","potentialAction":[{"@type":"SearchAction","target":{"@type":"EntryPoint","urlTemplate":"https:\/\/www.muscle-madness.co.uk\/store\/?s={search_term_string}"},"query-input":{"@type":"PropertyValueSpecification","valueRequired":true,"valueName":"search_term_string"}}],"inLanguage":"en-US"}]}},"jetpack_sharing_enabled":true,"_links":{"self":[{"href":"https:\/\/www.muscle-madness.co.uk\/store\/wp-json\/wp\/v2\/product\/1975","targetHints":{"allow":["GET"]}}],"collection":[{"href":"https:\/\/www.muscle-madness.co.uk\/store\/wp-json\/wp\/v2\/product"}],"about":[{"href":"https:\/\/www.muscle-madness.co.uk\/store\/wp-json\/wp\/v2\/types\/product"}],"replies":[{"embeddable":true,"href":"https:\/\/www.muscle-madness.co.uk\/store\/wp-json\/wp\/v2\/comments?post=1975"}],"wp:featuredmedia":[{"embeddable":true,"href":"https:\/\/www.muscle-madness.co.uk\/store\/wp-json\/wp\/v2\/media\/1976"}],"wp:attachment":[{"href":"https:\/\/www.muscle-madness.co.uk\/store\/wp-json\/wp\/v2\/media?parent=1975"}],"wp:term":[{"taxonomy":"product_brand","embeddable":true,"href":"https:\/\/www.muscle-madness.co.uk\/store\/wp-json\/wp\/v2\/product_brand?post=1975"},{"taxonomy":"product_cat","embeddable":true,"href":"https:\/\/www.muscle-madness.co.uk\/store\/wp-json\/wp\/v2\/product_cat?post=1975"},{"taxonomy":"product_tag","embeddable":true,"href":"https:\/\/www.muscle-madness.co.uk\/store\/wp-json\/wp\/v2\/product_tag?post=1975"}],"curies":[{"name":"wp","href":"https:\/\/api.w.org\/{rel}","templated":true}]}}