{"id":1959,"date":"2025-02-19T14:41:08","date_gmt":"2025-02-19T14:41:08","guid":{"rendered":"https:\/\/www.muscle-madness.co.uk\/store\/?post_type=product&#038;p=1959"},"modified":"2026-03-28T14:46:58","modified_gmt":"2026-03-28T14:46:58","slug":"7nutrition-xylitol-1000g","status":"publish","type":"product","link":"https:\/\/www.muscle-madness.co.uk\/store\/product\/7nutrition-xylitol-1000g\/","title":{"rendered":"7Nutrition XYLITOL 1000g"},"content":{"rendered":"<section id=\"projector_productname\" class=\"product_name\">\n<div class=\"product_name__block --name pb-2\">\n<h4 class=\"product_name__name m-0\">7Nutrition XYLITOL 1000g<\/h4>\n<\/div>\n<\/section>\n<div class=\"projector_details__wrapper\">\n<div id=\"projector_prices_wrapper\" class=\"projector_details__prices projector_prices\"><strong>Xylitol<\/strong> is a natural sweetener that provides a healthy alternative to sugar. In contrast, xylitol contains as much as 40% less calories and has a much lower glycaemic index<\/div>\n<\/div>\n<p><strong>RECOMMENDED USE:<\/strong>\u00a0Use in the same way as regular sugar.<\/p>\n<p><strong>STORAGE CONDITIONS:<\/strong>\u00a0Store in a cool dry place away from sunlight.<\/p>\n<p><strong>NET WEIGHT:<\/strong>\u00a01000G<\/p>\n<p><strong>NUTRITION VALUE:<\/strong><\/p>\n<table class=\"tab-table\">\n<tbody>\n<tr>\n<td><strong>Nutrition value<\/strong><\/td>\n<td><strong>Per 100 g<\/strong><\/td>\n<\/tr>\n<tr>\n<td>Energy value<\/td>\n<td>1007 KJ \/ 242 kcal<\/td>\n<\/tr>\n<tr>\n<td>Fat<\/td>\n<td>0 g<\/td>\n<\/tr>\n<tr>\n<td>Of which saturates<\/td>\n<td>0 g<\/td>\n<\/tr>\n<tr>\n<td>Carbohydrate<\/td>\n<td>100 g<\/td>\n<\/tr>\n<tr>\n<td>Of which sugars<\/td>\n<td>0,2 g<\/td>\n<\/tr>\n<tr>\n<td>Protein<\/td>\n<td>0 g<\/td>\n<\/tr>\n<tr>\n<td>Salt<\/td>\n<td>0 g<\/td>\n<\/tr>\n<\/tbody>\n<\/table>\n<p class=\"tab-table\"><strong>PRODUCER:<\/strong><\/p>\n<p class=\"tab-table\">7FIT Sp\u00f3\u0142ka Akcyjna,<\/p>\n<p class=\"tab-table\">Stanowice 82a,<\/p>\n<p class=\"tab-table\">55-200 O\u0142awa<\/p>\n","protected":false},"excerpt":{"rendered":"<h4 class=\"product_name__name m-0\">7Nutrition ERYTHRITOL 1000G<\/h4>\n<p>The properties of<strong>\u00a0erythritol<\/strong>\u00a0make it an excellent healthy alternative to traditional sugar.\u00a0<strong>Erythritol<\/strong>\u00a0is also good for weight loss as it contains practically no calories and is almost as sweet as regular sugar.<\/p>\n<p><strong>RECOMMENDED USE:<\/strong>\u00a0Use in the same way as regular sugar.<\/p>\n<p><strong>NET WEIGHT:<\/strong>\u00a01000G<\/p>\n","protected":false},"featured_media":1960,"comment_status":"open","ping_status":"closed","template":"","meta":[],"product_brand":[],"product_cat":[155,481,143,15,87],"product_tag":[339,336,233,298,146],"class_list":{"0":"post-1959","1":"product","2":"type-product","3":"status-publish","4":"has-post-thumbnail","6":"product_cat-7nutrition","7":"product_cat-dietary-foods","8":"product_cat-new-arrivals","9":"product_cat-uncategorized","10":"product_cat-supplements","11":"product_tag-birch-sugar","12":"product_tag-food","13":"product_tag-health","14":"product_tag-natural","15":"product_tag-supplement","17":"first","18":"outofstock","19":"shipping-taxable","20":"purchasable","21":"product-type-simple"},"yoast_head":"<!-- This site is optimized with the Yoast SEO plugin v27.2 - https:\/\/yoast.com\/product\/yoast-seo-wordpress\/ -->\n<title>7Nutrition XYLITOL 1000g - Muscle and Madness Supplement Store<\/title>\n<meta name=\"description\" content=\"7Nutrition XYLITOL 1000g Xylitol is a natural sweetener that provides a healthy alternative to sugar. In contrast, xylitol contains as much as 40% less calories and has a much lower glycaemic index RECOMMENDED USE:\u00a0Use in the same way as regular sugar. STORAGE CONDITIONS:\u00a0Store in a cool dry place away from sunlight. NET WEIGHT:\u00a01000G NUTRITION VALUE: Nutrition value Per 100 g Energy value 1007 KJ \/ 242 kcal Fat 0 g Of which saturates 0 g Carbohydrate 100 g Of which sugars 0,2 g Protein 0 g Salt 0 gPRODUCER:7FIT Sp\u00f3\u0142ka Akcyjna, Stanowice 82a, 55-200 O\u0142awa\" \/>\n<meta name=\"robots\" content=\"index, follow, max-snippet:-1, max-image-preview:large, max-video-preview:-1\" \/>\n<link rel=\"canonical\" href=\"https:\/\/www.muscle-madness.co.uk\/store\/product\/7nutrition-xylitol-1000g\/\" \/>\n<meta property=\"og:locale\" content=\"en_US\" \/>\n<meta property=\"og:type\" content=\"article\" \/>\n<meta property=\"og:title\" content=\"7Nutrition XYLITOL 1000g - Muscle and Madness Supplement Store\" \/>\n<meta property=\"og:description\" content=\"7Nutrition XYLITOL 1000g Xylitol is a natural sweetener that provides a healthy alternative to sugar. In contrast, xylitol contains as much as 40% less calories and has a much lower glycaemic index RECOMMENDED USE:\u00a0Use in the same way as regular sugar. STORAGE CONDITIONS:\u00a0Store in a cool dry place away from sunlight. NET WEIGHT:\u00a01000G NUTRITION VALUE: Nutrition value Per 100 g Energy value 1007 KJ \/ 242 kcal Fat 0 g Of which saturates 0 g Carbohydrate 100 g Of which sugars 0,2 g Protein 0 g Salt 0 gPRODUCER:7FIT Sp\u00f3\u0142ka Akcyjna, Stanowice 82a, 55-200 O\u0142awa\" \/>\n<meta property=\"og:url\" content=\"https:\/\/www.muscle-madness.co.uk\/store\/product\/7nutrition-xylitol-1000g\/\" \/>\n<meta property=\"og:site_name\" content=\"Muscle and Madness Supplement Store\" \/>\n<meta property=\"article:modified_time\" content=\"2026-03-28T14:46:58+00:00\" \/>\n<meta property=\"og:image\" content=\"https:\/\/www.muscle-madness.co.uk\/store\/wp-content\/uploads\/2025\/02\/7Nutrition-Xylitol-birch-sugar-1000g-1.jpg\" \/>\n\t<meta property=\"og:image:width\" content=\"1080\" \/>\n\t<meta property=\"og:image:height\" content=\"1080\" \/>\n\t<meta property=\"og:image:type\" content=\"image\/jpeg\" \/>\n<meta name=\"twitter:card\" content=\"summary_large_image\" \/>\n<meta name=\"twitter:label1\" content=\"Est. reading time\" \/>\n\t<meta name=\"twitter:data1\" content=\"1 minute\" \/>\n<script type=\"application\/ld+json\" class=\"yoast-schema-graph\">{\"@context\":\"https:\/\/schema.org\",\"@graph\":[{\"@type\":\"WebPage\",\"@id\":\"https:\/\/www.muscle-madness.co.uk\/store\/product\/7nutrition-xylitol-1000g\/\",\"url\":\"https:\/\/www.muscle-madness.co.uk\/store\/product\/7nutrition-xylitol-1000g\/\",\"name\":\"7Nutrition XYLITOL 1000g - Muscle and Madness Supplement Store\",\"isPartOf\":{\"@id\":\"https:\/\/www.muscle-madness.co.uk\/store\/#website\"},\"primaryImageOfPage\":{\"@id\":\"https:\/\/www.muscle-madness.co.uk\/store\/product\/7nutrition-xylitol-1000g\/#primaryimage\"},\"image\":{\"@id\":\"https:\/\/www.muscle-madness.co.uk\/store\/product\/7nutrition-xylitol-1000g\/#primaryimage\"},\"thumbnailUrl\":\"https:\/\/www.muscle-madness.co.uk\/store\/wp-content\/uploads\/2025\/02\/7Nutrition-Xylitol-birch-sugar-1000g-1.jpg\",\"datePublished\":\"2025-02-19T14:41:08+00:00\",\"dateModified\":\"2026-03-28T14:46:58+00:00\",\"description\":\"7Nutrition XYLITOL 1000g Xylitol is a natural sweetener that provides a healthy alternative to sugar. In contrast, xylitol contains as much as 40% less calories and has a much lower glycaemic index RECOMMENDED USE:\u00a0Use in the same way as regular sugar. STORAGE CONDITIONS:\u00a0Store in a cool dry place away from sunlight. NET WEIGHT:\u00a01000G NUTRITION VALUE: Nutrition value Per 100 g Energy value 1007 KJ \/ 242 kcal Fat 0 g Of which saturates 0 g Carbohydrate 100 g Of which sugars 0,2 g Protein 0 g Salt 0 gPRODUCER:7FIT Sp\u00f3\u0142ka Akcyjna, Stanowice 82a, 55-200 O\u0142awa\",\"breadcrumb\":{\"@id\":\"https:\/\/www.muscle-madness.co.uk\/store\/product\/7nutrition-xylitol-1000g\/#breadcrumb\"},\"inLanguage\":\"en-US\",\"potentialAction\":[{\"@type\":\"ReadAction\",\"target\":[\"https:\/\/www.muscle-madness.co.uk\/store\/product\/7nutrition-xylitol-1000g\/\"]}]},{\"@type\":\"ImageObject\",\"inLanguage\":\"en-US\",\"@id\":\"https:\/\/www.muscle-madness.co.uk\/store\/product\/7nutrition-xylitol-1000g\/#primaryimage\",\"url\":\"https:\/\/www.muscle-madness.co.uk\/store\/wp-content\/uploads\/2025\/02\/7Nutrition-Xylitol-birch-sugar-1000g-1.jpg\",\"contentUrl\":\"https:\/\/www.muscle-madness.co.uk\/store\/wp-content\/uploads\/2025\/02\/7Nutrition-Xylitol-birch-sugar-1000g-1.jpg\",\"width\":1080,\"height\":1080,\"caption\":\"7Nutrition Xylitol birch sugar 1000g 1\"},{\"@type\":\"BreadcrumbList\",\"@id\":\"https:\/\/www.muscle-madness.co.uk\/store\/product\/7nutrition-xylitol-1000g\/#breadcrumb\",\"itemListElement\":[{\"@type\":\"ListItem\",\"position\":1,\"name\":\"Home\",\"item\":\"https:\/\/www.muscle-madness.co.uk\/store\/\"},{\"@type\":\"ListItem\",\"position\":2,\"name\":\"Shop\",\"item\":\"https:\/\/www.muscle-madness.co.uk\/store\/shop-2\/\"},{\"@type\":\"ListItem\",\"position\":3,\"name\":\"7Nutrition XYLITOL 1000g\"}]},{\"@type\":\"WebSite\",\"@id\":\"https:\/\/www.muscle-madness.co.uk\/store\/#website\",\"url\":\"https:\/\/www.muscle-madness.co.uk\/store\/\",\"name\":\"Muscle and Madness Supplement Store\",\"description\":\"Suplement Store\",\"potentialAction\":[{\"@type\":\"SearchAction\",\"target\":{\"@type\":\"EntryPoint\",\"urlTemplate\":\"https:\/\/www.muscle-madness.co.uk\/store\/?s={search_term_string}\"},\"query-input\":{\"@type\":\"PropertyValueSpecification\",\"valueRequired\":true,\"valueName\":\"search_term_string\"}}],\"inLanguage\":\"en-US\"}]}<\/script>\n<!-- \/ Yoast SEO plugin. -->","yoast_head_json":{"title":"7Nutrition XYLITOL 1000g - Muscle and Madness Supplement Store","description":"7Nutrition XYLITOL 1000g Xylitol is a natural sweetener that provides a healthy alternative to sugar. In contrast, xylitol contains as much as 40% less calories and has a much lower glycaemic index RECOMMENDED USE:\u00a0Use in the same way as regular sugar. STORAGE CONDITIONS:\u00a0Store in a cool dry place away from sunlight. NET WEIGHT:\u00a01000G NUTRITION VALUE: Nutrition value Per 100 g Energy value 1007 KJ \/ 242 kcal Fat 0 g Of which saturates 0 g Carbohydrate 100 g Of which sugars 0,2 g Protein 0 g Salt 0 gPRODUCER:7FIT Sp\u00f3\u0142ka Akcyjna, Stanowice 82a, 55-200 O\u0142awa","robots":{"index":"index","follow":"follow","max-snippet":"max-snippet:-1","max-image-preview":"max-image-preview:large","max-video-preview":"max-video-preview:-1"},"canonical":"https:\/\/www.muscle-madness.co.uk\/store\/product\/7nutrition-xylitol-1000g\/","og_locale":"en_US","og_type":"article","og_title":"7Nutrition XYLITOL 1000g - Muscle and Madness Supplement Store","og_description":"7Nutrition XYLITOL 1000g Xylitol is a natural sweetener that provides a healthy alternative to sugar. In contrast, xylitol contains as much as 40% less calories and has a much lower glycaemic index RECOMMENDED USE:\u00a0Use in the same way as regular sugar. STORAGE CONDITIONS:\u00a0Store in a cool dry place away from sunlight. NET WEIGHT:\u00a01000G NUTRITION VALUE: Nutrition value Per 100 g Energy value 1007 KJ \/ 242 kcal Fat 0 g Of which saturates 0 g Carbohydrate 100 g Of which sugars 0,2 g Protein 0 g Salt 0 gPRODUCER:7FIT Sp\u00f3\u0142ka Akcyjna, Stanowice 82a, 55-200 O\u0142awa","og_url":"https:\/\/www.muscle-madness.co.uk\/store\/product\/7nutrition-xylitol-1000g\/","og_site_name":"Muscle and Madness Supplement Store","article_modified_time":"2026-03-28T14:46:58+00:00","og_image":[{"width":1080,"height":1080,"url":"https:\/\/www.muscle-madness.co.uk\/store\/wp-content\/uploads\/2025\/02\/7Nutrition-Xylitol-birch-sugar-1000g-1.jpg","type":"image\/jpeg"}],"twitter_card":"summary_large_image","twitter_misc":{"Est. reading time":"1 minute"},"schema":{"@context":"https:\/\/schema.org","@graph":[{"@type":"WebPage","@id":"https:\/\/www.muscle-madness.co.uk\/store\/product\/7nutrition-xylitol-1000g\/","url":"https:\/\/www.muscle-madness.co.uk\/store\/product\/7nutrition-xylitol-1000g\/","name":"7Nutrition XYLITOL 1000g - Muscle and Madness Supplement Store","isPartOf":{"@id":"https:\/\/www.muscle-madness.co.uk\/store\/#website"},"primaryImageOfPage":{"@id":"https:\/\/www.muscle-madness.co.uk\/store\/product\/7nutrition-xylitol-1000g\/#primaryimage"},"image":{"@id":"https:\/\/www.muscle-madness.co.uk\/store\/product\/7nutrition-xylitol-1000g\/#primaryimage"},"thumbnailUrl":"https:\/\/www.muscle-madness.co.uk\/store\/wp-content\/uploads\/2025\/02\/7Nutrition-Xylitol-birch-sugar-1000g-1.jpg","datePublished":"2025-02-19T14:41:08+00:00","dateModified":"2026-03-28T14:46:58+00:00","description":"7Nutrition XYLITOL 1000g Xylitol is a natural sweetener that provides a healthy alternative to sugar. In contrast, xylitol contains as much as 40% less calories and has a much lower glycaemic index RECOMMENDED USE:\u00a0Use in the same way as regular sugar. STORAGE CONDITIONS:\u00a0Store in a cool dry place away from sunlight. NET WEIGHT:\u00a01000G NUTRITION VALUE: Nutrition value Per 100 g Energy value 1007 KJ \/ 242 kcal Fat 0 g Of which saturates 0 g Carbohydrate 100 g Of which sugars 0,2 g Protein 0 g Salt 0 gPRODUCER:7FIT Sp\u00f3\u0142ka Akcyjna, Stanowice 82a, 55-200 O\u0142awa","breadcrumb":{"@id":"https:\/\/www.muscle-madness.co.uk\/store\/product\/7nutrition-xylitol-1000g\/#breadcrumb"},"inLanguage":"en-US","potentialAction":[{"@type":"ReadAction","target":["https:\/\/www.muscle-madness.co.uk\/store\/product\/7nutrition-xylitol-1000g\/"]}]},{"@type":"ImageObject","inLanguage":"en-US","@id":"https:\/\/www.muscle-madness.co.uk\/store\/product\/7nutrition-xylitol-1000g\/#primaryimage","url":"https:\/\/www.muscle-madness.co.uk\/store\/wp-content\/uploads\/2025\/02\/7Nutrition-Xylitol-birch-sugar-1000g-1.jpg","contentUrl":"https:\/\/www.muscle-madness.co.uk\/store\/wp-content\/uploads\/2025\/02\/7Nutrition-Xylitol-birch-sugar-1000g-1.jpg","width":1080,"height":1080,"caption":"7Nutrition Xylitol birch sugar 1000g 1"},{"@type":"BreadcrumbList","@id":"https:\/\/www.muscle-madness.co.uk\/store\/product\/7nutrition-xylitol-1000g\/#breadcrumb","itemListElement":[{"@type":"ListItem","position":1,"name":"Home","item":"https:\/\/www.muscle-madness.co.uk\/store\/"},{"@type":"ListItem","position":2,"name":"Shop","item":"https:\/\/www.muscle-madness.co.uk\/store\/shop-2\/"},{"@type":"ListItem","position":3,"name":"7Nutrition XYLITOL 1000g"}]},{"@type":"WebSite","@id":"https:\/\/www.muscle-madness.co.uk\/store\/#website","url":"https:\/\/www.muscle-madness.co.uk\/store\/","name":"Muscle and Madness Supplement Store","description":"Suplement Store","potentialAction":[{"@type":"SearchAction","target":{"@type":"EntryPoint","urlTemplate":"https:\/\/www.muscle-madness.co.uk\/store\/?s={search_term_string}"},"query-input":{"@type":"PropertyValueSpecification","valueRequired":true,"valueName":"search_term_string"}}],"inLanguage":"en-US"}]}},"jetpack_sharing_enabled":true,"_links":{"self":[{"href":"https:\/\/www.muscle-madness.co.uk\/store\/wp-json\/wp\/v2\/product\/1959","targetHints":{"allow":["GET"]}}],"collection":[{"href":"https:\/\/www.muscle-madness.co.uk\/store\/wp-json\/wp\/v2\/product"}],"about":[{"href":"https:\/\/www.muscle-madness.co.uk\/store\/wp-json\/wp\/v2\/types\/product"}],"replies":[{"embeddable":true,"href":"https:\/\/www.muscle-madness.co.uk\/store\/wp-json\/wp\/v2\/comments?post=1959"}],"wp:featuredmedia":[{"embeddable":true,"href":"https:\/\/www.muscle-madness.co.uk\/store\/wp-json\/wp\/v2\/media\/1960"}],"wp:attachment":[{"href":"https:\/\/www.muscle-madness.co.uk\/store\/wp-json\/wp\/v2\/media?parent=1959"}],"wp:term":[{"taxonomy":"product_brand","embeddable":true,"href":"https:\/\/www.muscle-madness.co.uk\/store\/wp-json\/wp\/v2\/product_brand?post=1959"},{"taxonomy":"product_cat","embeddable":true,"href":"https:\/\/www.muscle-madness.co.uk\/store\/wp-json\/wp\/v2\/product_cat?post=1959"},{"taxonomy":"product_tag","embeddable":true,"href":"https:\/\/www.muscle-madness.co.uk\/store\/wp-json\/wp\/v2\/product_tag?post=1959"}],"curies":[{"name":"wp","href":"https:\/\/api.w.org\/{rel}","templated":true}]}}