{"id":1929,"date":"2025-02-18T13:38:54","date_gmt":"2025-02-18T13:38:54","guid":{"rendered":"https:\/\/www.muscle-madness.co.uk\/store\/?post_type=product&#038;p=1929"},"modified":"2025-12-04T17:36:16","modified_gmt":"2025-12-04T17:36:16","slug":"7nutrition-cooking-spray-500ml","status":"publish","type":"product","link":"https:\/\/www.muscle-madness.co.uk\/store\/product\/7nutrition-cooking-spray-500ml\/","title":{"rendered":"7Nutrition Cooking Spray 500ml"},"content":{"rendered":"<p><strong>7Nutrition COOKING SPRAY 500 ml.<\/strong><\/p>\n<p><strong>Releasing agent and surface oil for baking tins and trays.\u00a0<\/strong>Universal separating agent for food from the kitchen, food service industry, bakery and butcher. Suitable for all types.<\/p>\n<p><strong>INGREDIENTS:<\/strong>\u00a0Vegetable oils (canola); setting agents: carnauba wax; emulsifier: sunflower lecithin; Propellant: Propane \/ Butane \/ Isobutane.<\/p>\n<p><strong>INSTRUCTION SHEET:<\/strong>\u00a0Shake can prior to application. Apply evenly as needed. Spraying distance approx. 20 &#8211; 30 cm.<\/p>\n<p><strong>DANGER!:<\/strong>\u00a0Extremely flammable aerosol. Pressurised container: May burst if heated. Keep away from heat, hot surfaces, sparks, open flames and other ignition sources. No smoking. Do not spray on an open flame or other ignition source. Do not pierce or burn, even after use. Protect from sunlight. Do not expose to temperatures exceeding 50\u00b0C. Keep out of reach of children.<\/p>\n<p><strong>NUTRITION FACTS:<\/strong><\/p>\n<table class=\"tab-table\">\n<tbody>\n<tr>\n<td width=\"201\"><strong>WARTO\u015a\u0106 OD\u017bYWCZA<\/strong><\/td>\n<td width=\"201\"><strong>\u00a0per\u00a0100 g<\/strong><\/td>\n<\/tr>\n<tr>\n<td width=\"201\">Nutrition Value<\/td>\n<td width=\"201\">3633 kJ<\/p>\n<p>883,8 kcal<\/td>\n<\/tr>\n<tr>\n<td width=\"201\">Fat<\/td>\n<td width=\"201\">98,2 g<\/td>\n<\/tr>\n<tr>\n<td width=\"201\">\u00a0 of which saturated<\/td>\n<td width=\"201\">6 &#8211; 9 g<\/td>\n<\/tr>\n<tr>\n<td width=\"201\">\u00a0of which monounsaturated<\/td>\n<td width=\"201\">58 &#8211; 67 g<\/td>\n<\/tr>\n<tr>\n<td width=\"201\">\u00a0of which polyunsaturated<\/td>\n<td width=\"201\">25 &#8211; 34 g<\/td>\n<\/tr>\n<tr>\n<td width=\"201\">Carbohydrates<\/td>\n<td width=\"201\">0,1 g<\/td>\n<\/tr>\n<tr>\n<td width=\"201\">Fibre<\/td>\n<td width=\"201\">0 g<\/td>\n<\/tr>\n<tr>\n<td width=\"201\">Protein<\/td>\n<td width=\"201\">0 g<\/td>\n<\/tr>\n<tr>\n<td width=\"201\">Salt<\/td>\n<td width=\"201\">0 g<\/td>\n<\/tr>\n<\/tbody>\n<\/table>\n<p>&nbsp;<\/p>\n<p><strong>\u00a0<\/strong><\/p>\n<p class=\"tab-table\"><strong>PRODUCER:<\/strong><\/p>\n<p class=\"tab-table\">7FIT Sp\u00f3\u0142ka Akcyjna,<\/p>\n<p class=\"tab-table\">Stanowice 82a,<\/p>\n<p class=\"tab-table\">55-200 O\u0142awa<\/p>\n<p><strong>\u00a0<\/strong><\/p>\n","protected":false},"excerpt":{"rendered":"<p><strong>7Nutrition COOKING SPRAY 500 ml.<\/strong><\/p>\n<p><strong>Releasing agent and surface oil for baking tins and trays.\u00a0<\/strong>Universal separating agent for food from the kitchen, food service industry, bakery and butcher. Suitable for all types.<\/p>\n<p><strong>INGREDIENTS:<\/strong> Vegetable oils (canola); setting agents: carnauba wax; emulsifier: sunflower lecithin; Propellant: Propane \/ Butane \/ Isobutane<\/p>\n","protected":false},"featured_media":1931,"comment_status":"open","ping_status":"closed","template":"","meta":[],"product_brand":[],"product_cat":[155,481,143,87],"product_tag":[233,318,298,146],"class_list":{"0":"post-1929","1":"product","2":"type-product","3":"status-publish","4":"has-post-thumbnail","6":"product_cat-7nutrition","7":"product_cat-dietary-foods","8":"product_cat-new-arrivals","9":"product_cat-supplements","10":"product_tag-health","11":"product_tag-healthy-fats","12":"product_tag-natural","13":"product_tag-supplement","15":"first","16":"outofstock","17":"shipping-taxable","18":"purchasable","19":"product-type-simple"},"yoast_head":"<!-- This site is optimized with the Yoast SEO plugin v27.2 - https:\/\/yoast.com\/product\/yoast-seo-wordpress\/ -->\n<title>7Nutrition Cooking Spray 500ml - Muscle and Madness Supplement Store<\/title>\n<meta name=\"robots\" content=\"index, follow, max-snippet:-1, max-image-preview:large, max-video-preview:-1\" \/>\n<link rel=\"canonical\" href=\"https:\/\/www.muscle-madness.co.uk\/store\/product\/7nutrition-cooking-spray-500ml\/\" \/>\n<meta property=\"og:locale\" content=\"en_US\" \/>\n<meta property=\"og:type\" content=\"article\" \/>\n<meta property=\"og:title\" content=\"7Nutrition Cooking Spray 500ml - Muscle and Madness Supplement Store\" \/>\n<meta property=\"og:description\" content=\"7Nutrition COOKING SPRAY 500 ml.  Releasing agent and surface oil for baking tins and trays.\u00a0Universal separating agent for food from the kitchen, food service industry, bakery and butcher. Suitable for all types.  INGREDIENTS: Vegetable oils (canola); setting agents: carnauba wax; emulsifier: sunflower lecithin; Propellant: Propane \/ Butane \/ Isobutane\" \/>\n<meta property=\"og:url\" content=\"https:\/\/www.muscle-madness.co.uk\/store\/product\/7nutrition-cooking-spray-500ml\/\" \/>\n<meta property=\"og:site_name\" content=\"Muscle and Madness Supplement Store\" \/>\n<meta property=\"article:modified_time\" content=\"2025-12-04T17:36:16+00:00\" \/>\n<meta property=\"og:image\" content=\"https:\/\/www.muscle-madness.co.uk\/store\/wp-content\/uploads\/2025\/02\/7Nutrition-cooking-spray-500ml.png\" \/>\n\t<meta property=\"og:image:width\" content=\"1080\" \/>\n\t<meta property=\"og:image:height\" content=\"1080\" \/>\n\t<meta property=\"og:image:type\" content=\"image\/png\" \/>\n<meta name=\"twitter:card\" content=\"summary_large_image\" \/>\n<meta name=\"twitter:label1\" content=\"Est. reading time\" \/>\n\t<meta name=\"twitter:data1\" content=\"1 minute\" \/>\n<script type=\"application\/ld+json\" class=\"yoast-schema-graph\">{\"@context\":\"https:\/\/schema.org\",\"@graph\":[{\"@type\":\"WebPage\",\"@id\":\"https:\/\/www.muscle-madness.co.uk\/store\/product\/7nutrition-cooking-spray-500ml\/\",\"url\":\"https:\/\/www.muscle-madness.co.uk\/store\/product\/7nutrition-cooking-spray-500ml\/\",\"name\":\"7Nutrition Cooking Spray 500ml - Muscle and Madness Supplement Store\",\"isPartOf\":{\"@id\":\"https:\/\/www.muscle-madness.co.uk\/store\/#website\"},\"primaryImageOfPage\":{\"@id\":\"https:\/\/www.muscle-madness.co.uk\/store\/product\/7nutrition-cooking-spray-500ml\/#primaryimage\"},\"image\":{\"@id\":\"https:\/\/www.muscle-madness.co.uk\/store\/product\/7nutrition-cooking-spray-500ml\/#primaryimage\"},\"thumbnailUrl\":\"https:\/\/www.muscle-madness.co.uk\/store\/wp-content\/uploads\/2025\/02\/7Nutrition-cooking-spray-500ml.png\",\"datePublished\":\"2025-02-18T13:38:54+00:00\",\"dateModified\":\"2025-12-04T17:36:16+00:00\",\"breadcrumb\":{\"@id\":\"https:\/\/www.muscle-madness.co.uk\/store\/product\/7nutrition-cooking-spray-500ml\/#breadcrumb\"},\"inLanguage\":\"en-US\",\"potentialAction\":[{\"@type\":\"ReadAction\",\"target\":[\"https:\/\/www.muscle-madness.co.uk\/store\/product\/7nutrition-cooking-spray-500ml\/\"]}]},{\"@type\":\"ImageObject\",\"inLanguage\":\"en-US\",\"@id\":\"https:\/\/www.muscle-madness.co.uk\/store\/product\/7nutrition-cooking-spray-500ml\/#primaryimage\",\"url\":\"https:\/\/www.muscle-madness.co.uk\/store\/wp-content\/uploads\/2025\/02\/7Nutrition-cooking-spray-500ml.png\",\"contentUrl\":\"https:\/\/www.muscle-madness.co.uk\/store\/wp-content\/uploads\/2025\/02\/7Nutrition-cooking-spray-500ml.png\",\"width\":1080,\"height\":1080,\"caption\":\"7Nutrition cooking spray 500ml\"},{\"@type\":\"BreadcrumbList\",\"@id\":\"https:\/\/www.muscle-madness.co.uk\/store\/product\/7nutrition-cooking-spray-500ml\/#breadcrumb\",\"itemListElement\":[{\"@type\":\"ListItem\",\"position\":1,\"name\":\"Home\",\"item\":\"https:\/\/www.muscle-madness.co.uk\/store\/\"},{\"@type\":\"ListItem\",\"position\":2,\"name\":\"Shop\",\"item\":\"https:\/\/www.muscle-madness.co.uk\/store\/shop-2\/\"},{\"@type\":\"ListItem\",\"position\":3,\"name\":\"7Nutrition Cooking Spray 500ml\"}]},{\"@type\":\"WebSite\",\"@id\":\"https:\/\/www.muscle-madness.co.uk\/store\/#website\",\"url\":\"https:\/\/www.muscle-madness.co.uk\/store\/\",\"name\":\"Muscle and Madness Supplement Store\",\"description\":\"Suplement Store\",\"potentialAction\":[{\"@type\":\"SearchAction\",\"target\":{\"@type\":\"EntryPoint\",\"urlTemplate\":\"https:\/\/www.muscle-madness.co.uk\/store\/?s={search_term_string}\"},\"query-input\":{\"@type\":\"PropertyValueSpecification\",\"valueRequired\":true,\"valueName\":\"search_term_string\"}}],\"inLanguage\":\"en-US\"}]}<\/script>\n<!-- \/ Yoast SEO plugin. -->","yoast_head_json":{"title":"7Nutrition Cooking Spray 500ml - Muscle and Madness Supplement Store","robots":{"index":"index","follow":"follow","max-snippet":"max-snippet:-1","max-image-preview":"max-image-preview:large","max-video-preview":"max-video-preview:-1"},"canonical":"https:\/\/www.muscle-madness.co.uk\/store\/product\/7nutrition-cooking-spray-500ml\/","og_locale":"en_US","og_type":"article","og_title":"7Nutrition Cooking Spray 500ml - Muscle and Madness Supplement Store","og_description":"7Nutrition COOKING SPRAY 500 ml.  Releasing agent and surface oil for baking tins and trays.\u00a0Universal separating agent for food from the kitchen, food service industry, bakery and butcher. Suitable for all types.  INGREDIENTS: Vegetable oils (canola); setting agents: carnauba wax; emulsifier: sunflower lecithin; Propellant: Propane \/ Butane \/ Isobutane","og_url":"https:\/\/www.muscle-madness.co.uk\/store\/product\/7nutrition-cooking-spray-500ml\/","og_site_name":"Muscle and Madness Supplement Store","article_modified_time":"2025-12-04T17:36:16+00:00","og_image":[{"width":1080,"height":1080,"url":"https:\/\/www.muscle-madness.co.uk\/store\/wp-content\/uploads\/2025\/02\/7Nutrition-cooking-spray-500ml.png","type":"image\/png"}],"twitter_card":"summary_large_image","twitter_misc":{"Est. reading time":"1 minute"},"schema":{"@context":"https:\/\/schema.org","@graph":[{"@type":"WebPage","@id":"https:\/\/www.muscle-madness.co.uk\/store\/product\/7nutrition-cooking-spray-500ml\/","url":"https:\/\/www.muscle-madness.co.uk\/store\/product\/7nutrition-cooking-spray-500ml\/","name":"7Nutrition Cooking Spray 500ml - Muscle and Madness Supplement Store","isPartOf":{"@id":"https:\/\/www.muscle-madness.co.uk\/store\/#website"},"primaryImageOfPage":{"@id":"https:\/\/www.muscle-madness.co.uk\/store\/product\/7nutrition-cooking-spray-500ml\/#primaryimage"},"image":{"@id":"https:\/\/www.muscle-madness.co.uk\/store\/product\/7nutrition-cooking-spray-500ml\/#primaryimage"},"thumbnailUrl":"https:\/\/www.muscle-madness.co.uk\/store\/wp-content\/uploads\/2025\/02\/7Nutrition-cooking-spray-500ml.png","datePublished":"2025-02-18T13:38:54+00:00","dateModified":"2025-12-04T17:36:16+00:00","breadcrumb":{"@id":"https:\/\/www.muscle-madness.co.uk\/store\/product\/7nutrition-cooking-spray-500ml\/#breadcrumb"},"inLanguage":"en-US","potentialAction":[{"@type":"ReadAction","target":["https:\/\/www.muscle-madness.co.uk\/store\/product\/7nutrition-cooking-spray-500ml\/"]}]},{"@type":"ImageObject","inLanguage":"en-US","@id":"https:\/\/www.muscle-madness.co.uk\/store\/product\/7nutrition-cooking-spray-500ml\/#primaryimage","url":"https:\/\/www.muscle-madness.co.uk\/store\/wp-content\/uploads\/2025\/02\/7Nutrition-cooking-spray-500ml.png","contentUrl":"https:\/\/www.muscle-madness.co.uk\/store\/wp-content\/uploads\/2025\/02\/7Nutrition-cooking-spray-500ml.png","width":1080,"height":1080,"caption":"7Nutrition cooking spray 500ml"},{"@type":"BreadcrumbList","@id":"https:\/\/www.muscle-madness.co.uk\/store\/product\/7nutrition-cooking-spray-500ml\/#breadcrumb","itemListElement":[{"@type":"ListItem","position":1,"name":"Home","item":"https:\/\/www.muscle-madness.co.uk\/store\/"},{"@type":"ListItem","position":2,"name":"Shop","item":"https:\/\/www.muscle-madness.co.uk\/store\/shop-2\/"},{"@type":"ListItem","position":3,"name":"7Nutrition Cooking Spray 500ml"}]},{"@type":"WebSite","@id":"https:\/\/www.muscle-madness.co.uk\/store\/#website","url":"https:\/\/www.muscle-madness.co.uk\/store\/","name":"Muscle and Madness Supplement Store","description":"Suplement Store","potentialAction":[{"@type":"SearchAction","target":{"@type":"EntryPoint","urlTemplate":"https:\/\/www.muscle-madness.co.uk\/store\/?s={search_term_string}"},"query-input":{"@type":"PropertyValueSpecification","valueRequired":true,"valueName":"search_term_string"}}],"inLanguage":"en-US"}]}},"jetpack_sharing_enabled":true,"_links":{"self":[{"href":"https:\/\/www.muscle-madness.co.uk\/store\/wp-json\/wp\/v2\/product\/1929","targetHints":{"allow":["GET"]}}],"collection":[{"href":"https:\/\/www.muscle-madness.co.uk\/store\/wp-json\/wp\/v2\/product"}],"about":[{"href":"https:\/\/www.muscle-madness.co.uk\/store\/wp-json\/wp\/v2\/types\/product"}],"replies":[{"embeddable":true,"href":"https:\/\/www.muscle-madness.co.uk\/store\/wp-json\/wp\/v2\/comments?post=1929"}],"wp:featuredmedia":[{"embeddable":true,"href":"https:\/\/www.muscle-madness.co.uk\/store\/wp-json\/wp\/v2\/media\/1931"}],"wp:attachment":[{"href":"https:\/\/www.muscle-madness.co.uk\/store\/wp-json\/wp\/v2\/media?parent=1929"}],"wp:term":[{"taxonomy":"product_brand","embeddable":true,"href":"https:\/\/www.muscle-madness.co.uk\/store\/wp-json\/wp\/v2\/product_brand?post=1929"},{"taxonomy":"product_cat","embeddable":true,"href":"https:\/\/www.muscle-madness.co.uk\/store\/wp-json\/wp\/v2\/product_cat?post=1929"},{"taxonomy":"product_tag","embeddable":true,"href":"https:\/\/www.muscle-madness.co.uk\/store\/wp-json\/wp\/v2\/product_tag?post=1929"}],"curies":[{"name":"wp","href":"https:\/\/api.w.org\/{rel}","templated":true}]}}