{"id":1922,"date":"2025-02-18T13:04:18","date_gmt":"2025-02-18T13:04:18","guid":{"rendered":"https:\/\/www.muscle-madness.co.uk\/store\/?post_type=product&#038;p=1922"},"modified":"2025-02-18T13:10:50","modified_gmt":"2025-02-18T13:10:50","slug":"7nutrition-coenzyme-q10-60-caps","status":"publish","type":"product","link":"https:\/\/www.muscle-madness.co.uk\/store\/product\/7nutrition-coenzyme-q10-60-caps\/","title":{"rendered":"7Nutrition COENZYME Q10 60 caps"},"content":{"rendered":"<p><strong>7Nutrition COENZYME Q10 60 vege caps.<\/strong><\/p>\n<p>Dietary supplement. Beneficially affects the cardiovascular system. Increases the biosynthesis of hyaluronic acid. Has a protective effect on collagen. Supports the efficiency of the energy potential of muscles<\/p>\n<p><strong>INGREDIENTS:<\/strong>\u00a0Coenzyme Q10, Inulin (bulking agent), cellulose capsule (HPMC).<\/p>\n<p>RECOMMENDED USE: Take 1 capsule daily after a main meal, drinking plenty of water. Do not exceed the recommended daily serving for consumption.<\/p>\n<p><strong>WARNINGS:<\/strong>\u00a0This product must not be used by children, pregnant and nursing women. Do not use if you are allergic to any of the ingredients. The product may reduce the effectiveness of anti-inflammatory drugs. People with blood hypotension should consult a doctor for supplementation. The dietary supplement should not be used as a substitute (replacement) for a varied diet. Maintaining good health requires a varied diet and a healthy lifestyle.<\/p>\n<p><strong>STORAGE CONDITIONS:<\/strong>\u00a0Store in a dry place out of the reach of small children. Protect from direct sunlight.<\/p>\n<p><strong>DAILY DOSE:<\/strong>\u00a01 capsule.<\/p>\n<p><strong>NET MASS:<\/strong>\u00a021 g<\/p>\n<p><strong>COMPOSITION TABLE:<\/strong><\/p>\n<table class=\"tab-table\">\n<tbody>\n<tr>\n<td width=\"350\"><strong>ACTIVE INGREDIENTS<\/strong><\/td>\n<td><strong>1 capsule<\/strong><\/td>\n<\/tr>\n<tr>\n<td>Coenzyme Q10 (Ubiquinone)<\/td>\n<td>200 mg<\/td>\n<\/tr>\n<\/tbody>\n<\/table>\n<p class=\"tab-table\"><strong>PRODUCER:<\/strong><\/p>\n<p class=\"tab-table\">7FIT Sp\u00f3\u0142ka Akcyjna,<\/p>\n<p class=\"tab-table\">Stanowice 82a,<\/p>\n<p class=\"tab-table\">55-200 O\u0142awa<\/p>\n","protected":false},"excerpt":{"rendered":"<p><strong>7Nutrition COENZYME Q10 60 vege caps.<\/strong><\/p>\n<p>Dietary supplement. Beneficially affects the cardiovascular system. Increases the biosynthesis of hyaluronic acid. Has a protective effect on collagen. Supports the efficiency of the energy potential of muscles<\/p>\n<p><strong>INGREDIENTS:<\/strong> Coenzyme Q10, Inulin (bulking agent), cellulose capsule (HPMC)<\/p>\n","protected":false},"featured_media":1923,"comment_status":"open","ping_status":"closed","template":"","meta":[],"product_brand":[],"product_cat":[155,143,87],"product_tag":[279,331,233,330,146],"class_list":{"0":"post-1922","1":"product","2":"type-product","3":"status-publish","4":"has-post-thumbnail","6":"product_cat-7nutrition","7":"product_cat-new-arrivals","8":"product_cat-supplements","9":"product_tag-cardiovascular","10":"product_tag-coenzyme","11":"product_tag-health","12":"product_tag-q10","13":"product_tag-supplement","15":"first","16":"instock","17":"shipping-taxable","18":"purchasable","19":"product-type-simple"},"yoast_head":"<!-- This site is optimized with the Yoast SEO plugin v27.5 - https:\/\/yoast.com\/product\/yoast-seo-wordpress\/ -->\n<title>7Nutrition COENZYME Q10 60 caps - Muscle and Madness Supplement Store<\/title>\n<meta name=\"description\" content=\"7Nutrition COENZYME Q10 60 vege caps. Dietary supplement. Beneficially affects the cardiovascular system. Increases the biosynthesis of hyaluronic acid. Has a protective effect on collagen. Supports the efficiency of the energy potential of muscles INGREDIENTS: Coenzyme Q10, Inulin (bulking agent), cellulose capsule (HPMC).RECOMMENDED USE: Take 1 capsule daily after a main meal, drinking plenty of water. Do not exceed the recommended daily serving for consumption. WARNINGS: This product must not be used by children, pregnant and nursing women. Do not use if you are allergic to any of the ingredients. The product may reduce the effectiveness of anti-inflammatory drugs. People with blood hypotension should consult a doctor for supplementation. The dietary supplement should not be used as a substitute (replacement) for a varied diet. Maintaining good health requires a varied diet and a healthy lifestyle. STORAGE CONDITIONS: Store in a dry place out of the reach of small children. Protect from direct sunlight.DAILY DOSE: 1 capsule.NET MASS: 21 gCOMPOSITION TABLE:ACTIVE INGREDIENTS 1 capsuleCoenzyme Q10 (Ubiquinone) 200 mgPRODUCER:7FIT Sp\u00f3\u0142ka Akcyjna,Stanowice 82a,55-200 O\u0142awa\" \/>\n<meta name=\"robots\" content=\"index, follow, max-snippet:-1, max-image-preview:large, max-video-preview:-1\" \/>\n<link rel=\"canonical\" href=\"https:\/\/www.muscle-madness.co.uk\/store\/product\/7nutrition-coenzyme-q10-60-caps\/\" \/>\n<meta property=\"og:locale\" content=\"en_US\" \/>\n<meta property=\"og:type\" content=\"article\" \/>\n<meta property=\"og:title\" content=\"7Nutrition COENZYME Q10 60 caps - Muscle and Madness Supplement Store\" \/>\n<meta property=\"og:description\" content=\"7Nutrition COENZYME Q10 60 vege caps. Dietary supplement. Beneficially affects the cardiovascular system. Increases the biosynthesis of hyaluronic acid. Has a protective effect on collagen. Supports the efficiency of the energy potential of muscles INGREDIENTS: Coenzyme Q10, Inulin (bulking agent), cellulose capsule (HPMC).RECOMMENDED USE: Take 1 capsule daily after a main meal, drinking plenty of water. Do not exceed the recommended daily serving for consumption. WARNINGS: This product must not be used by children, pregnant and nursing women. Do not use if you are allergic to any of the ingredients. The product may reduce the effectiveness of anti-inflammatory drugs. People with blood hypotension should consult a doctor for supplementation. The dietary supplement should not be used as a substitute (replacement) for a varied diet. Maintaining good health requires a varied diet and a healthy lifestyle. STORAGE CONDITIONS: Store in a dry place out of the reach of small children. Protect from direct sunlight.DAILY DOSE: 1 capsule.NET MASS: 21 gCOMPOSITION TABLE:ACTIVE INGREDIENTS 1 capsuleCoenzyme Q10 (Ubiquinone) 200 mgPRODUCER:7FIT Sp\u00f3\u0142ka Akcyjna,Stanowice 82a,55-200 O\u0142awa\" \/>\n<meta property=\"og:url\" content=\"https:\/\/www.muscle-madness.co.uk\/store\/product\/7nutrition-coenzyme-q10-60-caps\/\" \/>\n<meta property=\"og:site_name\" content=\"Muscle and Madness Supplement Store\" \/>\n<meta property=\"article:modified_time\" content=\"2025-02-18T13:10:50+00:00\" \/>\n<meta property=\"og:image\" content=\"https:\/\/www.muscle-madness.co.uk\/store\/wp-content\/uploads\/2025\/02\/7Nutrition-Coenzyme-Q10-60-caps.png\" \/>\n\t<meta property=\"og:image:width\" content=\"1080\" \/>\n\t<meta property=\"og:image:height\" content=\"1080\" \/>\n\t<meta property=\"og:image:type\" content=\"image\/png\" \/>\n<meta name=\"twitter:card\" content=\"summary_large_image\" \/>\n<meta name=\"twitter:label1\" content=\"Est. reading time\" \/>\n\t<meta name=\"twitter:data1\" content=\"1 minute\" \/>\n<script type=\"application\/ld+json\" class=\"yoast-schema-graph\">{\"@context\":\"https:\\\/\\\/schema.org\",\"@graph\":[{\"@type\":\"WebPage\",\"@id\":\"https:\\\/\\\/www.muscle-madness.co.uk\\\/store\\\/product\\\/7nutrition-coenzyme-q10-60-caps\\\/\",\"url\":\"https:\\\/\\\/www.muscle-madness.co.uk\\\/store\\\/product\\\/7nutrition-coenzyme-q10-60-caps\\\/\",\"name\":\"7Nutrition COENZYME Q10 60 caps - Muscle and Madness Supplement Store\",\"isPartOf\":{\"@id\":\"https:\\\/\\\/www.muscle-madness.co.uk\\\/store\\\/#website\"},\"primaryImageOfPage\":{\"@id\":\"https:\\\/\\\/www.muscle-madness.co.uk\\\/store\\\/product\\\/7nutrition-coenzyme-q10-60-caps\\\/#primaryimage\"},\"image\":{\"@id\":\"https:\\\/\\\/www.muscle-madness.co.uk\\\/store\\\/product\\\/7nutrition-coenzyme-q10-60-caps\\\/#primaryimage\"},\"thumbnailUrl\":\"https:\\\/\\\/www.muscle-madness.co.uk\\\/store\\\/wp-content\\\/uploads\\\/2025\\\/02\\\/7Nutrition-Coenzyme-Q10-60-caps.png\",\"datePublished\":\"2025-02-18T13:04:18+00:00\",\"dateModified\":\"2025-02-18T13:10:50+00:00\",\"description\":\"7Nutrition COENZYME Q10 60 vege caps. Dietary supplement. Beneficially affects the cardiovascular system. Increases the biosynthesis of hyaluronic acid. Has a protective effect on collagen. Supports the efficiency of the energy potential of muscles INGREDIENTS: Coenzyme Q10, Inulin (bulking agent), cellulose capsule (HPMC).RECOMMENDED USE: Take 1 capsule daily after a main meal, drinking plenty of water. Do not exceed the recommended daily serving for consumption. WARNINGS: This product must not be used by children, pregnant and nursing women. Do not use if you are allergic to any of the ingredients. The product may reduce the effectiveness of anti-inflammatory drugs. People with blood hypotension should consult a doctor for supplementation. The dietary supplement should not be used as a substitute (replacement) for a varied diet. Maintaining good health requires a varied diet and a healthy lifestyle. STORAGE CONDITIONS: Store in a dry place out of the reach of small children. Protect from direct sunlight.DAILY DOSE: 1 capsule.NET MASS: 21 gCOMPOSITION TABLE:ACTIVE INGREDIENTS 1 capsuleCoenzyme Q10 (Ubiquinone) 200 mgPRODUCER:7FIT Sp\u00f3\u0142ka Akcyjna,Stanowice 82a,55-200 O\u0142awa\",\"breadcrumb\":{\"@id\":\"https:\\\/\\\/www.muscle-madness.co.uk\\\/store\\\/product\\\/7nutrition-coenzyme-q10-60-caps\\\/#breadcrumb\"},\"inLanguage\":\"en-US\",\"potentialAction\":[{\"@type\":\"ReadAction\",\"target\":[\"https:\\\/\\\/www.muscle-madness.co.uk\\\/store\\\/product\\\/7nutrition-coenzyme-q10-60-caps\\\/\"]}]},{\"@type\":\"ImageObject\",\"inLanguage\":\"en-US\",\"@id\":\"https:\\\/\\\/www.muscle-madness.co.uk\\\/store\\\/product\\\/7nutrition-coenzyme-q10-60-caps\\\/#primaryimage\",\"url\":\"https:\\\/\\\/www.muscle-madness.co.uk\\\/store\\\/wp-content\\\/uploads\\\/2025\\\/02\\\/7Nutrition-Coenzyme-Q10-60-caps.png\",\"contentUrl\":\"https:\\\/\\\/www.muscle-madness.co.uk\\\/store\\\/wp-content\\\/uploads\\\/2025\\\/02\\\/7Nutrition-Coenzyme-Q10-60-caps.png\",\"width\":1080,\"height\":1080,\"caption\":\"7Nutrition Coenzyme Q10 60 caps\"},{\"@type\":\"BreadcrumbList\",\"@id\":\"https:\\\/\\\/www.muscle-madness.co.uk\\\/store\\\/product\\\/7nutrition-coenzyme-q10-60-caps\\\/#breadcrumb\",\"itemListElement\":[{\"@type\":\"ListItem\",\"position\":1,\"name\":\"Home\",\"item\":\"https:\\\/\\\/www.muscle-madness.co.uk\\\/store\\\/\"},{\"@type\":\"ListItem\",\"position\":2,\"name\":\"Shop\",\"item\":\"https:\\\/\\\/www.muscle-madness.co.uk\\\/store\\\/shop-2\\\/\"},{\"@type\":\"ListItem\",\"position\":3,\"name\":\"7Nutrition COENZYME Q10 60 caps\"}]},{\"@type\":\"WebSite\",\"@id\":\"https:\\\/\\\/www.muscle-madness.co.uk\\\/store\\\/#website\",\"url\":\"https:\\\/\\\/www.muscle-madness.co.uk\\\/store\\\/\",\"name\":\"Muscle and Madness Supplement Store\",\"description\":\"Suplement Store\",\"potentialAction\":[{\"@type\":\"SearchAction\",\"target\":{\"@type\":\"EntryPoint\",\"urlTemplate\":\"https:\\\/\\\/www.muscle-madness.co.uk\\\/store\\\/?s={search_term_string}\"},\"query-input\":{\"@type\":\"PropertyValueSpecification\",\"valueRequired\":true,\"valueName\":\"search_term_string\"}}],\"inLanguage\":\"en-US\"}]}<\/script>\n<!-- \/ Yoast SEO plugin. -->","yoast_head_json":{"title":"7Nutrition COENZYME Q10 60 caps - Muscle and Madness Supplement Store","description":"7Nutrition COENZYME Q10 60 vege caps. Dietary supplement. Beneficially affects the cardiovascular system. Increases the biosynthesis of hyaluronic acid. Has a protective effect on collagen. Supports the efficiency of the energy potential of muscles INGREDIENTS: Coenzyme Q10, Inulin (bulking agent), cellulose capsule (HPMC).RECOMMENDED USE: Take 1 capsule daily after a main meal, drinking plenty of water. Do not exceed the recommended daily serving for consumption. WARNINGS: This product must not be used by children, pregnant and nursing women. Do not use if you are allergic to any of the ingredients. The product may reduce the effectiveness of anti-inflammatory drugs. People with blood hypotension should consult a doctor for supplementation. The dietary supplement should not be used as a substitute (replacement) for a varied diet. Maintaining good health requires a varied diet and a healthy lifestyle. STORAGE CONDITIONS: Store in a dry place out of the reach of small children. Protect from direct sunlight.DAILY DOSE: 1 capsule.NET MASS: 21 gCOMPOSITION TABLE:ACTIVE INGREDIENTS 1 capsuleCoenzyme Q10 (Ubiquinone) 200 mgPRODUCER:7FIT Sp\u00f3\u0142ka Akcyjna,Stanowice 82a,55-200 O\u0142awa","robots":{"index":"index","follow":"follow","max-snippet":"max-snippet:-1","max-image-preview":"max-image-preview:large","max-video-preview":"max-video-preview:-1"},"canonical":"https:\/\/www.muscle-madness.co.uk\/store\/product\/7nutrition-coenzyme-q10-60-caps\/","og_locale":"en_US","og_type":"article","og_title":"7Nutrition COENZYME Q10 60 caps - Muscle and Madness Supplement Store","og_description":"7Nutrition COENZYME Q10 60 vege caps. Dietary supplement. Beneficially affects the cardiovascular system. Increases the biosynthesis of hyaluronic acid. Has a protective effect on collagen. Supports the efficiency of the energy potential of muscles INGREDIENTS: Coenzyme Q10, Inulin (bulking agent), cellulose capsule (HPMC).RECOMMENDED USE: Take 1 capsule daily after a main meal, drinking plenty of water. Do not exceed the recommended daily serving for consumption. WARNINGS: This product must not be used by children, pregnant and nursing women. Do not use if you are allergic to any of the ingredients. The product may reduce the effectiveness of anti-inflammatory drugs. People with blood hypotension should consult a doctor for supplementation. The dietary supplement should not be used as a substitute (replacement) for a varied diet. Maintaining good health requires a varied diet and a healthy lifestyle. STORAGE CONDITIONS: Store in a dry place out of the reach of small children. Protect from direct sunlight.DAILY DOSE: 1 capsule.NET MASS: 21 gCOMPOSITION TABLE:ACTIVE INGREDIENTS 1 capsuleCoenzyme Q10 (Ubiquinone) 200 mgPRODUCER:7FIT Sp\u00f3\u0142ka Akcyjna,Stanowice 82a,55-200 O\u0142awa","og_url":"https:\/\/www.muscle-madness.co.uk\/store\/product\/7nutrition-coenzyme-q10-60-caps\/","og_site_name":"Muscle and Madness Supplement Store","article_modified_time":"2025-02-18T13:10:50+00:00","og_image":[{"width":1080,"height":1080,"url":"https:\/\/www.muscle-madness.co.uk\/store\/wp-content\/uploads\/2025\/02\/7Nutrition-Coenzyme-Q10-60-caps.png","type":"image\/png"}],"twitter_card":"summary_large_image","twitter_misc":{"Est. reading time":"1 minute"},"schema":{"@context":"https:\/\/schema.org","@graph":[{"@type":"WebPage","@id":"https:\/\/www.muscle-madness.co.uk\/store\/product\/7nutrition-coenzyme-q10-60-caps\/","url":"https:\/\/www.muscle-madness.co.uk\/store\/product\/7nutrition-coenzyme-q10-60-caps\/","name":"7Nutrition COENZYME Q10 60 caps - Muscle and Madness Supplement Store","isPartOf":{"@id":"https:\/\/www.muscle-madness.co.uk\/store\/#website"},"primaryImageOfPage":{"@id":"https:\/\/www.muscle-madness.co.uk\/store\/product\/7nutrition-coenzyme-q10-60-caps\/#primaryimage"},"image":{"@id":"https:\/\/www.muscle-madness.co.uk\/store\/product\/7nutrition-coenzyme-q10-60-caps\/#primaryimage"},"thumbnailUrl":"https:\/\/www.muscle-madness.co.uk\/store\/wp-content\/uploads\/2025\/02\/7Nutrition-Coenzyme-Q10-60-caps.png","datePublished":"2025-02-18T13:04:18+00:00","dateModified":"2025-02-18T13:10:50+00:00","description":"7Nutrition COENZYME Q10 60 vege caps. Dietary supplement. Beneficially affects the cardiovascular system. Increases the biosynthesis of hyaluronic acid. Has a protective effect on collagen. Supports the efficiency of the energy potential of muscles INGREDIENTS: Coenzyme Q10, Inulin (bulking agent), cellulose capsule (HPMC).RECOMMENDED USE: Take 1 capsule daily after a main meal, drinking plenty of water. Do not exceed the recommended daily serving for consumption. WARNINGS: This product must not be used by children, pregnant and nursing women. Do not use if you are allergic to any of the ingredients. The product may reduce the effectiveness of anti-inflammatory drugs. People with blood hypotension should consult a doctor for supplementation. The dietary supplement should not be used as a substitute (replacement) for a varied diet. Maintaining good health requires a varied diet and a healthy lifestyle. STORAGE CONDITIONS: Store in a dry place out of the reach of small children. Protect from direct sunlight.DAILY DOSE: 1 capsule.NET MASS: 21 gCOMPOSITION TABLE:ACTIVE INGREDIENTS 1 capsuleCoenzyme Q10 (Ubiquinone) 200 mgPRODUCER:7FIT Sp\u00f3\u0142ka Akcyjna,Stanowice 82a,55-200 O\u0142awa","breadcrumb":{"@id":"https:\/\/www.muscle-madness.co.uk\/store\/product\/7nutrition-coenzyme-q10-60-caps\/#breadcrumb"},"inLanguage":"en-US","potentialAction":[{"@type":"ReadAction","target":["https:\/\/www.muscle-madness.co.uk\/store\/product\/7nutrition-coenzyme-q10-60-caps\/"]}]},{"@type":"ImageObject","inLanguage":"en-US","@id":"https:\/\/www.muscle-madness.co.uk\/store\/product\/7nutrition-coenzyme-q10-60-caps\/#primaryimage","url":"https:\/\/www.muscle-madness.co.uk\/store\/wp-content\/uploads\/2025\/02\/7Nutrition-Coenzyme-Q10-60-caps.png","contentUrl":"https:\/\/www.muscle-madness.co.uk\/store\/wp-content\/uploads\/2025\/02\/7Nutrition-Coenzyme-Q10-60-caps.png","width":1080,"height":1080,"caption":"7Nutrition Coenzyme Q10 60 caps"},{"@type":"BreadcrumbList","@id":"https:\/\/www.muscle-madness.co.uk\/store\/product\/7nutrition-coenzyme-q10-60-caps\/#breadcrumb","itemListElement":[{"@type":"ListItem","position":1,"name":"Home","item":"https:\/\/www.muscle-madness.co.uk\/store\/"},{"@type":"ListItem","position":2,"name":"Shop","item":"https:\/\/www.muscle-madness.co.uk\/store\/shop-2\/"},{"@type":"ListItem","position":3,"name":"7Nutrition COENZYME Q10 60 caps"}]},{"@type":"WebSite","@id":"https:\/\/www.muscle-madness.co.uk\/store\/#website","url":"https:\/\/www.muscle-madness.co.uk\/store\/","name":"Muscle and Madness Supplement Store","description":"Suplement Store","potentialAction":[{"@type":"SearchAction","target":{"@type":"EntryPoint","urlTemplate":"https:\/\/www.muscle-madness.co.uk\/store\/?s={search_term_string}"},"query-input":{"@type":"PropertyValueSpecification","valueRequired":true,"valueName":"search_term_string"}}],"inLanguage":"en-US"}]}},"jetpack_sharing_enabled":true,"_links":{"self":[{"href":"https:\/\/www.muscle-madness.co.uk\/store\/wp-json\/wp\/v2\/product\/1922","targetHints":{"allow":["GET"]}}],"collection":[{"href":"https:\/\/www.muscle-madness.co.uk\/store\/wp-json\/wp\/v2\/product"}],"about":[{"href":"https:\/\/www.muscle-madness.co.uk\/store\/wp-json\/wp\/v2\/types\/product"}],"replies":[{"embeddable":true,"href":"https:\/\/www.muscle-madness.co.uk\/store\/wp-json\/wp\/v2\/comments?post=1922"}],"wp:featuredmedia":[{"embeddable":true,"href":"https:\/\/www.muscle-madness.co.uk\/store\/wp-json\/wp\/v2\/media\/1923"}],"wp:attachment":[{"href":"https:\/\/www.muscle-madness.co.uk\/store\/wp-json\/wp\/v2\/media?parent=1922"}],"wp:term":[{"taxonomy":"product_brand","embeddable":true,"href":"https:\/\/www.muscle-madness.co.uk\/store\/wp-json\/wp\/v2\/product_brand?post=1922"},{"taxonomy":"product_cat","embeddable":true,"href":"https:\/\/www.muscle-madness.co.uk\/store\/wp-json\/wp\/v2\/product_cat?post=1922"},{"taxonomy":"product_tag","embeddable":true,"href":"https:\/\/www.muscle-madness.co.uk\/store\/wp-json\/wp\/v2\/product_tag?post=1922"}],"curies":[{"name":"wp","href":"https:\/\/api.w.org\/{rel}","templated":true}]}}