{"id":1920,"date":"2025-02-18T12:39:53","date_gmt":"2025-02-18T12:39:53","guid":{"rendered":"https:\/\/www.muscle-madness.co.uk\/store\/?post_type=product&#038;p=1920"},"modified":"2025-02-18T12:57:58","modified_gmt":"2025-02-18T12:57:58","slug":"7nutrition-lactoferrin-60-caps","status":"publish","type":"product","link":"https:\/\/www.muscle-madness.co.uk\/store\/product\/7nutrition-lactoferrin-60-caps\/","title":{"rendered":"7Nutrition LACTOFERRIN 60 caps"},"content":{"rendered":"<p><strong>7Nutrition LACTOFERRIN 60 caps. Food supplement.<\/strong><\/p>\n<p>A naturally occurring protein that has a very strong antibacterial effect and supports the immune system. Has antioxidant properties. Supports the immune system as an antioxidant. Has a beneficial effect on the skin, hair and nails and the condition of the intestinal bacterial microflora.<\/p>\n<p><strong>INGREDIENTS:<\/strong> Lactoferrin; Vitamin C; Inulin &#8211; bulking agent; gelatine capsule.<\/p>\n<p><strong>RECOMMENDED USE:<\/strong>\u00a0Take 1 capsule a day. The recommended daily ration should not be exceeded.<\/p>\n<p><strong>WARNINGS:<\/strong>\u00a0The product must not be used by children, pregnant or lactating women. Do not use if you are allergic to any of the ingredients. Food supplements should not be used as a substitute for a varied diet. Maintaining good health requires varied nutrition and a healthy lifestyles.<\/p>\n<p><strong>STORAGE:<\/strong>\u00a0Store in a dry and cool place, away from small children. Protect against direct sunlight.<\/p>\n<p><strong>DAILY PORTION:<\/strong>\u00a01 capsule.<\/p>\n<p><strong>NET WEIGHT:<\/strong>\u00a027 g<\/p>\n<p><strong>NUTRITION FACTS:<\/strong><\/p>\n<table class=\"tab-table\">\n<tbody>\n<tr>\n<td width=\"350\"><strong>ACTIVE INGREDIENTS<\/strong><\/td>\n<td><strong>1 capsule\u00a0<\/strong><\/td>\n<\/tr>\n<tr>\n<td>Lactoferrin<\/p>\n<p>Vitamin C<\/td>\n<td>\u00a0100 mg<\/p>\n<p>40 mg(50%*)<\/td>\n<\/tr>\n<\/tbody>\n<\/table>\n<p class=\"tab-table\">*DRI &#8211; Daily Reference Intake<\/p>\n<p><strong>PRODUCER:<br \/>\n<\/strong><\/p>\n<p>7FIT Sp\u00f3\u0142ka Akcyjna<\/p>\n<p>Stanowice 82A<\/p>\n<div>\n<div class=\"vk_sh vk_bk\">55-200 O\u0142awa<\/div>\n<\/div>\n","protected":false},"excerpt":{"rendered":"<p><strong>7Nutrition LACTOFERRIN 60 caps. Food supplement.<\/strong><\/p>\n<p>A naturally occurring protein that has a very strong antibacterial effect and supports the immune system. Has antioxidant properties. Supports the immune system as an antioxidant. Has a beneficial effect on the skin, hair and nails and the condition of the intestinal bacterial microflora.<\/p>\n<p><strong>INGREDIENTS:<\/strong> Lactoferrin; Vitamin C; Inulin &#8211; bulking agent; gelatine capsule<\/p>\n","protected":false},"featured_media":1921,"comment_status":"open","ping_status":"closed","template":"","meta":[],"product_brand":[],"product_cat":[155,143,87],"product_tag":[329,290,327,233,263,326,328,267,146],"class_list":{"0":"post-1920","1":"product","2":"type-product","3":"status-publish","4":"has-post-thumbnail","6":"product_cat-7nutrition","7":"product_cat-new-arrivals","8":"product_cat-supplements","9":"product_tag-antibacterial","10":"product_tag-antioxidant","11":"product_tag-hair","12":"product_tag-health","13":"product_tag-immune-system","14":"product_tag-lactoferrin","15":"product_tag-nails","16":"product_tag-skin","17":"product_tag-supplement","19":"first","20":"instock","21":"shipping-taxable","22":"purchasable","23":"product-type-simple"},"yoast_head":"<!-- This site is optimized with the Yoast SEO plugin v27.2 - https:\/\/yoast.com\/product\/yoast-seo-wordpress\/ -->\n<title>7Nutrition LACTOFERRIN 60 caps - Muscle and Madness Supplement Store<\/title>\n<meta name=\"description\" content=\"7Nutrition LACTOFERRIN 60 caps. Food supplement. A naturally occurring protein that has a very strong antibacterial effect and supports the immune system. Has antioxidant properties. Supports the immune system as an antioxidant. Has a beneficial effect on the skin, hair and nails and the condition of the intestinal bacterial microflora. INGREDIENTS: Lactoferrin; Vitamin C; Inulin - bulking agent; gelatine capsule. RECOMMENDED USE:\u00a0Take 1 capsule a day. The recommended daily ration should not be exceeded. WARNINGS:\u00a0The product must not be used by children, pregnant or lactating women. Do not use if you are allergic to any of the ingredients. Food supplements should not be used as a substitute for a varied diet. Maintaining good health requires varied nutrition and a healthy lifestyles. STORAGE:\u00a0Store in a dry and cool place, away from small children. Protect against direct sunlight. DAILY PORTION:\u00a01 capsule.NET WEIGHT:\u00a027 g NUTRITION FACTS:ACTIVE INGREDIENTS 1 capsule\u00a0Lactoferrin Vitamin C \u00a0100 mg40 mg(50%*)*DRI - Daily Reference IntakePRODUCER:7FIT Sp\u00f3\u0142ka Akcyjna Stanowice 82A 55-200 O\u0142awa\" \/>\n<meta name=\"robots\" content=\"index, follow, max-snippet:-1, max-image-preview:large, max-video-preview:-1\" \/>\n<link rel=\"canonical\" href=\"https:\/\/www.muscle-madness.co.uk\/store\/product\/7nutrition-lactoferrin-60-caps\/\" \/>\n<meta property=\"og:locale\" content=\"en_US\" \/>\n<meta property=\"og:type\" content=\"article\" \/>\n<meta property=\"og:title\" content=\"7Nutrition LACTOFERRIN 60 caps - Muscle and Madness Supplement Store\" \/>\n<meta property=\"og:description\" content=\"7Nutrition LACTOFERRIN 60 caps. Food supplement. A naturally occurring protein that has a very strong antibacterial effect and supports the immune system. Has antioxidant properties. Supports the immune system as an antioxidant. Has a beneficial effect on the skin, hair and nails and the condition of the intestinal bacterial microflora. INGREDIENTS: Lactoferrin; Vitamin C; Inulin - bulking agent; gelatine capsule. RECOMMENDED USE:\u00a0Take 1 capsule a day. The recommended daily ration should not be exceeded. WARNINGS:\u00a0The product must not be used by children, pregnant or lactating women. Do not use if you are allergic to any of the ingredients. Food supplements should not be used as a substitute for a varied diet. Maintaining good health requires varied nutrition and a healthy lifestyles. STORAGE:\u00a0Store in a dry and cool place, away from small children. Protect against direct sunlight. DAILY PORTION:\u00a01 capsule.NET WEIGHT:\u00a027 g NUTRITION FACTS:ACTIVE INGREDIENTS 1 capsule\u00a0Lactoferrin Vitamin C \u00a0100 mg40 mg(50%*)*DRI - Daily Reference IntakePRODUCER:7FIT Sp\u00f3\u0142ka Akcyjna Stanowice 82A 55-200 O\u0142awa\" \/>\n<meta property=\"og:url\" content=\"https:\/\/www.muscle-madness.co.uk\/store\/product\/7nutrition-lactoferrin-60-caps\/\" \/>\n<meta property=\"og:site_name\" content=\"Muscle and Madness Supplement Store\" \/>\n<meta property=\"article:modified_time\" content=\"2025-02-18T12:57:58+00:00\" \/>\n<meta property=\"og:image\" content=\"https:\/\/www.muscle-madness.co.uk\/store\/wp-content\/uploads\/2025\/02\/7Nutrition-Lactoferrin-60-caps.png\" \/>\n\t<meta property=\"og:image:width\" content=\"1080\" \/>\n\t<meta property=\"og:image:height\" content=\"1080\" \/>\n\t<meta property=\"og:image:type\" content=\"image\/png\" \/>\n<meta name=\"twitter:card\" content=\"summary_large_image\" \/>\n<meta name=\"twitter:label1\" content=\"Est. reading time\" \/>\n\t<meta name=\"twitter:data1\" content=\"1 minute\" \/>\n<script type=\"application\/ld+json\" class=\"yoast-schema-graph\">{\"@context\":\"https:\/\/schema.org\",\"@graph\":[{\"@type\":\"WebPage\",\"@id\":\"https:\/\/www.muscle-madness.co.uk\/store\/product\/7nutrition-lactoferrin-60-caps\/\",\"url\":\"https:\/\/www.muscle-madness.co.uk\/store\/product\/7nutrition-lactoferrin-60-caps\/\",\"name\":\"7Nutrition LACTOFERRIN 60 caps - Muscle and Madness Supplement Store\",\"isPartOf\":{\"@id\":\"https:\/\/www.muscle-madness.co.uk\/store\/#website\"},\"primaryImageOfPage\":{\"@id\":\"https:\/\/www.muscle-madness.co.uk\/store\/product\/7nutrition-lactoferrin-60-caps\/#primaryimage\"},\"image\":{\"@id\":\"https:\/\/www.muscle-madness.co.uk\/store\/product\/7nutrition-lactoferrin-60-caps\/#primaryimage\"},\"thumbnailUrl\":\"https:\/\/www.muscle-madness.co.uk\/store\/wp-content\/uploads\/2025\/02\/7Nutrition-Lactoferrin-60-caps.png\",\"datePublished\":\"2025-02-18T12:39:53+00:00\",\"dateModified\":\"2025-02-18T12:57:58+00:00\",\"description\":\"7Nutrition LACTOFERRIN 60 caps. Food supplement. A naturally occurring protein that has a very strong antibacterial effect and supports the immune system. Has antioxidant properties. Supports the immune system as an antioxidant. Has a beneficial effect on the skin, hair and nails and the condition of the intestinal bacterial microflora. INGREDIENTS: Lactoferrin; Vitamin C; Inulin - bulking agent; gelatine capsule. RECOMMENDED USE:\u00a0Take 1 capsule a day. The recommended daily ration should not be exceeded. WARNINGS:\u00a0The product must not be used by children, pregnant or lactating women. Do not use if you are allergic to any of the ingredients. Food supplements should not be used as a substitute for a varied diet. Maintaining good health requires varied nutrition and a healthy lifestyles. STORAGE:\u00a0Store in a dry and cool place, away from small children. Protect against direct sunlight. DAILY PORTION:\u00a01 capsule.NET WEIGHT:\u00a027 g NUTRITION FACTS:ACTIVE INGREDIENTS 1 capsule\u00a0Lactoferrin Vitamin C \u00a0100 mg40 mg(50%*)*DRI - Daily Reference IntakePRODUCER:7FIT Sp\u00f3\u0142ka Akcyjna Stanowice 82A 55-200 O\u0142awa\",\"breadcrumb\":{\"@id\":\"https:\/\/www.muscle-madness.co.uk\/store\/product\/7nutrition-lactoferrin-60-caps\/#breadcrumb\"},\"inLanguage\":\"en-US\",\"potentialAction\":[{\"@type\":\"ReadAction\",\"target\":[\"https:\/\/www.muscle-madness.co.uk\/store\/product\/7nutrition-lactoferrin-60-caps\/\"]}]},{\"@type\":\"ImageObject\",\"inLanguage\":\"en-US\",\"@id\":\"https:\/\/www.muscle-madness.co.uk\/store\/product\/7nutrition-lactoferrin-60-caps\/#primaryimage\",\"url\":\"https:\/\/www.muscle-madness.co.uk\/store\/wp-content\/uploads\/2025\/02\/7Nutrition-Lactoferrin-60-caps.png\",\"contentUrl\":\"https:\/\/www.muscle-madness.co.uk\/store\/wp-content\/uploads\/2025\/02\/7Nutrition-Lactoferrin-60-caps.png\",\"width\":1080,\"height\":1080,\"caption\":\"7Nutrition Lactoferrin 60 caps\"},{\"@type\":\"BreadcrumbList\",\"@id\":\"https:\/\/www.muscle-madness.co.uk\/store\/product\/7nutrition-lactoferrin-60-caps\/#breadcrumb\",\"itemListElement\":[{\"@type\":\"ListItem\",\"position\":1,\"name\":\"Home\",\"item\":\"https:\/\/www.muscle-madness.co.uk\/store\/\"},{\"@type\":\"ListItem\",\"position\":2,\"name\":\"Shop\",\"item\":\"https:\/\/www.muscle-madness.co.uk\/store\/shop-2\/\"},{\"@type\":\"ListItem\",\"position\":3,\"name\":\"7Nutrition LACTOFERRIN 60 caps\"}]},{\"@type\":\"WebSite\",\"@id\":\"https:\/\/www.muscle-madness.co.uk\/store\/#website\",\"url\":\"https:\/\/www.muscle-madness.co.uk\/store\/\",\"name\":\"Muscle and Madness Supplement Store\",\"description\":\"Suplement Store\",\"potentialAction\":[{\"@type\":\"SearchAction\",\"target\":{\"@type\":\"EntryPoint\",\"urlTemplate\":\"https:\/\/www.muscle-madness.co.uk\/store\/?s={search_term_string}\"},\"query-input\":{\"@type\":\"PropertyValueSpecification\",\"valueRequired\":true,\"valueName\":\"search_term_string\"}}],\"inLanguage\":\"en-US\"}]}<\/script>\n<!-- \/ Yoast SEO plugin. -->","yoast_head_json":{"title":"7Nutrition LACTOFERRIN 60 caps - Muscle and Madness Supplement Store","description":"7Nutrition LACTOFERRIN 60 caps. Food supplement. A naturally occurring protein that has a very strong antibacterial effect and supports the immune system. Has antioxidant properties. Supports the immune system as an antioxidant. Has a beneficial effect on the skin, hair and nails and the condition of the intestinal bacterial microflora. INGREDIENTS: Lactoferrin; Vitamin C; Inulin - bulking agent; gelatine capsule. RECOMMENDED USE:\u00a0Take 1 capsule a day. The recommended daily ration should not be exceeded. WARNINGS:\u00a0The product must not be used by children, pregnant or lactating women. Do not use if you are allergic to any of the ingredients. Food supplements should not be used as a substitute for a varied diet. Maintaining good health requires varied nutrition and a healthy lifestyles. STORAGE:\u00a0Store in a dry and cool place, away from small children. Protect against direct sunlight. DAILY PORTION:\u00a01 capsule.NET WEIGHT:\u00a027 g NUTRITION FACTS:ACTIVE INGREDIENTS 1 capsule\u00a0Lactoferrin Vitamin C \u00a0100 mg40 mg(50%*)*DRI - Daily Reference IntakePRODUCER:7FIT Sp\u00f3\u0142ka Akcyjna Stanowice 82A 55-200 O\u0142awa","robots":{"index":"index","follow":"follow","max-snippet":"max-snippet:-1","max-image-preview":"max-image-preview:large","max-video-preview":"max-video-preview:-1"},"canonical":"https:\/\/www.muscle-madness.co.uk\/store\/product\/7nutrition-lactoferrin-60-caps\/","og_locale":"en_US","og_type":"article","og_title":"7Nutrition LACTOFERRIN 60 caps - Muscle and Madness Supplement Store","og_description":"7Nutrition LACTOFERRIN 60 caps. Food supplement. A naturally occurring protein that has a very strong antibacterial effect and supports the immune system. Has antioxidant properties. Supports the immune system as an antioxidant. Has a beneficial effect on the skin, hair and nails and the condition of the intestinal bacterial microflora. INGREDIENTS: Lactoferrin; Vitamin C; Inulin - bulking agent; gelatine capsule. RECOMMENDED USE:\u00a0Take 1 capsule a day. The recommended daily ration should not be exceeded. WARNINGS:\u00a0The product must not be used by children, pregnant or lactating women. Do not use if you are allergic to any of the ingredients. Food supplements should not be used as a substitute for a varied diet. Maintaining good health requires varied nutrition and a healthy lifestyles. STORAGE:\u00a0Store in a dry and cool place, away from small children. Protect against direct sunlight. DAILY PORTION:\u00a01 capsule.NET WEIGHT:\u00a027 g NUTRITION FACTS:ACTIVE INGREDIENTS 1 capsule\u00a0Lactoferrin Vitamin C \u00a0100 mg40 mg(50%*)*DRI - Daily Reference IntakePRODUCER:7FIT Sp\u00f3\u0142ka Akcyjna Stanowice 82A 55-200 O\u0142awa","og_url":"https:\/\/www.muscle-madness.co.uk\/store\/product\/7nutrition-lactoferrin-60-caps\/","og_site_name":"Muscle and Madness Supplement Store","article_modified_time":"2025-02-18T12:57:58+00:00","og_image":[{"width":1080,"height":1080,"url":"https:\/\/www.muscle-madness.co.uk\/store\/wp-content\/uploads\/2025\/02\/7Nutrition-Lactoferrin-60-caps.png","type":"image\/png"}],"twitter_card":"summary_large_image","twitter_misc":{"Est. reading time":"1 minute"},"schema":{"@context":"https:\/\/schema.org","@graph":[{"@type":"WebPage","@id":"https:\/\/www.muscle-madness.co.uk\/store\/product\/7nutrition-lactoferrin-60-caps\/","url":"https:\/\/www.muscle-madness.co.uk\/store\/product\/7nutrition-lactoferrin-60-caps\/","name":"7Nutrition LACTOFERRIN 60 caps - Muscle and Madness Supplement Store","isPartOf":{"@id":"https:\/\/www.muscle-madness.co.uk\/store\/#website"},"primaryImageOfPage":{"@id":"https:\/\/www.muscle-madness.co.uk\/store\/product\/7nutrition-lactoferrin-60-caps\/#primaryimage"},"image":{"@id":"https:\/\/www.muscle-madness.co.uk\/store\/product\/7nutrition-lactoferrin-60-caps\/#primaryimage"},"thumbnailUrl":"https:\/\/www.muscle-madness.co.uk\/store\/wp-content\/uploads\/2025\/02\/7Nutrition-Lactoferrin-60-caps.png","datePublished":"2025-02-18T12:39:53+00:00","dateModified":"2025-02-18T12:57:58+00:00","description":"7Nutrition LACTOFERRIN 60 caps. Food supplement. A naturally occurring protein that has a very strong antibacterial effect and supports the immune system. Has antioxidant properties. Supports the immune system as an antioxidant. Has a beneficial effect on the skin, hair and nails and the condition of the intestinal bacterial microflora. INGREDIENTS: Lactoferrin; Vitamin C; Inulin - bulking agent; gelatine capsule. RECOMMENDED USE:\u00a0Take 1 capsule a day. The recommended daily ration should not be exceeded. WARNINGS:\u00a0The product must not be used by children, pregnant or lactating women. Do not use if you are allergic to any of the ingredients. Food supplements should not be used as a substitute for a varied diet. Maintaining good health requires varied nutrition and a healthy lifestyles. STORAGE:\u00a0Store in a dry and cool place, away from small children. Protect against direct sunlight. DAILY PORTION:\u00a01 capsule.NET WEIGHT:\u00a027 g NUTRITION FACTS:ACTIVE INGREDIENTS 1 capsule\u00a0Lactoferrin Vitamin C \u00a0100 mg40 mg(50%*)*DRI - Daily Reference IntakePRODUCER:7FIT Sp\u00f3\u0142ka Akcyjna Stanowice 82A 55-200 O\u0142awa","breadcrumb":{"@id":"https:\/\/www.muscle-madness.co.uk\/store\/product\/7nutrition-lactoferrin-60-caps\/#breadcrumb"},"inLanguage":"en-US","potentialAction":[{"@type":"ReadAction","target":["https:\/\/www.muscle-madness.co.uk\/store\/product\/7nutrition-lactoferrin-60-caps\/"]}]},{"@type":"ImageObject","inLanguage":"en-US","@id":"https:\/\/www.muscle-madness.co.uk\/store\/product\/7nutrition-lactoferrin-60-caps\/#primaryimage","url":"https:\/\/www.muscle-madness.co.uk\/store\/wp-content\/uploads\/2025\/02\/7Nutrition-Lactoferrin-60-caps.png","contentUrl":"https:\/\/www.muscle-madness.co.uk\/store\/wp-content\/uploads\/2025\/02\/7Nutrition-Lactoferrin-60-caps.png","width":1080,"height":1080,"caption":"7Nutrition Lactoferrin 60 caps"},{"@type":"BreadcrumbList","@id":"https:\/\/www.muscle-madness.co.uk\/store\/product\/7nutrition-lactoferrin-60-caps\/#breadcrumb","itemListElement":[{"@type":"ListItem","position":1,"name":"Home","item":"https:\/\/www.muscle-madness.co.uk\/store\/"},{"@type":"ListItem","position":2,"name":"Shop","item":"https:\/\/www.muscle-madness.co.uk\/store\/shop-2\/"},{"@type":"ListItem","position":3,"name":"7Nutrition LACTOFERRIN 60 caps"}]},{"@type":"WebSite","@id":"https:\/\/www.muscle-madness.co.uk\/store\/#website","url":"https:\/\/www.muscle-madness.co.uk\/store\/","name":"Muscle and Madness Supplement Store","description":"Suplement Store","potentialAction":[{"@type":"SearchAction","target":{"@type":"EntryPoint","urlTemplate":"https:\/\/www.muscle-madness.co.uk\/store\/?s={search_term_string}"},"query-input":{"@type":"PropertyValueSpecification","valueRequired":true,"valueName":"search_term_string"}}],"inLanguage":"en-US"}]}},"jetpack_sharing_enabled":true,"_links":{"self":[{"href":"https:\/\/www.muscle-madness.co.uk\/store\/wp-json\/wp\/v2\/product\/1920","targetHints":{"allow":["GET"]}}],"collection":[{"href":"https:\/\/www.muscle-madness.co.uk\/store\/wp-json\/wp\/v2\/product"}],"about":[{"href":"https:\/\/www.muscle-madness.co.uk\/store\/wp-json\/wp\/v2\/types\/product"}],"replies":[{"embeddable":true,"href":"https:\/\/www.muscle-madness.co.uk\/store\/wp-json\/wp\/v2\/comments?post=1920"}],"wp:featuredmedia":[{"embeddable":true,"href":"https:\/\/www.muscle-madness.co.uk\/store\/wp-json\/wp\/v2\/media\/1921"}],"wp:attachment":[{"href":"https:\/\/www.muscle-madness.co.uk\/store\/wp-json\/wp\/v2\/media?parent=1920"}],"wp:term":[{"taxonomy":"product_brand","embeddable":true,"href":"https:\/\/www.muscle-madness.co.uk\/store\/wp-json\/wp\/v2\/product_brand?post=1920"},{"taxonomy":"product_cat","embeddable":true,"href":"https:\/\/www.muscle-madness.co.uk\/store\/wp-json\/wp\/v2\/product_cat?post=1920"},{"taxonomy":"product_tag","embeddable":true,"href":"https:\/\/www.muscle-madness.co.uk\/store\/wp-json\/wp\/v2\/product_tag?post=1920"}],"curies":[{"name":"wp","href":"https:\/\/api.w.org\/{rel}","templated":true}]}}