{"id":1909,"date":"2025-02-17T17:41:59","date_gmt":"2025-02-17T17:41:59","guid":{"rendered":"https:\/\/www.muscle-madness.co.uk\/store\/?post_type=product&#038;p=1909"},"modified":"2025-12-04T17:35:04","modified_gmt":"2025-12-04T17:35:04","slug":"7nutrition-magnesium-taurate-120-vege-caps","status":"publish","type":"product","link":"https:\/\/www.muscle-madness.co.uk\/store\/product\/7nutrition-magnesium-taurate-120-vege-caps\/","title":{"rendered":"7Nutrition Magnesium Taurate 120 vege caps"},"content":{"rendered":"<p><strong>7Nutrition MAGNESIUM TAURATE 120 vege caps. Food supplement.<\/strong><\/p>\n<p>A combination of magnesium and the amino acid &#8211; taurine, which is highly bioavailable. Supports the functioning of the cardiovascular system. It helps maintain proper blood pressure, regulates the heart rhythm and supports the condition of blood vessels. It improves the body&#8217;s performance during training.<\/p>\n<p><strong>INGREDIENTS:<\/strong>\u00a0Magnesium Taurate; Vitamin B6 P5P (Pirydoxal-5-Phosphate), cellolose capsule (HPMC).<\/p>\n<p><strong>RECOMMENDED USE:<\/strong>\u00a0Take 1 capsule per day after the main meal with plenty of water. The recommended daily ration should not be exceeded.<\/p>\n<p><strong>WARNINGS:<\/strong>\u00a0The product must not be used by children, pregnant or lactating women. Do not use if you are allergic to any of the ingredients. Food supplements should not be used as a substitute for a varied diet. Maintaining good health requires varied nutrition and a healthy lifestyles.<\/p>\n<p><strong>STORAGE:<\/strong>\u00a0Store in a dry and cool place, away from small children. Protect against direct sunlight.<\/p>\n<p><strong>DAILY PORTION:<\/strong>\u00a01 capsule<\/p>\n<p><strong>NET WEIGHT:<\/strong>\u00a0147 g<\/p>\n<p><strong>NUTRITION FACTS:<\/strong><\/p>\n<table class=\"tab-table\">\n<tbody>\n<tr>\n<td><strong>ACTIVE INGREDIENTS<\/strong><\/td>\n<td><strong>1 capsule<\/strong><\/td>\n<\/tr>\n<tr>\n<td>Magnesium Taurate<\/p>\n<p>of which Magnesium<\/td>\n<td>736 mg<\/p>\n<p>146 mg (39%*)<\/td>\n<\/tr>\n<tr>\n<td>Vitamin B6 P5P (Pirydoxal-5-Phosphate)<\/td>\n<td>5 mg (357%*)<\/td>\n<\/tr>\n<\/tbody>\n<\/table>\n<p class=\"tab-table\">*DRI &#8211; Daily Reference Intake<\/p>\n<p class=\"tab-table\"><strong>PRODUCER:<\/strong><\/p>\n<p class=\"tab-table\">7FIT Sp\u00f3\u0142ka Akcyjna,<\/p>\n<p class=\"tab-table\">Stanowice 82a,<\/p>\n<p class=\"tab-table\">55-200 O\u0142awa<\/p>\n","protected":false},"excerpt":{"rendered":"<p><strong>7Nutrition MAGNESIUM TAURATE 120 vege caps. Food supplement.<\/strong><\/p>\n<p>A combination of magnesium and the amino acid &#8211; taurine, which is highly bioavailable. Supports the functioning of the cardiovascular system. It helps maintain proper blood pressure, regulates the heart rhythm and supports the condition of blood vessels. It improves the body&#8217;s performance during training.<\/p>\n<p><strong>INGREDIENTS:<\/strong> Magnesium Taurate; Vitamin B6 P5P (Pirydoxal-5-Phosphate), cellolose capsule (HPMC)<\/p>\n","protected":false},"featured_media":1911,"comment_status":"open","ping_status":"closed","template":"","meta":[],"product_brand":[],"product_cat":[155,85,87,104,86],"product_tag":[233,249,251,245,146],"class_list":{"0":"post-1909","1":"product","2":"type-product","3":"status-publish","4":"has-post-thumbnail","6":"product_cat-7nutrition","7":"product_cat-mens-gear-packs","8":"product_cat-supplements","9":"product_cat-vitamins-minerals","10":"product_cat-womans","11":"product_tag-health","12":"product_tag-magnesium","13":"product_tag-malate","14":"product_tag-mineral","15":"product_tag-supplement","17":"first","18":"outofstock","19":"shipping-taxable","20":"purchasable","21":"product-type-simple"},"yoast_head":"<!-- This site is optimized with the Yoast SEO plugin v27.2 - https:\/\/yoast.com\/product\/yoast-seo-wordpress\/ -->\n<title>7Nutrition Magnesium Taurate 120 vege caps - Muscle and Madness Supplement Store<\/title>\n<meta name=\"description\" content=\"7Nutrition MAGNESIUM TAURATE 120 vege caps. Food supplement. A combination of magnesium and the amino acid - taurine, which is highly bioavailable. Supports the functioning of the cardiovascular system. It helps maintain proper blood pressure, regulates the heart rhythm and supports the condition of blood vessels. It improves the body&#039;s performance during training. INGREDIENTS: Magnesium Taurate; Vitamin B6 P5P (Pirydoxal-5-Phosphate), cellulose capsule (HPMC). RECOMMENDED USE: Take 1 capsule per day after the main meal with plenty of water. The recommended daily ration should not be exceeded. WARNINGS: The product must not be used by children, pregnant or lactating women. Do not use if you are allergic to any of the ingredients. Food supplements should not be used as a substitute for a varied diet. Maintaining good health requires varied nutrition and a healthy lifestyles. STORAGE: Store in a dry and cool place, away from small children. Protect against direct sunlight. DAILY PORTION: 1 capsule NET WEIGHT: 147 g NUTRITION FACTS:ACTIVE INGREDIENTS1 capsule Magnesium Taurate of which Magnesium736 mg146 mg (39%*)Vitamin B6 P5P (Pirydoxal-5-Phosphate) 5 mg (357%*)*DRI - Daily Reference IntakePRODUCER:7FIT Sp\u00f3\u0142ka Akcyjna, Stanowice 82a,55-200 O\u0142awa\" \/>\n<meta name=\"robots\" content=\"index, follow, max-snippet:-1, max-image-preview:large, max-video-preview:-1\" \/>\n<link rel=\"canonical\" href=\"https:\/\/www.muscle-madness.co.uk\/store\/product\/7nutrition-magnesium-taurate-120-vege-caps\/\" \/>\n<meta property=\"og:locale\" content=\"en_US\" \/>\n<meta property=\"og:type\" content=\"article\" \/>\n<meta property=\"og:title\" content=\"7Nutrition Magnesium Taurate 120 vege caps - Muscle and Madness Supplement Store\" \/>\n<meta property=\"og:description\" content=\"7Nutrition MAGNESIUM TAURATE 120 vege caps. Food supplement. A combination of magnesium and the amino acid - taurine, which is highly bioavailable. Supports the functioning of the cardiovascular system. It helps maintain proper blood pressure, regulates the heart rhythm and supports the condition of blood vessels. It improves the body&#039;s performance during training. INGREDIENTS: Magnesium Taurate; Vitamin B6 P5P (Pirydoxal-5-Phosphate), cellulose capsule (HPMC). RECOMMENDED USE: Take 1 capsule per day after the main meal with plenty of water. The recommended daily ration should not be exceeded. WARNINGS: The product must not be used by children, pregnant or lactating women. Do not use if you are allergic to any of the ingredients. Food supplements should not be used as a substitute for a varied diet. Maintaining good health requires varied nutrition and a healthy lifestyles. STORAGE: Store in a dry and cool place, away from small children. Protect against direct sunlight. DAILY PORTION: 1 capsule NET WEIGHT: 147 g NUTRITION FACTS:ACTIVE INGREDIENTS1 capsule Magnesium Taurate of which Magnesium736 mg146 mg (39%*)Vitamin B6 P5P (Pirydoxal-5-Phosphate) 5 mg (357%*)*DRI - Daily Reference IntakePRODUCER:7FIT Sp\u00f3\u0142ka Akcyjna, Stanowice 82a,55-200 O\u0142awa\" \/>\n<meta property=\"og:url\" content=\"https:\/\/www.muscle-madness.co.uk\/store\/product\/7nutrition-magnesium-taurate-120-vege-caps\/\" \/>\n<meta property=\"og:site_name\" content=\"Muscle and Madness Supplement Store\" \/>\n<meta property=\"article:modified_time\" content=\"2025-12-04T17:35:04+00:00\" \/>\n<meta property=\"og:image\" content=\"https:\/\/www.muscle-madness.co.uk\/store\/wp-content\/uploads\/2025\/02\/7Nutrition-magnesium-taurate-120-caps.png\" \/>\n\t<meta property=\"og:image:width\" content=\"1080\" \/>\n\t<meta property=\"og:image:height\" content=\"1080\" \/>\n\t<meta property=\"og:image:type\" content=\"image\/png\" \/>\n<meta name=\"twitter:card\" content=\"summary_large_image\" \/>\n<meta name=\"twitter:label1\" content=\"Est. reading time\" \/>\n\t<meta name=\"twitter:data1\" content=\"2 minutes\" \/>\n<script type=\"application\/ld+json\" class=\"yoast-schema-graph\">{\"@context\":\"https:\/\/schema.org\",\"@graph\":[{\"@type\":\"WebPage\",\"@id\":\"https:\/\/www.muscle-madness.co.uk\/store\/product\/7nutrition-magnesium-taurate-120-vege-caps\/\",\"url\":\"https:\/\/www.muscle-madness.co.uk\/store\/product\/7nutrition-magnesium-taurate-120-vege-caps\/\",\"name\":\"7Nutrition Magnesium Taurate 120 vege caps - Muscle and Madness Supplement Store\",\"isPartOf\":{\"@id\":\"https:\/\/www.muscle-madness.co.uk\/store\/#website\"},\"primaryImageOfPage\":{\"@id\":\"https:\/\/www.muscle-madness.co.uk\/store\/product\/7nutrition-magnesium-taurate-120-vege-caps\/#primaryimage\"},\"image\":{\"@id\":\"https:\/\/www.muscle-madness.co.uk\/store\/product\/7nutrition-magnesium-taurate-120-vege-caps\/#primaryimage\"},\"thumbnailUrl\":\"https:\/\/www.muscle-madness.co.uk\/store\/wp-content\/uploads\/2025\/02\/7Nutrition-magnesium-taurate-120-caps.png\",\"datePublished\":\"2025-02-17T17:41:59+00:00\",\"dateModified\":\"2025-12-04T17:35:04+00:00\",\"description\":\"7Nutrition MAGNESIUM TAURATE 120 vege caps. Food supplement. A combination of magnesium and the amino acid - taurine, which is highly bioavailable. Supports the functioning of the cardiovascular system. It helps maintain proper blood pressure, regulates the heart rhythm and supports the condition of blood vessels. It improves the body's performance during training. INGREDIENTS: Magnesium Taurate; Vitamin B6 P5P (Pirydoxal-5-Phosphate), cellulose capsule (HPMC). RECOMMENDED USE: Take 1 capsule per day after the main meal with plenty of water. The recommended daily ration should not be exceeded. WARNINGS: The product must not be used by children, pregnant or lactating women. Do not use if you are allergic to any of the ingredients. Food supplements should not be used as a substitute for a varied diet. Maintaining good health requires varied nutrition and a healthy lifestyles. STORAGE: Store in a dry and cool place, away from small children. Protect against direct sunlight. DAILY PORTION: 1 capsule NET WEIGHT: 147 g NUTRITION FACTS:ACTIVE INGREDIENTS1 capsule Magnesium Taurate of which Magnesium736 mg146 mg (39%*)Vitamin B6 P5P (Pirydoxal-5-Phosphate) 5 mg (357%*)*DRI - Daily Reference IntakePRODUCER:7FIT Sp\u00f3\u0142ka Akcyjna, Stanowice 82a,55-200 O\u0142awa\",\"breadcrumb\":{\"@id\":\"https:\/\/www.muscle-madness.co.uk\/store\/product\/7nutrition-magnesium-taurate-120-vege-caps\/#breadcrumb\"},\"inLanguage\":\"en-US\",\"potentialAction\":[{\"@type\":\"ReadAction\",\"target\":[\"https:\/\/www.muscle-madness.co.uk\/store\/product\/7nutrition-magnesium-taurate-120-vege-caps\/\"]}]},{\"@type\":\"ImageObject\",\"inLanguage\":\"en-US\",\"@id\":\"https:\/\/www.muscle-madness.co.uk\/store\/product\/7nutrition-magnesium-taurate-120-vege-caps\/#primaryimage\",\"url\":\"https:\/\/www.muscle-madness.co.uk\/store\/wp-content\/uploads\/2025\/02\/7Nutrition-magnesium-taurate-120-caps.png\",\"contentUrl\":\"https:\/\/www.muscle-madness.co.uk\/store\/wp-content\/uploads\/2025\/02\/7Nutrition-magnesium-taurate-120-caps.png\",\"width\":1080,\"height\":1080,\"caption\":\"7Nutrition magnesium taurate 120 caps\"},{\"@type\":\"BreadcrumbList\",\"@id\":\"https:\/\/www.muscle-madness.co.uk\/store\/product\/7nutrition-magnesium-taurate-120-vege-caps\/#breadcrumb\",\"itemListElement\":[{\"@type\":\"ListItem\",\"position\":1,\"name\":\"Home\",\"item\":\"https:\/\/www.muscle-madness.co.uk\/store\/\"},{\"@type\":\"ListItem\",\"position\":2,\"name\":\"Shop\",\"item\":\"https:\/\/www.muscle-madness.co.uk\/store\/shop-2\/\"},{\"@type\":\"ListItem\",\"position\":3,\"name\":\"7Nutrition Magnesium Taurate 120 vege caps\"}]},{\"@type\":\"WebSite\",\"@id\":\"https:\/\/www.muscle-madness.co.uk\/store\/#website\",\"url\":\"https:\/\/www.muscle-madness.co.uk\/store\/\",\"name\":\"Muscle and Madness Supplement Store\",\"description\":\"Suplement Store\",\"potentialAction\":[{\"@type\":\"SearchAction\",\"target\":{\"@type\":\"EntryPoint\",\"urlTemplate\":\"https:\/\/www.muscle-madness.co.uk\/store\/?s={search_term_string}\"},\"query-input\":{\"@type\":\"PropertyValueSpecification\",\"valueRequired\":true,\"valueName\":\"search_term_string\"}}],\"inLanguage\":\"en-US\"}]}<\/script>\n<!-- \/ Yoast SEO plugin. -->","yoast_head_json":{"title":"7Nutrition Magnesium Taurate 120 vege caps - Muscle and Madness Supplement Store","description":"7Nutrition MAGNESIUM TAURATE 120 vege caps. Food supplement. A combination of magnesium and the amino acid - taurine, which is highly bioavailable. Supports the functioning of the cardiovascular system. It helps maintain proper blood pressure, regulates the heart rhythm and supports the condition of blood vessels. It improves the body's performance during training. INGREDIENTS: Magnesium Taurate; Vitamin B6 P5P (Pirydoxal-5-Phosphate), cellulose capsule (HPMC). RECOMMENDED USE: Take 1 capsule per day after the main meal with plenty of water. The recommended daily ration should not be exceeded. WARNINGS: The product must not be used by children, pregnant or lactating women. Do not use if you are allergic to any of the ingredients. Food supplements should not be used as a substitute for a varied diet. Maintaining good health requires varied nutrition and a healthy lifestyles. STORAGE: Store in a dry and cool place, away from small children. Protect against direct sunlight. DAILY PORTION: 1 capsule NET WEIGHT: 147 g NUTRITION FACTS:ACTIVE INGREDIENTS1 capsule Magnesium Taurate of which Magnesium736 mg146 mg (39%*)Vitamin B6 P5P (Pirydoxal-5-Phosphate) 5 mg (357%*)*DRI - Daily Reference IntakePRODUCER:7FIT Sp\u00f3\u0142ka Akcyjna, Stanowice 82a,55-200 O\u0142awa","robots":{"index":"index","follow":"follow","max-snippet":"max-snippet:-1","max-image-preview":"max-image-preview:large","max-video-preview":"max-video-preview:-1"},"canonical":"https:\/\/www.muscle-madness.co.uk\/store\/product\/7nutrition-magnesium-taurate-120-vege-caps\/","og_locale":"en_US","og_type":"article","og_title":"7Nutrition Magnesium Taurate 120 vege caps - Muscle and Madness Supplement Store","og_description":"7Nutrition MAGNESIUM TAURATE 120 vege caps. Food supplement. A combination of magnesium and the amino acid - taurine, which is highly bioavailable. Supports the functioning of the cardiovascular system. It helps maintain proper blood pressure, regulates the heart rhythm and supports the condition of blood vessels. It improves the body's performance during training. INGREDIENTS: Magnesium Taurate; Vitamin B6 P5P (Pirydoxal-5-Phosphate), cellulose capsule (HPMC). RECOMMENDED USE: Take 1 capsule per day after the main meal with plenty of water. The recommended daily ration should not be exceeded. WARNINGS: The product must not be used by children, pregnant or lactating women. Do not use if you are allergic to any of the ingredients. Food supplements should not be used as a substitute for a varied diet. Maintaining good health requires varied nutrition and a healthy lifestyles. STORAGE: Store in a dry and cool place, away from small children. Protect against direct sunlight. DAILY PORTION: 1 capsule NET WEIGHT: 147 g NUTRITION FACTS:ACTIVE INGREDIENTS1 capsule Magnesium Taurate of which Magnesium736 mg146 mg (39%*)Vitamin B6 P5P (Pirydoxal-5-Phosphate) 5 mg (357%*)*DRI - Daily Reference IntakePRODUCER:7FIT Sp\u00f3\u0142ka Akcyjna, Stanowice 82a,55-200 O\u0142awa","og_url":"https:\/\/www.muscle-madness.co.uk\/store\/product\/7nutrition-magnesium-taurate-120-vege-caps\/","og_site_name":"Muscle and Madness Supplement Store","article_modified_time":"2025-12-04T17:35:04+00:00","og_image":[{"width":1080,"height":1080,"url":"https:\/\/www.muscle-madness.co.uk\/store\/wp-content\/uploads\/2025\/02\/7Nutrition-magnesium-taurate-120-caps.png","type":"image\/png"}],"twitter_card":"summary_large_image","twitter_misc":{"Est. reading time":"2 minutes"},"schema":{"@context":"https:\/\/schema.org","@graph":[{"@type":"WebPage","@id":"https:\/\/www.muscle-madness.co.uk\/store\/product\/7nutrition-magnesium-taurate-120-vege-caps\/","url":"https:\/\/www.muscle-madness.co.uk\/store\/product\/7nutrition-magnesium-taurate-120-vege-caps\/","name":"7Nutrition Magnesium Taurate 120 vege caps - Muscle and Madness Supplement Store","isPartOf":{"@id":"https:\/\/www.muscle-madness.co.uk\/store\/#website"},"primaryImageOfPage":{"@id":"https:\/\/www.muscle-madness.co.uk\/store\/product\/7nutrition-magnesium-taurate-120-vege-caps\/#primaryimage"},"image":{"@id":"https:\/\/www.muscle-madness.co.uk\/store\/product\/7nutrition-magnesium-taurate-120-vege-caps\/#primaryimage"},"thumbnailUrl":"https:\/\/www.muscle-madness.co.uk\/store\/wp-content\/uploads\/2025\/02\/7Nutrition-magnesium-taurate-120-caps.png","datePublished":"2025-02-17T17:41:59+00:00","dateModified":"2025-12-04T17:35:04+00:00","description":"7Nutrition MAGNESIUM TAURATE 120 vege caps. Food supplement. A combination of magnesium and the amino acid - taurine, which is highly bioavailable. Supports the functioning of the cardiovascular system. It helps maintain proper blood pressure, regulates the heart rhythm and supports the condition of blood vessels. It improves the body's performance during training. INGREDIENTS: Magnesium Taurate; Vitamin B6 P5P (Pirydoxal-5-Phosphate), cellulose capsule (HPMC). RECOMMENDED USE: Take 1 capsule per day after the main meal with plenty of water. The recommended daily ration should not be exceeded. WARNINGS: The product must not be used by children, pregnant or lactating women. Do not use if you are allergic to any of the ingredients. Food supplements should not be used as a substitute for a varied diet. Maintaining good health requires varied nutrition and a healthy lifestyles. STORAGE: Store in a dry and cool place, away from small children. Protect against direct sunlight. DAILY PORTION: 1 capsule NET WEIGHT: 147 g NUTRITION FACTS:ACTIVE INGREDIENTS1 capsule Magnesium Taurate of which Magnesium736 mg146 mg (39%*)Vitamin B6 P5P (Pirydoxal-5-Phosphate) 5 mg (357%*)*DRI - Daily Reference IntakePRODUCER:7FIT Sp\u00f3\u0142ka Akcyjna, Stanowice 82a,55-200 O\u0142awa","breadcrumb":{"@id":"https:\/\/www.muscle-madness.co.uk\/store\/product\/7nutrition-magnesium-taurate-120-vege-caps\/#breadcrumb"},"inLanguage":"en-US","potentialAction":[{"@type":"ReadAction","target":["https:\/\/www.muscle-madness.co.uk\/store\/product\/7nutrition-magnesium-taurate-120-vege-caps\/"]}]},{"@type":"ImageObject","inLanguage":"en-US","@id":"https:\/\/www.muscle-madness.co.uk\/store\/product\/7nutrition-magnesium-taurate-120-vege-caps\/#primaryimage","url":"https:\/\/www.muscle-madness.co.uk\/store\/wp-content\/uploads\/2025\/02\/7Nutrition-magnesium-taurate-120-caps.png","contentUrl":"https:\/\/www.muscle-madness.co.uk\/store\/wp-content\/uploads\/2025\/02\/7Nutrition-magnesium-taurate-120-caps.png","width":1080,"height":1080,"caption":"7Nutrition magnesium taurate 120 caps"},{"@type":"BreadcrumbList","@id":"https:\/\/www.muscle-madness.co.uk\/store\/product\/7nutrition-magnesium-taurate-120-vege-caps\/#breadcrumb","itemListElement":[{"@type":"ListItem","position":1,"name":"Home","item":"https:\/\/www.muscle-madness.co.uk\/store\/"},{"@type":"ListItem","position":2,"name":"Shop","item":"https:\/\/www.muscle-madness.co.uk\/store\/shop-2\/"},{"@type":"ListItem","position":3,"name":"7Nutrition Magnesium Taurate 120 vege caps"}]},{"@type":"WebSite","@id":"https:\/\/www.muscle-madness.co.uk\/store\/#website","url":"https:\/\/www.muscle-madness.co.uk\/store\/","name":"Muscle and Madness Supplement Store","description":"Suplement Store","potentialAction":[{"@type":"SearchAction","target":{"@type":"EntryPoint","urlTemplate":"https:\/\/www.muscle-madness.co.uk\/store\/?s={search_term_string}"},"query-input":{"@type":"PropertyValueSpecification","valueRequired":true,"valueName":"search_term_string"}}],"inLanguage":"en-US"}]}},"jetpack_sharing_enabled":true,"_links":{"self":[{"href":"https:\/\/www.muscle-madness.co.uk\/store\/wp-json\/wp\/v2\/product\/1909","targetHints":{"allow":["GET"]}}],"collection":[{"href":"https:\/\/www.muscle-madness.co.uk\/store\/wp-json\/wp\/v2\/product"}],"about":[{"href":"https:\/\/www.muscle-madness.co.uk\/store\/wp-json\/wp\/v2\/types\/product"}],"replies":[{"embeddable":true,"href":"https:\/\/www.muscle-madness.co.uk\/store\/wp-json\/wp\/v2\/comments?post=1909"}],"wp:featuredmedia":[{"embeddable":true,"href":"https:\/\/www.muscle-madness.co.uk\/store\/wp-json\/wp\/v2\/media\/1911"}],"wp:attachment":[{"href":"https:\/\/www.muscle-madness.co.uk\/store\/wp-json\/wp\/v2\/media?parent=1909"}],"wp:term":[{"taxonomy":"product_brand","embeddable":true,"href":"https:\/\/www.muscle-madness.co.uk\/store\/wp-json\/wp\/v2\/product_brand?post=1909"},{"taxonomy":"product_cat","embeddable":true,"href":"https:\/\/www.muscle-madness.co.uk\/store\/wp-json\/wp\/v2\/product_cat?post=1909"},{"taxonomy":"product_tag","embeddable":true,"href":"https:\/\/www.muscle-madness.co.uk\/store\/wp-json\/wp\/v2\/product_tag?post=1909"}],"curies":[{"name":"wp","href":"https:\/\/api.w.org\/{rel}","templated":true}]}}