{"id":1900,"date":"2025-02-17T16:04:49","date_gmt":"2025-02-17T16:04:49","guid":{"rendered":"https:\/\/www.muscle-madness.co.uk\/store\/?post_type=product&#038;p=1900"},"modified":"2025-07-18T16:32:29","modified_gmt":"2025-07-18T16:32:29","slug":"7nutrition-vitamin-d3-4000-120-caps","status":"publish","type":"product","link":"https:\/\/www.muscle-madness.co.uk\/store\/product\/7nutrition-vitamin-d3-4000-120-caps\/","title":{"rendered":"7Nutrition VITAMIN D3 4000 120 caps"},"content":{"rendered":"<p><strong>VITAMIN D3 4000 120 caps.<\/strong>\u00a0Food supplement.<\/p>\n<p>High dose of vitamin D3 in soft gel capsules.<\/p>\n<p>Vitamin D3 in food supplement helps with proper functioning of immune system, with maintenance of healthy bones and teeth, helps with proper functioning of the muscles. Contributes to normal absorption of calcium and phosphorus and maintenance of normal calcium blood levels.<\/p>\n<p><strong>RECOMMENDED USE:<\/strong><\/p>\n<p>Take 1 capsule daily after a meal with plenty of water, or after consulting your doctor. Daily dose = 1 capsule.<\/p>\n<p>Do not exceed the recommended daily allowance.<\/p>\n<p>Do not use if you are allergic to any of the ingredients.<\/p>\n<p>The product cannot be used by children, pregnant or lactating women.<\/p>\n<p>&nbsp;<\/p>\n<p><strong>INGREDIENTS:<\/strong> sunflower oil; soft capsule (beef gelatine, humectant &#8211; glycerol, water); cholecalciferol (Vitamin D3).<\/p>\n<p>&nbsp;<\/p>\n<p><strong>STORAGE CONDITIONS:<\/strong>\u00a0Store in a dry and cool place out of reach of small children. Protect from direct sunlight.<\/p>\n<p>&nbsp;<\/p>\n<p><strong>NOTES:<\/strong>\u00a0The product is intended for healthy adults over 75 years of age. Do not use if pregnant or nursing. Do not use if you are allergic to any of supplement compounds. Before use, it is advisable to perform a 25- (OH) D blood test and consult the doctor or pharmacist. Food supplements should not be used as a substitute for a varied and well-balanced diet. It is important to lead a healthy lifestyle and a balanced diet.<\/p>\n<p>&nbsp;<\/p>\n<p><strong>NET WEIGHT:<\/strong>\u00a020 g<\/p>\n<p>&nbsp;<\/p>\n<p><strong>PACKAGE CONTENTS:<\/strong>\u00a0120 capsules.<\/p>\n<p>&nbsp;<\/p>\n<p><strong>INGREDIENTS :<\/strong><\/p>\n<table class=\"tab-table\" width=\"372\">\n<thead>\n<tr>\n<td>ACTIVE INGREDIENTS<\/td>\n<td>1 capsule<\/td>\n<\/tr>\n<\/thead>\n<tbody>\n<tr>\n<td>Vitamin D3 4000 j.m. \/ Witamina D3 4000 j.m.<\/td>\n<td>100 \u03bcg (2000%*)<\/td>\n<\/tr>\n<\/tbody>\n<\/table>\n<p class=\"tab-table\">* RWS &#8211; Reference value for adult consumption.<\/p>\n<p class=\"tab-table\"><strong>PRODUCER:<\/strong><\/p>\n<p class=\"tab-table\">7FIT Sp\u00f3\u0142ka Akcyjna,<\/p>\n<p class=\"tab-table\">Stanowice 82a,<\/p>\n<p class=\"tab-table\">55-200 O\u0142awa<\/p>\n","protected":false},"excerpt":{"rendered":"<p><strong>VITAMIN D3 4000 120 caps.<\/strong>\u00a0Food supplement.<\/p>\n<p>High dose of vitamin D3 in soft gel capsules.<\/p>\n<p>Vitamin D3 in food supplement helps with proper functioning of immune system, with maintenance of healthy bones and teeth, helps with proper functioning of the muscles. Contributes to normal absorption of calcium and phosphorus and maintenance of normal calcium blood levels.<\/p>\n","protected":false},"featured_media":1901,"comment_status":"open","ping_status":"closed","template":"","meta":[],"product_brand":[],"product_cat":[155,143,87,104],"product_tag":[233,146,234],"class_list":{"0":"post-1900","1":"product","2":"type-product","3":"status-publish","4":"has-post-thumbnail","6":"product_cat-7nutrition","7":"product_cat-new-arrivals","8":"product_cat-supplements","9":"product_cat-vitamins-minerals","10":"product_tag-health","11":"product_tag-supplement","12":"product_tag-vitamin-d3","14":"first","15":"instock","16":"shipping-taxable","17":"purchasable","18":"product-type-simple"},"yoast_head":"<!-- This site is optimized with the Yoast SEO plugin v27.2 - https:\/\/yoast.com\/product\/yoast-seo-wordpress\/ -->\n<title>7Nutrition VITAMIN D3 4000 120 caps - Muscle and Madness Supplement Store<\/title>\n<meta name=\"description\" content=\"VITAMIN D3 4000 120 caps. Food supplement. High dose of vitamin D3 in soft gel capsules. Vitamin D3 in food supplement helps with proper functioning of immune system, with maintenance of healthy bones and teeth, helps with proper functioning of the muscles. Contributes to normal absorption of calcium and phosphorus and maintenance of normal calcium blood levels. RECOMMENDED USE: Take 1 capsule daily after a meal with plenty of water, or after consulting your doctor. Daily dose = 1 capsule. Do not exceed the recommended daily allowance. Do not use if you are allergic to any of the ingredients. The product cannot be used by children, pregnant or lactating women. INGREDIENTS: sunflower oil; soft capsule (beef gelatine, humectant - glycerol, water); cholecalciferol (Vitamin D3). STORAGE CONDITIONS: Store in a dry and cool place out of reach of small children. Protect from direct sunlight. NOTES: The product is intended for healthy adults over 75 years of age. Do not use if pregnant or nursing. Do not use if you are allergic to any of supplement compounds. Before use, it is advisable to perform a 25- (OH) D blood test and consult the doctor or pharmacist. Food supplements should not be used as a substitute for a varied and well-balanced diet. It is important to lead a healthy lifestyle and a balanced diet. NET WEIGHT: 20 g PACKAGE CONTENTS: 120 capsules. INGREDIENTS :ACTIVE INGREDIENTS 1 capsule Vitamin D3 4000 j.m. \/ Witamina D3 4000 j.m. 100 \u03bcg (2000%*)* RWS - Reference value for adult consumption.PRODUCER:7FIT Sp\u00f3\u0142ka Akcyjna, Stanowice 82a,55-200 O\u0142awa\" \/>\n<meta name=\"robots\" content=\"index, follow, max-snippet:-1, max-image-preview:large, max-video-preview:-1\" \/>\n<link rel=\"canonical\" href=\"https:\/\/www.muscle-madness.co.uk\/store\/product\/7nutrition-vitamin-d3-4000-120-caps\/\" \/>\n<meta property=\"og:locale\" content=\"en_US\" \/>\n<meta property=\"og:type\" content=\"article\" \/>\n<meta property=\"og:title\" content=\"7Nutrition VITAMIN D3 4000 120 caps - Muscle and Madness Supplement Store\" \/>\n<meta property=\"og:description\" content=\"VITAMIN D3 4000 120 caps. Food supplement. High dose of vitamin D3 in soft gel capsules. Vitamin D3 in food supplement helps with proper functioning of immune system, with maintenance of healthy bones and teeth, helps with proper functioning of the muscles. Contributes to normal absorption of calcium and phosphorus and maintenance of normal calcium blood levels. RECOMMENDED USE: Take 1 capsule daily after a meal with plenty of water, or after consulting your doctor. Daily dose = 1 capsule. Do not exceed the recommended daily allowance. Do not use if you are allergic to any of the ingredients. The product cannot be used by children, pregnant or lactating women. INGREDIENTS: sunflower oil; soft capsule (beef gelatine, humectant - glycerol, water); cholecalciferol (Vitamin D3). STORAGE CONDITIONS: Store in a dry and cool place out of reach of small children. Protect from direct sunlight. NOTES: The product is intended for healthy adults over 75 years of age. Do not use if pregnant or nursing. Do not use if you are allergic to any of supplement compounds. Before use, it is advisable to perform a 25- (OH) D blood test and consult the doctor or pharmacist. Food supplements should not be used as a substitute for a varied and well-balanced diet. It is important to lead a healthy lifestyle and a balanced diet. NET WEIGHT: 20 g PACKAGE CONTENTS: 120 capsules. INGREDIENTS :ACTIVE INGREDIENTS 1 capsule Vitamin D3 4000 j.m. \/ Witamina D3 4000 j.m. 100 \u03bcg (2000%*)* RWS - Reference value for adult consumption.PRODUCER:7FIT Sp\u00f3\u0142ka Akcyjna, Stanowice 82a,55-200 O\u0142awa\" \/>\n<meta property=\"og:url\" content=\"https:\/\/www.muscle-madness.co.uk\/store\/product\/7nutrition-vitamin-d3-4000-120-caps\/\" \/>\n<meta property=\"og:site_name\" content=\"Muscle and Madness Supplement Store\" \/>\n<meta property=\"article:modified_time\" content=\"2025-07-18T16:32:29+00:00\" \/>\n<meta property=\"og:image\" content=\"https:\/\/www.muscle-madness.co.uk\/store\/wp-content\/uploads\/2025\/02\/7Nutrition-vitamin-d3-4000-120-caps.png\" \/>\n\t<meta property=\"og:image:width\" content=\"1080\" \/>\n\t<meta property=\"og:image:height\" content=\"1080\" \/>\n\t<meta property=\"og:image:type\" content=\"image\/png\" \/>\n<meta name=\"twitter:card\" content=\"summary_large_image\" \/>\n<meta name=\"twitter:label1\" content=\"Est. reading time\" \/>\n\t<meta name=\"twitter:data1\" content=\"2 minutes\" \/>\n<script type=\"application\/ld+json\" class=\"yoast-schema-graph\">{\"@context\":\"https:\/\/schema.org\",\"@graph\":[{\"@type\":\"WebPage\",\"@id\":\"https:\/\/www.muscle-madness.co.uk\/store\/product\/7nutrition-vitamin-d3-4000-120-caps\/\",\"url\":\"https:\/\/www.muscle-madness.co.uk\/store\/product\/7nutrition-vitamin-d3-4000-120-caps\/\",\"name\":\"7Nutrition VITAMIN D3 4000 120 caps - Muscle and Madness Supplement Store\",\"isPartOf\":{\"@id\":\"https:\/\/www.muscle-madness.co.uk\/store\/#website\"},\"primaryImageOfPage\":{\"@id\":\"https:\/\/www.muscle-madness.co.uk\/store\/product\/7nutrition-vitamin-d3-4000-120-caps\/#primaryimage\"},\"image\":{\"@id\":\"https:\/\/www.muscle-madness.co.uk\/store\/product\/7nutrition-vitamin-d3-4000-120-caps\/#primaryimage\"},\"thumbnailUrl\":\"https:\/\/www.muscle-madness.co.uk\/store\/wp-content\/uploads\/2025\/02\/7Nutrition-vitamin-d3-4000-120-caps.png\",\"datePublished\":\"2025-02-17T16:04:49+00:00\",\"dateModified\":\"2025-07-18T16:32:29+00:00\",\"description\":\"VITAMIN D3 4000 120 caps. Food supplement. High dose of vitamin D3 in soft gel capsules. Vitamin D3 in food supplement helps with proper functioning of immune system, with maintenance of healthy bones and teeth, helps with proper functioning of the muscles. Contributes to normal absorption of calcium and phosphorus and maintenance of normal calcium blood levels. RECOMMENDED USE: Take 1 capsule daily after a meal with plenty of water, or after consulting your doctor. Daily dose = 1 capsule. Do not exceed the recommended daily allowance. Do not use if you are allergic to any of the ingredients. The product cannot be used by children, pregnant or lactating women. INGREDIENTS: sunflower oil; soft capsule (beef gelatine, humectant - glycerol, water); cholecalciferol (Vitamin D3). STORAGE CONDITIONS: Store in a dry and cool place out of reach of small children. Protect from direct sunlight. NOTES: The product is intended for healthy adults over 75 years of age. Do not use if pregnant or nursing. Do not use if you are allergic to any of supplement compounds. Before use, it is advisable to perform a 25- (OH) D blood test and consult the doctor or pharmacist. Food supplements should not be used as a substitute for a varied and well-balanced diet. It is important to lead a healthy lifestyle and a balanced diet. NET WEIGHT: 20 g PACKAGE CONTENTS: 120 capsules. INGREDIENTS :ACTIVE INGREDIENTS 1 capsule Vitamin D3 4000 j.m. \/ Witamina D3 4000 j.m. 100 \u03bcg (2000%*)* RWS - Reference value for adult consumption.PRODUCER:7FIT Sp\u00f3\u0142ka Akcyjna, Stanowice 82a,55-200 O\u0142awa\",\"breadcrumb\":{\"@id\":\"https:\/\/www.muscle-madness.co.uk\/store\/product\/7nutrition-vitamin-d3-4000-120-caps\/#breadcrumb\"},\"inLanguage\":\"en-US\",\"potentialAction\":[{\"@type\":\"ReadAction\",\"target\":[\"https:\/\/www.muscle-madness.co.uk\/store\/product\/7nutrition-vitamin-d3-4000-120-caps\/\"]}]},{\"@type\":\"ImageObject\",\"inLanguage\":\"en-US\",\"@id\":\"https:\/\/www.muscle-madness.co.uk\/store\/product\/7nutrition-vitamin-d3-4000-120-caps\/#primaryimage\",\"url\":\"https:\/\/www.muscle-madness.co.uk\/store\/wp-content\/uploads\/2025\/02\/7Nutrition-vitamin-d3-4000-120-caps.png\",\"contentUrl\":\"https:\/\/www.muscle-madness.co.uk\/store\/wp-content\/uploads\/2025\/02\/7Nutrition-vitamin-d3-4000-120-caps.png\",\"width\":1080,\"height\":1080,\"caption\":\"7Nutrition vitamin d3 4000 120 caps\"},{\"@type\":\"BreadcrumbList\",\"@id\":\"https:\/\/www.muscle-madness.co.uk\/store\/product\/7nutrition-vitamin-d3-4000-120-caps\/#breadcrumb\",\"itemListElement\":[{\"@type\":\"ListItem\",\"position\":1,\"name\":\"Home\",\"item\":\"https:\/\/www.muscle-madness.co.uk\/store\/\"},{\"@type\":\"ListItem\",\"position\":2,\"name\":\"Shop\",\"item\":\"https:\/\/www.muscle-madness.co.uk\/store\/shop-2\/\"},{\"@type\":\"ListItem\",\"position\":3,\"name\":\"7Nutrition VITAMIN D3 4000 120 caps\"}]},{\"@type\":\"WebSite\",\"@id\":\"https:\/\/www.muscle-madness.co.uk\/store\/#website\",\"url\":\"https:\/\/www.muscle-madness.co.uk\/store\/\",\"name\":\"Muscle and Madness Supplement Store\",\"description\":\"Suplement Store\",\"potentialAction\":[{\"@type\":\"SearchAction\",\"target\":{\"@type\":\"EntryPoint\",\"urlTemplate\":\"https:\/\/www.muscle-madness.co.uk\/store\/?s={search_term_string}\"},\"query-input\":{\"@type\":\"PropertyValueSpecification\",\"valueRequired\":true,\"valueName\":\"search_term_string\"}}],\"inLanguage\":\"en-US\"}]}<\/script>\n<!-- \/ Yoast SEO plugin. -->","yoast_head_json":{"title":"7Nutrition VITAMIN D3 4000 120 caps - Muscle and Madness Supplement Store","description":"VITAMIN D3 4000 120 caps. Food supplement. High dose of vitamin D3 in soft gel capsules. Vitamin D3 in food supplement helps with proper functioning of immune system, with maintenance of healthy bones and teeth, helps with proper functioning of the muscles. Contributes to normal absorption of calcium and phosphorus and maintenance of normal calcium blood levels. RECOMMENDED USE: Take 1 capsule daily after a meal with plenty of water, or after consulting your doctor. Daily dose = 1 capsule. Do not exceed the recommended daily allowance. Do not use if you are allergic to any of the ingredients. The product cannot be used by children, pregnant or lactating women. INGREDIENTS: sunflower oil; soft capsule (beef gelatine, humectant - glycerol, water); cholecalciferol (Vitamin D3). STORAGE CONDITIONS: Store in a dry and cool place out of reach of small children. Protect from direct sunlight. NOTES: The product is intended for healthy adults over 75 years of age. Do not use if pregnant or nursing. Do not use if you are allergic to any of supplement compounds. Before use, it is advisable to perform a 25- (OH) D blood test and consult the doctor or pharmacist. Food supplements should not be used as a substitute for a varied and well-balanced diet. It is important to lead a healthy lifestyle and a balanced diet. NET WEIGHT: 20 g PACKAGE CONTENTS: 120 capsules. INGREDIENTS :ACTIVE INGREDIENTS 1 capsule Vitamin D3 4000 j.m. \/ Witamina D3 4000 j.m. 100 \u03bcg (2000%*)* RWS - Reference value for adult consumption.PRODUCER:7FIT Sp\u00f3\u0142ka Akcyjna, Stanowice 82a,55-200 O\u0142awa","robots":{"index":"index","follow":"follow","max-snippet":"max-snippet:-1","max-image-preview":"max-image-preview:large","max-video-preview":"max-video-preview:-1"},"canonical":"https:\/\/www.muscle-madness.co.uk\/store\/product\/7nutrition-vitamin-d3-4000-120-caps\/","og_locale":"en_US","og_type":"article","og_title":"7Nutrition VITAMIN D3 4000 120 caps - Muscle and Madness Supplement Store","og_description":"VITAMIN D3 4000 120 caps. Food supplement. High dose of vitamin D3 in soft gel capsules. Vitamin D3 in food supplement helps with proper functioning of immune system, with maintenance of healthy bones and teeth, helps with proper functioning of the muscles. Contributes to normal absorption of calcium and phosphorus and maintenance of normal calcium blood levels. RECOMMENDED USE: Take 1 capsule daily after a meal with plenty of water, or after consulting your doctor. Daily dose = 1 capsule. Do not exceed the recommended daily allowance. Do not use if you are allergic to any of the ingredients. The product cannot be used by children, pregnant or lactating women. INGREDIENTS: sunflower oil; soft capsule (beef gelatine, humectant - glycerol, water); cholecalciferol (Vitamin D3). STORAGE CONDITIONS: Store in a dry and cool place out of reach of small children. Protect from direct sunlight. NOTES: The product is intended for healthy adults over 75 years of age. Do not use if pregnant or nursing. Do not use if you are allergic to any of supplement compounds. Before use, it is advisable to perform a 25- (OH) D blood test and consult the doctor or pharmacist. Food supplements should not be used as a substitute for a varied and well-balanced diet. It is important to lead a healthy lifestyle and a balanced diet. NET WEIGHT: 20 g PACKAGE CONTENTS: 120 capsules. INGREDIENTS :ACTIVE INGREDIENTS 1 capsule Vitamin D3 4000 j.m. \/ Witamina D3 4000 j.m. 100 \u03bcg (2000%*)* RWS - Reference value for adult consumption.PRODUCER:7FIT Sp\u00f3\u0142ka Akcyjna, Stanowice 82a,55-200 O\u0142awa","og_url":"https:\/\/www.muscle-madness.co.uk\/store\/product\/7nutrition-vitamin-d3-4000-120-caps\/","og_site_name":"Muscle and Madness Supplement Store","article_modified_time":"2025-07-18T16:32:29+00:00","og_image":[{"width":1080,"height":1080,"url":"https:\/\/www.muscle-madness.co.uk\/store\/wp-content\/uploads\/2025\/02\/7Nutrition-vitamin-d3-4000-120-caps.png","type":"image\/png"}],"twitter_card":"summary_large_image","twitter_misc":{"Est. reading time":"2 minutes"},"schema":{"@context":"https:\/\/schema.org","@graph":[{"@type":"WebPage","@id":"https:\/\/www.muscle-madness.co.uk\/store\/product\/7nutrition-vitamin-d3-4000-120-caps\/","url":"https:\/\/www.muscle-madness.co.uk\/store\/product\/7nutrition-vitamin-d3-4000-120-caps\/","name":"7Nutrition VITAMIN D3 4000 120 caps - Muscle and Madness Supplement Store","isPartOf":{"@id":"https:\/\/www.muscle-madness.co.uk\/store\/#website"},"primaryImageOfPage":{"@id":"https:\/\/www.muscle-madness.co.uk\/store\/product\/7nutrition-vitamin-d3-4000-120-caps\/#primaryimage"},"image":{"@id":"https:\/\/www.muscle-madness.co.uk\/store\/product\/7nutrition-vitamin-d3-4000-120-caps\/#primaryimage"},"thumbnailUrl":"https:\/\/www.muscle-madness.co.uk\/store\/wp-content\/uploads\/2025\/02\/7Nutrition-vitamin-d3-4000-120-caps.png","datePublished":"2025-02-17T16:04:49+00:00","dateModified":"2025-07-18T16:32:29+00:00","description":"VITAMIN D3 4000 120 caps. Food supplement. High dose of vitamin D3 in soft gel capsules. Vitamin D3 in food supplement helps with proper functioning of immune system, with maintenance of healthy bones and teeth, helps with proper functioning of the muscles. Contributes to normal absorption of calcium and phosphorus and maintenance of normal calcium blood levels. RECOMMENDED USE: Take 1 capsule daily after a meal with plenty of water, or after consulting your doctor. Daily dose = 1 capsule. Do not exceed the recommended daily allowance. Do not use if you are allergic to any of the ingredients. The product cannot be used by children, pregnant or lactating women. INGREDIENTS: sunflower oil; soft capsule (beef gelatine, humectant - glycerol, water); cholecalciferol (Vitamin D3). STORAGE CONDITIONS: Store in a dry and cool place out of reach of small children. Protect from direct sunlight. NOTES: The product is intended for healthy adults over 75 years of age. Do not use if pregnant or nursing. Do not use if you are allergic to any of supplement compounds. Before use, it is advisable to perform a 25- (OH) D blood test and consult the doctor or pharmacist. Food supplements should not be used as a substitute for a varied and well-balanced diet. It is important to lead a healthy lifestyle and a balanced diet. NET WEIGHT: 20 g PACKAGE CONTENTS: 120 capsules. INGREDIENTS :ACTIVE INGREDIENTS 1 capsule Vitamin D3 4000 j.m. \/ Witamina D3 4000 j.m. 100 \u03bcg (2000%*)* RWS - Reference value for adult consumption.PRODUCER:7FIT Sp\u00f3\u0142ka Akcyjna, Stanowice 82a,55-200 O\u0142awa","breadcrumb":{"@id":"https:\/\/www.muscle-madness.co.uk\/store\/product\/7nutrition-vitamin-d3-4000-120-caps\/#breadcrumb"},"inLanguage":"en-US","potentialAction":[{"@type":"ReadAction","target":["https:\/\/www.muscle-madness.co.uk\/store\/product\/7nutrition-vitamin-d3-4000-120-caps\/"]}]},{"@type":"ImageObject","inLanguage":"en-US","@id":"https:\/\/www.muscle-madness.co.uk\/store\/product\/7nutrition-vitamin-d3-4000-120-caps\/#primaryimage","url":"https:\/\/www.muscle-madness.co.uk\/store\/wp-content\/uploads\/2025\/02\/7Nutrition-vitamin-d3-4000-120-caps.png","contentUrl":"https:\/\/www.muscle-madness.co.uk\/store\/wp-content\/uploads\/2025\/02\/7Nutrition-vitamin-d3-4000-120-caps.png","width":1080,"height":1080,"caption":"7Nutrition vitamin d3 4000 120 caps"},{"@type":"BreadcrumbList","@id":"https:\/\/www.muscle-madness.co.uk\/store\/product\/7nutrition-vitamin-d3-4000-120-caps\/#breadcrumb","itemListElement":[{"@type":"ListItem","position":1,"name":"Home","item":"https:\/\/www.muscle-madness.co.uk\/store\/"},{"@type":"ListItem","position":2,"name":"Shop","item":"https:\/\/www.muscle-madness.co.uk\/store\/shop-2\/"},{"@type":"ListItem","position":3,"name":"7Nutrition VITAMIN D3 4000 120 caps"}]},{"@type":"WebSite","@id":"https:\/\/www.muscle-madness.co.uk\/store\/#website","url":"https:\/\/www.muscle-madness.co.uk\/store\/","name":"Muscle and Madness Supplement Store","description":"Suplement Store","potentialAction":[{"@type":"SearchAction","target":{"@type":"EntryPoint","urlTemplate":"https:\/\/www.muscle-madness.co.uk\/store\/?s={search_term_string}"},"query-input":{"@type":"PropertyValueSpecification","valueRequired":true,"valueName":"search_term_string"}}],"inLanguage":"en-US"}]}},"jetpack_sharing_enabled":true,"_links":{"self":[{"href":"https:\/\/www.muscle-madness.co.uk\/store\/wp-json\/wp\/v2\/product\/1900","targetHints":{"allow":["GET"]}}],"collection":[{"href":"https:\/\/www.muscle-madness.co.uk\/store\/wp-json\/wp\/v2\/product"}],"about":[{"href":"https:\/\/www.muscle-madness.co.uk\/store\/wp-json\/wp\/v2\/types\/product"}],"replies":[{"embeddable":true,"href":"https:\/\/www.muscle-madness.co.uk\/store\/wp-json\/wp\/v2\/comments?post=1900"}],"wp:featuredmedia":[{"embeddable":true,"href":"https:\/\/www.muscle-madness.co.uk\/store\/wp-json\/wp\/v2\/media\/1901"}],"wp:attachment":[{"href":"https:\/\/www.muscle-madness.co.uk\/store\/wp-json\/wp\/v2\/media?parent=1900"}],"wp:term":[{"taxonomy":"product_brand","embeddable":true,"href":"https:\/\/www.muscle-madness.co.uk\/store\/wp-json\/wp\/v2\/product_brand?post=1900"},{"taxonomy":"product_cat","embeddable":true,"href":"https:\/\/www.muscle-madness.co.uk\/store\/wp-json\/wp\/v2\/product_cat?post=1900"},{"taxonomy":"product_tag","embeddable":true,"href":"https:\/\/www.muscle-madness.co.uk\/store\/wp-json\/wp\/v2\/product_tag?post=1900"}],"curies":[{"name":"wp","href":"https:\/\/api.w.org\/{rel}","templated":true}]}}