{"id":1898,"date":"2025-02-17T14:40:59","date_gmt":"2025-02-17T14:40:59","guid":{"rendered":"https:\/\/www.muscle-madness.co.uk\/store\/?post_type=product&#038;p=1898"},"modified":"2025-02-17T15:04:32","modified_gmt":"2025-02-17T15:04:32","slug":"7nutrition-mct-oil-400-ml","status":"publish","type":"product","link":"https:\/\/www.muscle-madness.co.uk\/store\/product\/7nutrition-mct-oil-400-ml\/","title":{"rendered":"7Nutrition MCT OIL 400 ML"},"content":{"rendered":"<h5><strong>MCT OIL 400ml Dietary Supplement.<\/strong><\/h5>\n<p>Medium-chain fatty acids, It is a type of fat that is very quickly and efficiently &#8220;burned&#8221; by the body to produce energy. When used in the daily diet, it allows to increase endurance, strength and muscle mass. This oil contains only medium-chain fatty acids, which contain 2 times more energy than carbohydrates and proteins.<\/p>\n<h5><strong>RECOMMENDED USE:<\/strong><\/h5>\n<p>Initially, for the first 2 days, consume 1 tablespoon (14g) daily with a meal; in the later period, the optimal daily dose is up to 3 tablespoons.<\/p>\n<p>Do not exceed the recommended daily dose at any time that is stated on label or without adaptation period.<\/p>\n<p>Consuming single doses exceeding the equivalent of 100g without prior adaptation may cause gastrointestinal problems.<\/p>\n<p>Do not use if you are allergic to any of the ingredients.<\/p>\n<p>Do not give this product to children or if You are pregnant and lactating women.<\/p>\n<p><strong>INGREDIENTS:<\/strong> 100% oil (MCT), contains medium chain fatty acids from oil palm kernels.<\/p>\n<p><strong>STORAGE CONDITIONS:<\/strong>\u00a0Store in a dry and cool place out of the reach of small children. Protect against direct sunlight.<\/p>\n<p><strong>NOTES:<\/strong>\u00a0The dietary supplement cannot be used as a substitute (replacement) of a varied diet. Maintaining proper health requires a varied diet and a healthy lifestyle.<\/p>\n<p><strong>NET CONTENT:<\/strong>\u00a0400 ml<\/p>\n<table class=\"tab-table\" border=\"0\">\n<thead>\n<tr valign=\"TOP\">\n<th width=\"129\">Active ingredients<\/th>\n<th width=\"178\">1 serving (14g)<\/th>\n<th width=\"177\">3 servings<\/th>\n<th width=\"158\">100g<\/th>\n<\/tr>\n<\/thead>\n<tbody>\n<tr>\n<td valign=\"TOP\" width=\"129\">Energy<\/td>\n<td width=\"178\">\n<p align=\"CENTER\">126 kcal \/ 527 kJ<\/p>\n<\/td>\n<td valign=\"TOP\" width=\"177\">\n<p align=\"CENTER\">378 kcal \/ 1581 kJ<\/p>\n<\/td>\n<td width=\"158\">\n<p align=\"CENTER\">900 kcal \/ 3765 kJ<\/p>\n<\/td>\n<\/tr>\n<tr>\n<td valign=\"TOP\" width=\"129\">Fats<\/p>\n<p>including saturated<\/td>\n<td width=\"178\">\n<p align=\"CENTER\">14 g<\/p>\n<p align=\"CENTER\">13 g<\/p>\n<\/td>\n<td valign=\"TOP\" width=\"177\">\n<p align=\"CENTER\">42 g<\/p>\n<p align=\"CENTER\">39 g<\/p>\n<\/td>\n<td width=\"158\">\n<p align=\"CENTER\">100 g<\/p>\n<p align=\"CENTER\">93 g<\/p>\n<\/td>\n<\/tr>\n<tr>\n<td valign=\"TOP\" width=\"129\">Carbohydrates<\/p>\n<p>including sugars<\/td>\n<td width=\"178\">\n<p align=\"CENTER\">0 g<\/p>\n<p align=\"CENTER\">\n<\/td>\n<td valign=\"TOP\" width=\"177\">\n<p align=\"CENTER\">0 g<\/p>\n<p align=\"CENTER\">\n<\/td>\n<td width=\"158\">\n<p align=\"CENTER\">0 g<\/p>\n<p align=\"CENTER\">\n<\/td>\n<\/tr>\n<tr>\n<td valign=\"TOP\" width=\"129\">Protein<\/td>\n<td width=\"178\">\n<p align=\"CENTER\">0 g<\/p>\n<\/td>\n<td valign=\"TOP\" width=\"177\">\n<p align=\"CENTER\">0 g<\/p>\n<\/td>\n<td width=\"158\">\n<p align=\"CENTER\">0 g<\/p>\n<\/td>\n<\/tr>\n<tr>\n<td valign=\"TOP\" width=\"129\">Salt<\/td>\n<td width=\"178\">\n<p align=\"CENTER\">0 g<\/p>\n<\/td>\n<td valign=\"TOP\" width=\"177\">\n<p align=\"CENTER\">0 g<\/p>\n<\/td>\n<td width=\"158\">\n<p align=\"CENTER\">0 g<\/p>\n<\/td>\n<\/tr>\n<tr>\n<td valign=\"TOP\" width=\"129\">C6 acid<\/td>\n<td width=\"178\">\n<p align=\"CENTER\">0,3 g<\/p>\n<\/td>\n<td valign=\"TOP\" width=\"177\">\n<p align=\"CENTER\">0,9 g<\/p>\n<\/td>\n<td width=\"158\">\n<p align=\"CENTER\">2 g<\/p>\n<\/td>\n<\/tr>\n<tr>\n<td valign=\"TOP\" width=\"129\">C8 acid<\/td>\n<td width=\"178\">\n<p align=\"CENTER\">7,7 \u2013 9,1 g<\/p>\n<\/td>\n<td valign=\"TOP\" width=\"177\">\n<p align=\"CENTER\">23,1 \u2013 27,3 g<\/p>\n<\/td>\n<td width=\"158\">\n<p align=\"CENTER\">55 \u2013 65 g<\/p>\n<\/td>\n<\/tr>\n<tr>\n<td valign=\"TOP\" width=\"129\">C10 acid<\/td>\n<td width=\"178\">\n<p align=\"CENTER\">4,9 \u2013 6,3 g<\/p>\n<\/td>\n<td valign=\"TOP\" width=\"177\">\n<p align=\"CENTER\">14,7 \u2013 18,9 g<\/p>\n<\/td>\n<td width=\"158\">\n<p align=\"CENTER\">35 \u2013 45 g<\/p>\n<\/td>\n<\/tr>\n<tr>\n<td valign=\"TOP\" width=\"129\">C12 acid<\/td>\n<td width=\"178\">\n<p align=\"CENTER\">0,4 g<\/p>\n<\/td>\n<td valign=\"TOP\" width=\"177\">\n<p align=\"CENTER\">1,3 g<\/p>\n<\/td>\n<td width=\"158\">\n<p align=\"CENTER\">3 g<\/p>\n<\/td>\n<\/tr>\n<tr>\n<td valign=\"TOP\" width=\"129\">C14 acid<\/td>\n<td width=\"178\">\n<p align=\"CENTER\">0,14 g<\/p>\n<\/td>\n<td valign=\"TOP\" width=\"177\">\n<p align=\"CENTER\">0,42 g<\/p>\n<\/td>\n<td width=\"158\">\u00a01 g<\/td>\n<\/tr>\n<\/tbody>\n<\/table>\n<p class=\"tab-table\"><strong>PRODUCER:<\/strong><\/p>\n<p class=\"tab-table\">7FIT Sp\u00f3\u0142ka Akcyjna,<\/p>\n<p class=\"tab-table\">Stanowice 82a,<\/p>\n<p class=\"tab-table\">55-200 O\u0142awa<\/p>\n","protected":false},"excerpt":{"rendered":"<p><strong>MCT OIL 400ml Dietary Supplement.<\/strong><\/p>\n<p>Medium-chain fatty acids. It is a type of fat that is very quickly and efficiently &#8220;burned&#8221; by the body to produce energy. When used in the daily diet, it allows to increase endurance, strength and muscle mass. This oil contains only medium-chain fatty acids, which contain 2 times more energy than carbohydrates and proteins.<\/p>\n","protected":false},"featured_media":1899,"comment_status":"open","ping_status":"closed","template":"","meta":[],"product_brand":[],"product_cat":[155,87],"product_tag":[232,233,318,319,298,146],"class_list":{"0":"post-1898","1":"product","2":"type-product","3":"status-publish","4":"has-post-thumbnail","6":"product_cat-7nutrition","7":"product_cat-supplements","8":"product_tag-energy","9":"product_tag-health","10":"product_tag-healthy-fats","11":"product_tag-mct","12":"product_tag-natural","13":"product_tag-supplement","15":"first","16":"instock","17":"shipping-taxable","18":"purchasable","19":"product-type-simple"},"yoast_head":"<!-- This site is optimized with the Yoast SEO plugin v27.2 - https:\/\/yoast.com\/product\/yoast-seo-wordpress\/ -->\n<title>7Nutrition MCT OIL 400 ML - Muscle and Madness Supplement Store<\/title>\n<meta name=\"description\" content=\"MCT OIL 400ml Dietary Supplement. Medium-chain fatty acids. It is a type of fat that is very quickly and efficiently &quot;burned&quot; by the body to produce energy. When used in the daily diet, it allows to increase endurance, strength and muscle mass. This oil contains only medium-chain fatty acids, which contain 2 times more energy than carbohydrates and proteins. RECOMMENDED USE: Initially, for the first 2 days, consume 1 tablespoon (14g) daily with a meal; in the later period, the optimal daily dose is up to 3 tablespoons. Do not exceed the recommended daily dose. Consuming single doses exceeding the equivalent of 100g without prior adaptation may cause gastrointestinal problems. Do not use if you are allergic to any of the ingredients. The product cannot be used by children, pregnant and lactating women. INGREDIENTS: 100% oil (MCT), containing medium chain fatty acids from oil palm kernels. STORAGE CONDITIONS: Store in a dry and cool place out of the reach of small children. Protect against direct sunlight. NOTES: The dietary supplement cannot be used as a substitute (replacement) of a varied diet. Maintaining proper health requires a varied diet and a healthy lifestyle.NET CONTENT: 400 ml Active ingredients 1 serving (14g) 3 servings 100gEnergy 126 kcal \/ 527 kJ378 kcal \/ 1581 kJ900 kcal \/ 3765 kJ Fats including saturated 14 g13 g42 g39 g100 g93 g Carbohydrates including sugars 0 g0 g0 g0 g0 g0 g Protein 0 g0 g0 g Salt 0 g0 g0 gC6 acid 0,3 g0,9 g2 gC8 acid 7,7 \u2013 9,1 g23,1 \u2013 27,3 g55 \u2013 65 gC10 acid 4,9 \u2013 6,3 g14,7 \u2013 18,9 g35 \u2013 45 gC12 acid 0,4 g1,3 g3 gC14 acid 0,14 g0,42 g 1 gPRODUCER:7FIT Sp\u00f3\u0142ka Akcyjna, Stanowice 82a,55-200 O\u0142awa\" \/>\n<meta name=\"robots\" content=\"index, follow, max-snippet:-1, max-image-preview:large, max-video-preview:-1\" \/>\n<link rel=\"canonical\" href=\"https:\/\/www.muscle-madness.co.uk\/store\/product\/7nutrition-mct-oil-400-ml\/\" \/>\n<meta property=\"og:locale\" content=\"en_US\" \/>\n<meta property=\"og:type\" content=\"article\" \/>\n<meta property=\"og:title\" content=\"7Nutrition MCT OIL 400 ML - Muscle and Madness Supplement Store\" \/>\n<meta property=\"og:description\" content=\"MCT OIL 400ml Dietary Supplement. Medium-chain fatty acids. It is a type of fat that is very quickly and efficiently &quot;burned&quot; by the body to produce energy. When used in the daily diet, it allows to increase endurance, strength and muscle mass. This oil contains only medium-chain fatty acids, which contain 2 times more energy than carbohydrates and proteins. RECOMMENDED USE: Initially, for the first 2 days, consume 1 tablespoon (14g) daily with a meal; in the later period, the optimal daily dose is up to 3 tablespoons. Do not exceed the recommended daily dose. Consuming single doses exceeding the equivalent of 100g without prior adaptation may cause gastrointestinal problems. Do not use if you are allergic to any of the ingredients. The product cannot be used by children, pregnant and lactating women. INGREDIENTS: 100% oil (MCT), containing medium chain fatty acids from oil palm kernels. STORAGE CONDITIONS: Store in a dry and cool place out of the reach of small children. Protect against direct sunlight. NOTES: The dietary supplement cannot be used as a substitute (replacement) of a varied diet. Maintaining proper health requires a varied diet and a healthy lifestyle.NET CONTENT: 400 ml Active ingredients 1 serving (14g) 3 servings 100gEnergy 126 kcal \/ 527 kJ378 kcal \/ 1581 kJ900 kcal \/ 3765 kJ Fats including saturated 14 g13 g42 g39 g100 g93 g Carbohydrates including sugars 0 g0 g0 g0 g0 g0 g Protein 0 g0 g0 g Salt 0 g0 g0 gC6 acid 0,3 g0,9 g2 gC8 acid 7,7 \u2013 9,1 g23,1 \u2013 27,3 g55 \u2013 65 gC10 acid 4,9 \u2013 6,3 g14,7 \u2013 18,9 g35 \u2013 45 gC12 acid 0,4 g1,3 g3 gC14 acid 0,14 g0,42 g 1 gPRODUCER:7FIT Sp\u00f3\u0142ka Akcyjna, Stanowice 82a,55-200 O\u0142awa\" \/>\n<meta property=\"og:url\" content=\"https:\/\/www.muscle-madness.co.uk\/store\/product\/7nutrition-mct-oil-400-ml\/\" \/>\n<meta property=\"og:site_name\" content=\"Muscle and Madness Supplement Store\" \/>\n<meta property=\"article:modified_time\" content=\"2025-02-17T15:04:32+00:00\" \/>\n<meta property=\"og:image\" content=\"https:\/\/www.muscle-madness.co.uk\/store\/wp-content\/uploads\/2025\/02\/7Nutrition-MCT-Oil-400ml.jpg\" \/>\n\t<meta property=\"og:image:width\" content=\"1080\" \/>\n\t<meta property=\"og:image:height\" content=\"1080\" \/>\n\t<meta property=\"og:image:type\" content=\"image\/jpeg\" \/>\n<meta name=\"twitter:card\" content=\"summary_large_image\" \/>\n<meta name=\"twitter:label1\" content=\"Est. reading time\" \/>\n\t<meta name=\"twitter:data1\" content=\"2 minutes\" \/>\n<script type=\"application\/ld+json\" class=\"yoast-schema-graph\">{\"@context\":\"https:\/\/schema.org\",\"@graph\":[{\"@type\":\"WebPage\",\"@id\":\"https:\/\/www.muscle-madness.co.uk\/store\/product\/7nutrition-mct-oil-400-ml\/\",\"url\":\"https:\/\/www.muscle-madness.co.uk\/store\/product\/7nutrition-mct-oil-400-ml\/\",\"name\":\"7Nutrition MCT OIL 400 ML - Muscle and Madness Supplement Store\",\"isPartOf\":{\"@id\":\"https:\/\/www.muscle-madness.co.uk\/store\/#website\"},\"primaryImageOfPage\":{\"@id\":\"https:\/\/www.muscle-madness.co.uk\/store\/product\/7nutrition-mct-oil-400-ml\/#primaryimage\"},\"image\":{\"@id\":\"https:\/\/www.muscle-madness.co.uk\/store\/product\/7nutrition-mct-oil-400-ml\/#primaryimage\"},\"thumbnailUrl\":\"https:\/\/www.muscle-madness.co.uk\/store\/wp-content\/uploads\/2025\/02\/7Nutrition-MCT-Oil-400ml.jpg\",\"datePublished\":\"2025-02-17T14:40:59+00:00\",\"dateModified\":\"2025-02-17T15:04:32+00:00\",\"description\":\"MCT OIL 400ml Dietary Supplement. Medium-chain fatty acids. It is a type of fat that is very quickly and efficiently \\\"burned\\\" by the body to produce energy. When used in the daily diet, it allows to increase endurance, strength and muscle mass. This oil contains only medium-chain fatty acids, which contain 2 times more energy than carbohydrates and proteins. RECOMMENDED USE: Initially, for the first 2 days, consume 1 tablespoon (14g) daily with a meal; in the later period, the optimal daily dose is up to 3 tablespoons. Do not exceed the recommended daily dose. Consuming single doses exceeding the equivalent of 100g without prior adaptation may cause gastrointestinal problems. Do not use if you are allergic to any of the ingredients. The product cannot be used by children, pregnant and lactating women. INGREDIENTS: 100% oil (MCT), containing medium chain fatty acids from oil palm kernels. STORAGE CONDITIONS: Store in a dry and cool place out of the reach of small children. Protect against direct sunlight. NOTES: The dietary supplement cannot be used as a substitute (replacement) of a varied diet. Maintaining proper health requires a varied diet and a healthy lifestyle.NET CONTENT: 400 ml Active ingredients 1 serving (14g) 3 servings 100gEnergy 126 kcal \/ 527 kJ378 kcal \/ 1581 kJ900 kcal \/ 3765 kJ Fats including saturated 14 g13 g42 g39 g100 g93 g Carbohydrates including sugars 0 g0 g0 g0 g0 g0 g Protein 0 g0 g0 g Salt 0 g0 g0 gC6 acid 0,3 g0,9 g2 gC8 acid 7,7 \u2013 9,1 g23,1 \u2013 27,3 g55 \u2013 65 gC10 acid 4,9 \u2013 6,3 g14,7 \u2013 18,9 g35 \u2013 45 gC12 acid 0,4 g1,3 g3 gC14 acid 0,14 g0,42 g 1 gPRODUCER:7FIT Sp\u00f3\u0142ka Akcyjna, Stanowice 82a,55-200 O\u0142awa\",\"breadcrumb\":{\"@id\":\"https:\/\/www.muscle-madness.co.uk\/store\/product\/7nutrition-mct-oil-400-ml\/#breadcrumb\"},\"inLanguage\":\"en-US\",\"potentialAction\":[{\"@type\":\"ReadAction\",\"target\":[\"https:\/\/www.muscle-madness.co.uk\/store\/product\/7nutrition-mct-oil-400-ml\/\"]}]},{\"@type\":\"ImageObject\",\"inLanguage\":\"en-US\",\"@id\":\"https:\/\/www.muscle-madness.co.uk\/store\/product\/7nutrition-mct-oil-400-ml\/#primaryimage\",\"url\":\"https:\/\/www.muscle-madness.co.uk\/store\/wp-content\/uploads\/2025\/02\/7Nutrition-MCT-Oil-400ml.jpg\",\"contentUrl\":\"https:\/\/www.muscle-madness.co.uk\/store\/wp-content\/uploads\/2025\/02\/7Nutrition-MCT-Oil-400ml.jpg\",\"width\":1080,\"height\":1080,\"caption\":\"7Nutrition MCT Oil 400ml\"},{\"@type\":\"BreadcrumbList\",\"@id\":\"https:\/\/www.muscle-madness.co.uk\/store\/product\/7nutrition-mct-oil-400-ml\/#breadcrumb\",\"itemListElement\":[{\"@type\":\"ListItem\",\"position\":1,\"name\":\"Home\",\"item\":\"https:\/\/www.muscle-madness.co.uk\/store\/\"},{\"@type\":\"ListItem\",\"position\":2,\"name\":\"Shop\",\"item\":\"https:\/\/www.muscle-madness.co.uk\/store\/shop-2\/\"},{\"@type\":\"ListItem\",\"position\":3,\"name\":\"7Nutrition MCT OIL 400 ML\"}]},{\"@type\":\"WebSite\",\"@id\":\"https:\/\/www.muscle-madness.co.uk\/store\/#website\",\"url\":\"https:\/\/www.muscle-madness.co.uk\/store\/\",\"name\":\"Muscle and Madness Supplement Store\",\"description\":\"Suplement Store\",\"potentialAction\":[{\"@type\":\"SearchAction\",\"target\":{\"@type\":\"EntryPoint\",\"urlTemplate\":\"https:\/\/www.muscle-madness.co.uk\/store\/?s={search_term_string}\"},\"query-input\":{\"@type\":\"PropertyValueSpecification\",\"valueRequired\":true,\"valueName\":\"search_term_string\"}}],\"inLanguage\":\"en-US\"}]}<\/script>\n<!-- \/ Yoast SEO plugin. -->","yoast_head_json":{"title":"7Nutrition MCT OIL 400 ML - Muscle and Madness Supplement Store","description":"MCT OIL 400ml Dietary Supplement. Medium-chain fatty acids. It is a type of fat that is very quickly and efficiently \"burned\" by the body to produce energy. When used in the daily diet, it allows to increase endurance, strength and muscle mass. This oil contains only medium-chain fatty acids, which contain 2 times more energy than carbohydrates and proteins. RECOMMENDED USE: Initially, for the first 2 days, consume 1 tablespoon (14g) daily with a meal; in the later period, the optimal daily dose is up to 3 tablespoons. Do not exceed the recommended daily dose. Consuming single doses exceeding the equivalent of 100g without prior adaptation may cause gastrointestinal problems. Do not use if you are allergic to any of the ingredients. The product cannot be used by children, pregnant and lactating women. INGREDIENTS: 100% oil (MCT), containing medium chain fatty acids from oil palm kernels. STORAGE CONDITIONS: Store in a dry and cool place out of the reach of small children. Protect against direct sunlight. NOTES: The dietary supplement cannot be used as a substitute (replacement) of a varied diet. Maintaining proper health requires a varied diet and a healthy lifestyle.NET CONTENT: 400 ml Active ingredients 1 serving (14g) 3 servings 100gEnergy 126 kcal \/ 527 kJ378 kcal \/ 1581 kJ900 kcal \/ 3765 kJ Fats including saturated 14 g13 g42 g39 g100 g93 g Carbohydrates including sugars 0 g0 g0 g0 g0 g0 g Protein 0 g0 g0 g Salt 0 g0 g0 gC6 acid 0,3 g0,9 g2 gC8 acid 7,7 \u2013 9,1 g23,1 \u2013 27,3 g55 \u2013 65 gC10 acid 4,9 \u2013 6,3 g14,7 \u2013 18,9 g35 \u2013 45 gC12 acid 0,4 g1,3 g3 gC14 acid 0,14 g0,42 g 1 gPRODUCER:7FIT Sp\u00f3\u0142ka Akcyjna, Stanowice 82a,55-200 O\u0142awa","robots":{"index":"index","follow":"follow","max-snippet":"max-snippet:-1","max-image-preview":"max-image-preview:large","max-video-preview":"max-video-preview:-1"},"canonical":"https:\/\/www.muscle-madness.co.uk\/store\/product\/7nutrition-mct-oil-400-ml\/","og_locale":"en_US","og_type":"article","og_title":"7Nutrition MCT OIL 400 ML - Muscle and Madness Supplement Store","og_description":"MCT OIL 400ml Dietary Supplement. Medium-chain fatty acids. It is a type of fat that is very quickly and efficiently \"burned\" by the body to produce energy. When used in the daily diet, it allows to increase endurance, strength and muscle mass. This oil contains only medium-chain fatty acids, which contain 2 times more energy than carbohydrates and proteins. RECOMMENDED USE: Initially, for the first 2 days, consume 1 tablespoon (14g) daily with a meal; in the later period, the optimal daily dose is up to 3 tablespoons. Do not exceed the recommended daily dose. Consuming single doses exceeding the equivalent of 100g without prior adaptation may cause gastrointestinal problems. Do not use if you are allergic to any of the ingredients. The product cannot be used by children, pregnant and lactating women. INGREDIENTS: 100% oil (MCT), containing medium chain fatty acids from oil palm kernels. STORAGE CONDITIONS: Store in a dry and cool place out of the reach of small children. Protect against direct sunlight. NOTES: The dietary supplement cannot be used as a substitute (replacement) of a varied diet. Maintaining proper health requires a varied diet and a healthy lifestyle.NET CONTENT: 400 ml Active ingredients 1 serving (14g) 3 servings 100gEnergy 126 kcal \/ 527 kJ378 kcal \/ 1581 kJ900 kcal \/ 3765 kJ Fats including saturated 14 g13 g42 g39 g100 g93 g Carbohydrates including sugars 0 g0 g0 g0 g0 g0 g Protein 0 g0 g0 g Salt 0 g0 g0 gC6 acid 0,3 g0,9 g2 gC8 acid 7,7 \u2013 9,1 g23,1 \u2013 27,3 g55 \u2013 65 gC10 acid 4,9 \u2013 6,3 g14,7 \u2013 18,9 g35 \u2013 45 gC12 acid 0,4 g1,3 g3 gC14 acid 0,14 g0,42 g 1 gPRODUCER:7FIT Sp\u00f3\u0142ka Akcyjna, Stanowice 82a,55-200 O\u0142awa","og_url":"https:\/\/www.muscle-madness.co.uk\/store\/product\/7nutrition-mct-oil-400-ml\/","og_site_name":"Muscle and Madness Supplement Store","article_modified_time":"2025-02-17T15:04:32+00:00","og_image":[{"width":1080,"height":1080,"url":"https:\/\/www.muscle-madness.co.uk\/store\/wp-content\/uploads\/2025\/02\/7Nutrition-MCT-Oil-400ml.jpg","type":"image\/jpeg"}],"twitter_card":"summary_large_image","twitter_misc":{"Est. reading time":"2 minutes"},"schema":{"@context":"https:\/\/schema.org","@graph":[{"@type":"WebPage","@id":"https:\/\/www.muscle-madness.co.uk\/store\/product\/7nutrition-mct-oil-400-ml\/","url":"https:\/\/www.muscle-madness.co.uk\/store\/product\/7nutrition-mct-oil-400-ml\/","name":"7Nutrition MCT OIL 400 ML - Muscle and Madness Supplement Store","isPartOf":{"@id":"https:\/\/www.muscle-madness.co.uk\/store\/#website"},"primaryImageOfPage":{"@id":"https:\/\/www.muscle-madness.co.uk\/store\/product\/7nutrition-mct-oil-400-ml\/#primaryimage"},"image":{"@id":"https:\/\/www.muscle-madness.co.uk\/store\/product\/7nutrition-mct-oil-400-ml\/#primaryimage"},"thumbnailUrl":"https:\/\/www.muscle-madness.co.uk\/store\/wp-content\/uploads\/2025\/02\/7Nutrition-MCT-Oil-400ml.jpg","datePublished":"2025-02-17T14:40:59+00:00","dateModified":"2025-02-17T15:04:32+00:00","description":"MCT OIL 400ml Dietary Supplement. Medium-chain fatty acids. It is a type of fat that is very quickly and efficiently \"burned\" by the body to produce energy. When used in the daily diet, it allows to increase endurance, strength and muscle mass. This oil contains only medium-chain fatty acids, which contain 2 times more energy than carbohydrates and proteins. RECOMMENDED USE: Initially, for the first 2 days, consume 1 tablespoon (14g) daily with a meal; in the later period, the optimal daily dose is up to 3 tablespoons. Do not exceed the recommended daily dose. Consuming single doses exceeding the equivalent of 100g without prior adaptation may cause gastrointestinal problems. Do not use if you are allergic to any of the ingredients. The product cannot be used by children, pregnant and lactating women. INGREDIENTS: 100% oil (MCT), containing medium chain fatty acids from oil palm kernels. STORAGE CONDITIONS: Store in a dry and cool place out of the reach of small children. Protect against direct sunlight. NOTES: The dietary supplement cannot be used as a substitute (replacement) of a varied diet. Maintaining proper health requires a varied diet and a healthy lifestyle.NET CONTENT: 400 ml Active ingredients 1 serving (14g) 3 servings 100gEnergy 126 kcal \/ 527 kJ378 kcal \/ 1581 kJ900 kcal \/ 3765 kJ Fats including saturated 14 g13 g42 g39 g100 g93 g Carbohydrates including sugars 0 g0 g0 g0 g0 g0 g Protein 0 g0 g0 g Salt 0 g0 g0 gC6 acid 0,3 g0,9 g2 gC8 acid 7,7 \u2013 9,1 g23,1 \u2013 27,3 g55 \u2013 65 gC10 acid 4,9 \u2013 6,3 g14,7 \u2013 18,9 g35 \u2013 45 gC12 acid 0,4 g1,3 g3 gC14 acid 0,14 g0,42 g 1 gPRODUCER:7FIT Sp\u00f3\u0142ka Akcyjna, Stanowice 82a,55-200 O\u0142awa","breadcrumb":{"@id":"https:\/\/www.muscle-madness.co.uk\/store\/product\/7nutrition-mct-oil-400-ml\/#breadcrumb"},"inLanguage":"en-US","potentialAction":[{"@type":"ReadAction","target":["https:\/\/www.muscle-madness.co.uk\/store\/product\/7nutrition-mct-oil-400-ml\/"]}]},{"@type":"ImageObject","inLanguage":"en-US","@id":"https:\/\/www.muscle-madness.co.uk\/store\/product\/7nutrition-mct-oil-400-ml\/#primaryimage","url":"https:\/\/www.muscle-madness.co.uk\/store\/wp-content\/uploads\/2025\/02\/7Nutrition-MCT-Oil-400ml.jpg","contentUrl":"https:\/\/www.muscle-madness.co.uk\/store\/wp-content\/uploads\/2025\/02\/7Nutrition-MCT-Oil-400ml.jpg","width":1080,"height":1080,"caption":"7Nutrition MCT Oil 400ml"},{"@type":"BreadcrumbList","@id":"https:\/\/www.muscle-madness.co.uk\/store\/product\/7nutrition-mct-oil-400-ml\/#breadcrumb","itemListElement":[{"@type":"ListItem","position":1,"name":"Home","item":"https:\/\/www.muscle-madness.co.uk\/store\/"},{"@type":"ListItem","position":2,"name":"Shop","item":"https:\/\/www.muscle-madness.co.uk\/store\/shop-2\/"},{"@type":"ListItem","position":3,"name":"7Nutrition MCT OIL 400 ML"}]},{"@type":"WebSite","@id":"https:\/\/www.muscle-madness.co.uk\/store\/#website","url":"https:\/\/www.muscle-madness.co.uk\/store\/","name":"Muscle and Madness Supplement Store","description":"Suplement Store","potentialAction":[{"@type":"SearchAction","target":{"@type":"EntryPoint","urlTemplate":"https:\/\/www.muscle-madness.co.uk\/store\/?s={search_term_string}"},"query-input":{"@type":"PropertyValueSpecification","valueRequired":true,"valueName":"search_term_string"}}],"inLanguage":"en-US"}]}},"jetpack_sharing_enabled":true,"_links":{"self":[{"href":"https:\/\/www.muscle-madness.co.uk\/store\/wp-json\/wp\/v2\/product\/1898","targetHints":{"allow":["GET"]}}],"collection":[{"href":"https:\/\/www.muscle-madness.co.uk\/store\/wp-json\/wp\/v2\/product"}],"about":[{"href":"https:\/\/www.muscle-madness.co.uk\/store\/wp-json\/wp\/v2\/types\/product"}],"replies":[{"embeddable":true,"href":"https:\/\/www.muscle-madness.co.uk\/store\/wp-json\/wp\/v2\/comments?post=1898"}],"wp:featuredmedia":[{"embeddable":true,"href":"https:\/\/www.muscle-madness.co.uk\/store\/wp-json\/wp\/v2\/media\/1899"}],"wp:attachment":[{"href":"https:\/\/www.muscle-madness.co.uk\/store\/wp-json\/wp\/v2\/media?parent=1898"}],"wp:term":[{"taxonomy":"product_brand","embeddable":true,"href":"https:\/\/www.muscle-madness.co.uk\/store\/wp-json\/wp\/v2\/product_brand?post=1898"},{"taxonomy":"product_cat","embeddable":true,"href":"https:\/\/www.muscle-madness.co.uk\/store\/wp-json\/wp\/v2\/product_cat?post=1898"},{"taxonomy":"product_tag","embeddable":true,"href":"https:\/\/www.muscle-madness.co.uk\/store\/wp-json\/wp\/v2\/product_tag?post=1898"}],"curies":[{"name":"wp","href":"https:\/\/api.w.org\/{rel}","templated":true}]}}