{"id":1895,"date":"2025-02-17T13:01:28","date_gmt":"2025-02-17T13:01:28","guid":{"rendered":"https:\/\/www.muscle-madness.co.uk\/store\/?post_type=product&#038;p=1895"},"modified":"2025-07-16T14:33:31","modified_gmt":"2025-07-16T14:33:31","slug":"7nutrition-extra-virgin-coconut-oil-900ml","status":"publish","type":"product","link":"https:\/\/www.muscle-madness.co.uk\/store\/product\/7nutrition-extra-virgin-coconut-oil-900ml\/","title":{"rendered":"7Nutrition Extra Virgin Coconut Oil 900ml"},"content":{"rendered":"<p><strong>COCOVITA extra virgin coconut oil<\/strong>\u00a0is obtained from fresh coconut flesh. The most valuable is cold-pressed,\u00a0<strong>unrefined<\/strong> coconut oil. It has a pleasant smell and a delicate coconut flavour. At temperatures up to 26 degrees, it is solid and white in colour, at higher temperatures it becomes liquid and transparent.<\/p>\n<p>Saturated fatty acids account for as much as 90% of the content of this oil. Thanks to the medium-chain structure, they are not deposited as fat, but converted into energy that speeds up metabolism. The rest of the ingredients are healthy mono- and polyunsaturated fatty acids, vitamins E, B, C, minerals (calcium, iron, magnesium, phosphorus, potassium, sodium, zinc) and lauric acid.<\/p>\n<p>Coconut oil COCOVITA extra virgin Coconut oil can be used culinary &#8211; as a substitute for butter or a base for baking cakes, pies or desserts. It will work in any kitchen for frying, baking and stewing.<\/p>\n<p>It can also be successfully added to dressings or salad dressings.<br \/>\nCoconut oil can be consumed by vegetarians, perfectly replacing fats of animal origin. It is also a gluten-free and hypoallergenic product.<\/p>\n<p>Coconut oil is also used in cosmetics. Applied as a cream for dry skin, it gives it a healthy look. It works great for acne and oily skin, as well as for scalp and hair care.<\/p>\n<table class=\"tab-table\">\n<tbody>\n<tr>\n<td><strong>Nutritional Value<\/strong><\/td>\n<td><strong>Per 100g<\/strong><\/td>\n<\/tr>\n<tr>\n<td>Energy<\/td>\n<td>3609 kJ\/ 862 kcal<\/td>\n<\/tr>\n<tr>\n<td>Fat<\/td>\n<td>100 g<\/td>\n<\/tr>\n<tr>\n<td>including saturated<\/td>\n<td>91,8 g<\/td>\n<\/tr>\n<tr>\n<td>Protein<\/td>\n<td>0 g<\/td>\n<\/tr>\n<tr>\n<td>Carbohydrates<\/td>\n<td>0 g<\/td>\n<\/tr>\n<tr>\n<td>of which simple sugars<\/td>\n<td>0 g<\/td>\n<\/tr>\n<tr>\n<td>salt<\/td>\n<td>0 g<\/td>\n<\/tr>\n<\/tbody>\n<\/table>\n<p><strong>PRODUCER:<\/strong><\/p>\n<p>7FIT Sp\u00f3\u0142ka Akcyjna<\/p>\n<p>Stanowice 82A<\/p>\n<div>\n<div class=\"vk_sh vk_bk\">55-200 O\u0142awa<\/div>\n<\/div>\n","protected":false},"excerpt":{"rendered":"<p><strong>COCOVITA extra virgin coconut oil<\/strong><\/p>\n<p>This coconut oil is obtained from fresh coconut flesh. The most valuable is cold-pressed, <strong>unrefined<\/strong> coconut oil. It has a pleasant smell and a delicate coconut flavour. At temperatures up to 26 degrees, it is solid and white in color, at higher temperatures it becomes liquid and transparent.<\/p>\n","protected":false},"featured_media":1896,"comment_status":"open","ping_status":"closed","template":"","meta":[],"product_brand":[],"product_cat":[155,481,143,87],"product_tag":[317,233,318,298,146],"class_list":{"0":"post-1895","1":"product","2":"type-product","3":"status-publish","4":"has-post-thumbnail","6":"product_cat-7nutrition","7":"product_cat-dietary-foods","8":"product_cat-new-arrivals","9":"product_cat-supplements","10":"product_tag-coconut-oil","11":"product_tag-health","12":"product_tag-healthy-fats","13":"product_tag-natural","14":"product_tag-supplement","16":"first","17":"outofstock","18":"shipping-taxable","19":"purchasable","20":"product-type-simple"},"yoast_head":"<!-- This site is optimized with the Yoast SEO plugin v27.2 - https:\/\/yoast.com\/product\/yoast-seo-wordpress\/ -->\n<title>7Nutrition Extra Virgin Coconut Oil 900ml - Muscle and Madness Supplement Store<\/title>\n<meta name=\"description\" content=\"COCOVITA extra virgin coconut oil is obtained from fresh coconut flesh. The most valuable is cold-pressed, unrefined coconut oil. It has a pleasant smell and a delicate coconut flavour. At temperatures up to 26 degrees, it is solid and white in colour, at higher temperatures it becomes liquid and transparent. Saturated fatty acids account for as much as 90% of the content of this oil. Thanks to the medium-chain structure, they are not deposited as fat, but converted into energy that speeds up metabolism. The rest of the ingredients are healthy mono- and polyunsaturated fatty acids, vitamins E, B, C, minerals (calcium, iron, magnesium, phosphorus, potassium, sodium, zinc) and lauric acid. Coconut oil COCOVITA extra virgin Coconut oil can be used culinary - as a substitute for butter or a base for baking cakes, pies or desserts. It will work in any kitchen for frying, baking and stewing. It can also be successfully added to dressings or salad dressings. Coconut oil can be consumed by vegetarians, perfectly replacing fats of animal origin. It is also a gluten-free and hypoallergenic product. Coconut oil is also used in cosmetics. Applied as a cream for dry skin, it gives it a healthy look. It works great for acne and oily skin, as well as for scalp and hair care. Nutritional Value Per 100gEnergy 3609 kJ\/ 862 kcal Fat 100 g including saturated 91,8 g Protein 0 g Carbohydrates 0 g of which simple sugars 0 g salt 0 gPRODUCER:7FIT Sp\u00f3\u0142ka Akcyjna Stanowice 82A55-200 O\u0142awa\" \/>\n<meta name=\"robots\" content=\"index, follow, max-snippet:-1, max-image-preview:large, max-video-preview:-1\" \/>\n<link rel=\"canonical\" href=\"https:\/\/www.muscle-madness.co.uk\/store\/product\/7nutrition-extra-virgin-coconut-oil-900ml\/\" \/>\n<meta property=\"og:locale\" content=\"en_US\" \/>\n<meta property=\"og:type\" content=\"article\" \/>\n<meta property=\"og:title\" content=\"7Nutrition Extra Virgin Coconut Oil 900ml - Muscle and Madness Supplement Store\" \/>\n<meta property=\"og:description\" content=\"COCOVITA extra virgin coconut oil is obtained from fresh coconut flesh. The most valuable is cold-pressed, unrefined coconut oil. It has a pleasant smell and a delicate coconut flavour. At temperatures up to 26 degrees, it is solid and white in colour, at higher temperatures it becomes liquid and transparent. Saturated fatty acids account for as much as 90% of the content of this oil. Thanks to the medium-chain structure, they are not deposited as fat, but converted into energy that speeds up metabolism. The rest of the ingredients are healthy mono- and polyunsaturated fatty acids, vitamins E, B, C, minerals (calcium, iron, magnesium, phosphorus, potassium, sodium, zinc) and lauric acid. Coconut oil COCOVITA extra virgin Coconut oil can be used culinary - as a substitute for butter or a base for baking cakes, pies or desserts. It will work in any kitchen for frying, baking and stewing. It can also be successfully added to dressings or salad dressings. Coconut oil can be consumed by vegetarians, perfectly replacing fats of animal origin. It is also a gluten-free and hypoallergenic product. Coconut oil is also used in cosmetics. Applied as a cream for dry skin, it gives it a healthy look. It works great for acne and oily skin, as well as for scalp and hair care. Nutritional Value Per 100gEnergy 3609 kJ\/ 862 kcal Fat 100 g including saturated 91,8 g Protein 0 g Carbohydrates 0 g of which simple sugars 0 g salt 0 gPRODUCER:7FIT Sp\u00f3\u0142ka Akcyjna Stanowice 82A55-200 O\u0142awa\" \/>\n<meta property=\"og:url\" content=\"https:\/\/www.muscle-madness.co.uk\/store\/product\/7nutrition-extra-virgin-coconut-oil-900ml\/\" \/>\n<meta property=\"og:site_name\" content=\"Muscle and Madness Supplement Store\" \/>\n<meta property=\"article:modified_time\" content=\"2025-07-16T14:33:31+00:00\" \/>\n<meta property=\"og:image\" content=\"https:\/\/www.muscle-madness.co.uk\/store\/wp-content\/uploads\/2025\/02\/7Nutrition-Extra-Virgin-Coconut-Oil-900ml.jpg\" \/>\n\t<meta property=\"og:image:width\" content=\"1080\" \/>\n\t<meta property=\"og:image:height\" content=\"1080\" \/>\n\t<meta property=\"og:image:type\" content=\"image\/jpeg\" \/>\n<meta name=\"twitter:card\" content=\"summary_large_image\" \/>\n<meta name=\"twitter:label1\" content=\"Est. reading time\" \/>\n\t<meta name=\"twitter:data1\" content=\"2 minutes\" \/>\n<script type=\"application\/ld+json\" class=\"yoast-schema-graph\">{\"@context\":\"https:\/\/schema.org\",\"@graph\":[{\"@type\":\"WebPage\",\"@id\":\"https:\/\/www.muscle-madness.co.uk\/store\/product\/7nutrition-extra-virgin-coconut-oil-900ml\/\",\"url\":\"https:\/\/www.muscle-madness.co.uk\/store\/product\/7nutrition-extra-virgin-coconut-oil-900ml\/\",\"name\":\"7Nutrition Extra Virgin Coconut Oil 900ml - Muscle and Madness Supplement Store\",\"isPartOf\":{\"@id\":\"https:\/\/www.muscle-madness.co.uk\/store\/#website\"},\"primaryImageOfPage\":{\"@id\":\"https:\/\/www.muscle-madness.co.uk\/store\/product\/7nutrition-extra-virgin-coconut-oil-900ml\/#primaryimage\"},\"image\":{\"@id\":\"https:\/\/www.muscle-madness.co.uk\/store\/product\/7nutrition-extra-virgin-coconut-oil-900ml\/#primaryimage\"},\"thumbnailUrl\":\"https:\/\/www.muscle-madness.co.uk\/store\/wp-content\/uploads\/2025\/02\/7Nutrition-Extra-Virgin-Coconut-Oil-900ml.jpg\",\"datePublished\":\"2025-02-17T13:01:28+00:00\",\"dateModified\":\"2025-07-16T14:33:31+00:00\",\"description\":\"COCOVITA extra virgin coconut oil is obtained from fresh coconut flesh. The most valuable is cold-pressed, unrefined coconut oil. It has a pleasant smell and a delicate coconut flavour. At temperatures up to 26 degrees, it is solid and white in colour, at higher temperatures it becomes liquid and transparent. Saturated fatty acids account for as much as 90% of the content of this oil. Thanks to the medium-chain structure, they are not deposited as fat, but converted into energy that speeds up metabolism. The rest of the ingredients are healthy mono- and polyunsaturated fatty acids, vitamins E, B, C, minerals (calcium, iron, magnesium, phosphorus, potassium, sodium, zinc) and lauric acid. Coconut oil COCOVITA extra virgin Coconut oil can be used culinary - as a substitute for butter or a base for baking cakes, pies or desserts. It will work in any kitchen for frying, baking and stewing. It can also be successfully added to dressings or salad dressings. Coconut oil can be consumed by vegetarians, perfectly replacing fats of animal origin. It is also a gluten-free and hypoallergenic product. Coconut oil is also used in cosmetics. Applied as a cream for dry skin, it gives it a healthy look. It works great for acne and oily skin, as well as for scalp and hair care. Nutritional Value Per 100gEnergy 3609 kJ\/ 862 kcal Fat 100 g including saturated 91,8 g Protein 0 g Carbohydrates 0 g of which simple sugars 0 g salt 0 gPRODUCER:7FIT Sp\u00f3\u0142ka Akcyjna Stanowice 82A55-200 O\u0142awa\",\"breadcrumb\":{\"@id\":\"https:\/\/www.muscle-madness.co.uk\/store\/product\/7nutrition-extra-virgin-coconut-oil-900ml\/#breadcrumb\"},\"inLanguage\":\"en-US\",\"potentialAction\":[{\"@type\":\"ReadAction\",\"target\":[\"https:\/\/www.muscle-madness.co.uk\/store\/product\/7nutrition-extra-virgin-coconut-oil-900ml\/\"]}]},{\"@type\":\"ImageObject\",\"inLanguage\":\"en-US\",\"@id\":\"https:\/\/www.muscle-madness.co.uk\/store\/product\/7nutrition-extra-virgin-coconut-oil-900ml\/#primaryimage\",\"url\":\"https:\/\/www.muscle-madness.co.uk\/store\/wp-content\/uploads\/2025\/02\/7Nutrition-Extra-Virgin-Coconut-Oil-900ml.jpg\",\"contentUrl\":\"https:\/\/www.muscle-madness.co.uk\/store\/wp-content\/uploads\/2025\/02\/7Nutrition-Extra-Virgin-Coconut-Oil-900ml.jpg\",\"width\":1080,\"height\":1080,\"caption\":\"7Nutrition Extra Virgin Coconut Oil 900ml\"},{\"@type\":\"BreadcrumbList\",\"@id\":\"https:\/\/www.muscle-madness.co.uk\/store\/product\/7nutrition-extra-virgin-coconut-oil-900ml\/#breadcrumb\",\"itemListElement\":[{\"@type\":\"ListItem\",\"position\":1,\"name\":\"Home\",\"item\":\"https:\/\/www.muscle-madness.co.uk\/store\/\"},{\"@type\":\"ListItem\",\"position\":2,\"name\":\"Shop\",\"item\":\"https:\/\/www.muscle-madness.co.uk\/store\/shop-2\/\"},{\"@type\":\"ListItem\",\"position\":3,\"name\":\"7Nutrition Extra Virgin Coconut Oil 900ml\"}]},{\"@type\":\"WebSite\",\"@id\":\"https:\/\/www.muscle-madness.co.uk\/store\/#website\",\"url\":\"https:\/\/www.muscle-madness.co.uk\/store\/\",\"name\":\"Muscle and Madness Supplement Store\",\"description\":\"Suplement Store\",\"potentialAction\":[{\"@type\":\"SearchAction\",\"target\":{\"@type\":\"EntryPoint\",\"urlTemplate\":\"https:\/\/www.muscle-madness.co.uk\/store\/?s={search_term_string}\"},\"query-input\":{\"@type\":\"PropertyValueSpecification\",\"valueRequired\":true,\"valueName\":\"search_term_string\"}}],\"inLanguage\":\"en-US\"}]}<\/script>\n<!-- \/ Yoast SEO plugin. -->","yoast_head_json":{"title":"7Nutrition Extra Virgin Coconut Oil 900ml - Muscle and Madness Supplement Store","description":"COCOVITA extra virgin coconut oil is obtained from fresh coconut flesh. The most valuable is cold-pressed, unrefined coconut oil. It has a pleasant smell and a delicate coconut flavour. At temperatures up to 26 degrees, it is solid and white in colour, at higher temperatures it becomes liquid and transparent. Saturated fatty acids account for as much as 90% of the content of this oil. Thanks to the medium-chain structure, they are not deposited as fat, but converted into energy that speeds up metabolism. The rest of the ingredients are healthy mono- and polyunsaturated fatty acids, vitamins E, B, C, minerals (calcium, iron, magnesium, phosphorus, potassium, sodium, zinc) and lauric acid. Coconut oil COCOVITA extra virgin Coconut oil can be used culinary - as a substitute for butter or a base for baking cakes, pies or desserts. It will work in any kitchen for frying, baking and stewing. It can also be successfully added to dressings or salad dressings. Coconut oil can be consumed by vegetarians, perfectly replacing fats of animal origin. It is also a gluten-free and hypoallergenic product. Coconut oil is also used in cosmetics. Applied as a cream for dry skin, it gives it a healthy look. It works great for acne and oily skin, as well as for scalp and hair care. Nutritional Value Per 100gEnergy 3609 kJ\/ 862 kcal Fat 100 g including saturated 91,8 g Protein 0 g Carbohydrates 0 g of which simple sugars 0 g salt 0 gPRODUCER:7FIT Sp\u00f3\u0142ka Akcyjna Stanowice 82A55-200 O\u0142awa","robots":{"index":"index","follow":"follow","max-snippet":"max-snippet:-1","max-image-preview":"max-image-preview:large","max-video-preview":"max-video-preview:-1"},"canonical":"https:\/\/www.muscle-madness.co.uk\/store\/product\/7nutrition-extra-virgin-coconut-oil-900ml\/","og_locale":"en_US","og_type":"article","og_title":"7Nutrition Extra Virgin Coconut Oil 900ml - Muscle and Madness Supplement Store","og_description":"COCOVITA extra virgin coconut oil is obtained from fresh coconut flesh. The most valuable is cold-pressed, unrefined coconut oil. It has a pleasant smell and a delicate coconut flavour. At temperatures up to 26 degrees, it is solid and white in colour, at higher temperatures it becomes liquid and transparent. Saturated fatty acids account for as much as 90% of the content of this oil. Thanks to the medium-chain structure, they are not deposited as fat, but converted into energy that speeds up metabolism. The rest of the ingredients are healthy mono- and polyunsaturated fatty acids, vitamins E, B, C, minerals (calcium, iron, magnesium, phosphorus, potassium, sodium, zinc) and lauric acid. Coconut oil COCOVITA extra virgin Coconut oil can be used culinary - as a substitute for butter or a base for baking cakes, pies or desserts. It will work in any kitchen for frying, baking and stewing. It can also be successfully added to dressings or salad dressings. Coconut oil can be consumed by vegetarians, perfectly replacing fats of animal origin. It is also a gluten-free and hypoallergenic product. Coconut oil is also used in cosmetics. Applied as a cream for dry skin, it gives it a healthy look. It works great for acne and oily skin, as well as for scalp and hair care. Nutritional Value Per 100gEnergy 3609 kJ\/ 862 kcal Fat 100 g including saturated 91,8 g Protein 0 g Carbohydrates 0 g of which simple sugars 0 g salt 0 gPRODUCER:7FIT Sp\u00f3\u0142ka Akcyjna Stanowice 82A55-200 O\u0142awa","og_url":"https:\/\/www.muscle-madness.co.uk\/store\/product\/7nutrition-extra-virgin-coconut-oil-900ml\/","og_site_name":"Muscle and Madness Supplement Store","article_modified_time":"2025-07-16T14:33:31+00:00","og_image":[{"width":1080,"height":1080,"url":"https:\/\/www.muscle-madness.co.uk\/store\/wp-content\/uploads\/2025\/02\/7Nutrition-Extra-Virgin-Coconut-Oil-900ml.jpg","type":"image\/jpeg"}],"twitter_card":"summary_large_image","twitter_misc":{"Est. reading time":"2 minutes"},"schema":{"@context":"https:\/\/schema.org","@graph":[{"@type":"WebPage","@id":"https:\/\/www.muscle-madness.co.uk\/store\/product\/7nutrition-extra-virgin-coconut-oil-900ml\/","url":"https:\/\/www.muscle-madness.co.uk\/store\/product\/7nutrition-extra-virgin-coconut-oil-900ml\/","name":"7Nutrition Extra Virgin Coconut Oil 900ml - Muscle and Madness Supplement Store","isPartOf":{"@id":"https:\/\/www.muscle-madness.co.uk\/store\/#website"},"primaryImageOfPage":{"@id":"https:\/\/www.muscle-madness.co.uk\/store\/product\/7nutrition-extra-virgin-coconut-oil-900ml\/#primaryimage"},"image":{"@id":"https:\/\/www.muscle-madness.co.uk\/store\/product\/7nutrition-extra-virgin-coconut-oil-900ml\/#primaryimage"},"thumbnailUrl":"https:\/\/www.muscle-madness.co.uk\/store\/wp-content\/uploads\/2025\/02\/7Nutrition-Extra-Virgin-Coconut-Oil-900ml.jpg","datePublished":"2025-02-17T13:01:28+00:00","dateModified":"2025-07-16T14:33:31+00:00","description":"COCOVITA extra virgin coconut oil is obtained from fresh coconut flesh. The most valuable is cold-pressed, unrefined coconut oil. It has a pleasant smell and a delicate coconut flavour. At temperatures up to 26 degrees, it is solid and white in colour, at higher temperatures it becomes liquid and transparent. Saturated fatty acids account for as much as 90% of the content of this oil. Thanks to the medium-chain structure, they are not deposited as fat, but converted into energy that speeds up metabolism. The rest of the ingredients are healthy mono- and polyunsaturated fatty acids, vitamins E, B, C, minerals (calcium, iron, magnesium, phosphorus, potassium, sodium, zinc) and lauric acid. Coconut oil COCOVITA extra virgin Coconut oil can be used culinary - as a substitute for butter or a base for baking cakes, pies or desserts. It will work in any kitchen for frying, baking and stewing. It can also be successfully added to dressings or salad dressings. Coconut oil can be consumed by vegetarians, perfectly replacing fats of animal origin. It is also a gluten-free and hypoallergenic product. Coconut oil is also used in cosmetics. Applied as a cream for dry skin, it gives it a healthy look. It works great for acne and oily skin, as well as for scalp and hair care. Nutritional Value Per 100gEnergy 3609 kJ\/ 862 kcal Fat 100 g including saturated 91,8 g Protein 0 g Carbohydrates 0 g of which simple sugars 0 g salt 0 gPRODUCER:7FIT Sp\u00f3\u0142ka Akcyjna Stanowice 82A55-200 O\u0142awa","breadcrumb":{"@id":"https:\/\/www.muscle-madness.co.uk\/store\/product\/7nutrition-extra-virgin-coconut-oil-900ml\/#breadcrumb"},"inLanguage":"en-US","potentialAction":[{"@type":"ReadAction","target":["https:\/\/www.muscle-madness.co.uk\/store\/product\/7nutrition-extra-virgin-coconut-oil-900ml\/"]}]},{"@type":"ImageObject","inLanguage":"en-US","@id":"https:\/\/www.muscle-madness.co.uk\/store\/product\/7nutrition-extra-virgin-coconut-oil-900ml\/#primaryimage","url":"https:\/\/www.muscle-madness.co.uk\/store\/wp-content\/uploads\/2025\/02\/7Nutrition-Extra-Virgin-Coconut-Oil-900ml.jpg","contentUrl":"https:\/\/www.muscle-madness.co.uk\/store\/wp-content\/uploads\/2025\/02\/7Nutrition-Extra-Virgin-Coconut-Oil-900ml.jpg","width":1080,"height":1080,"caption":"7Nutrition Extra Virgin Coconut Oil 900ml"},{"@type":"BreadcrumbList","@id":"https:\/\/www.muscle-madness.co.uk\/store\/product\/7nutrition-extra-virgin-coconut-oil-900ml\/#breadcrumb","itemListElement":[{"@type":"ListItem","position":1,"name":"Home","item":"https:\/\/www.muscle-madness.co.uk\/store\/"},{"@type":"ListItem","position":2,"name":"Shop","item":"https:\/\/www.muscle-madness.co.uk\/store\/shop-2\/"},{"@type":"ListItem","position":3,"name":"7Nutrition Extra Virgin Coconut Oil 900ml"}]},{"@type":"WebSite","@id":"https:\/\/www.muscle-madness.co.uk\/store\/#website","url":"https:\/\/www.muscle-madness.co.uk\/store\/","name":"Muscle and Madness Supplement Store","description":"Suplement Store","potentialAction":[{"@type":"SearchAction","target":{"@type":"EntryPoint","urlTemplate":"https:\/\/www.muscle-madness.co.uk\/store\/?s={search_term_string}"},"query-input":{"@type":"PropertyValueSpecification","valueRequired":true,"valueName":"search_term_string"}}],"inLanguage":"en-US"}]}},"jetpack_sharing_enabled":true,"_links":{"self":[{"href":"https:\/\/www.muscle-madness.co.uk\/store\/wp-json\/wp\/v2\/product\/1895","targetHints":{"allow":["GET"]}}],"collection":[{"href":"https:\/\/www.muscle-madness.co.uk\/store\/wp-json\/wp\/v2\/product"}],"about":[{"href":"https:\/\/www.muscle-madness.co.uk\/store\/wp-json\/wp\/v2\/types\/product"}],"replies":[{"embeddable":true,"href":"https:\/\/www.muscle-madness.co.uk\/store\/wp-json\/wp\/v2\/comments?post=1895"}],"wp:featuredmedia":[{"embeddable":true,"href":"https:\/\/www.muscle-madness.co.uk\/store\/wp-json\/wp\/v2\/media\/1896"}],"wp:attachment":[{"href":"https:\/\/www.muscle-madness.co.uk\/store\/wp-json\/wp\/v2\/media?parent=1895"}],"wp:term":[{"taxonomy":"product_brand","embeddable":true,"href":"https:\/\/www.muscle-madness.co.uk\/store\/wp-json\/wp\/v2\/product_brand?post=1895"},{"taxonomy":"product_cat","embeddable":true,"href":"https:\/\/www.muscle-madness.co.uk\/store\/wp-json\/wp\/v2\/product_cat?post=1895"},{"taxonomy":"product_tag","embeddable":true,"href":"https:\/\/www.muscle-madness.co.uk\/store\/wp-json\/wp\/v2\/product_tag?post=1895"}],"curies":[{"name":"wp","href":"https:\/\/api.w.org\/{rel}","templated":true}]}}