{"id":1882,"date":"2025-02-12T17:14:03","date_gmt":"2025-02-12T17:14:03","guid":{"rendered":"https:\/\/www.muscle-madness.co.uk\/store\/?post_type=product&#038;p=1882"},"modified":"2025-12-04T17:34:17","modified_gmt":"2025-12-04T17:34:17","slug":"7nutrition-green-detox-225g","status":"publish","type":"product","link":"https:\/\/www.muscle-madness.co.uk\/store\/product\/7nutrition-green-detox-225g\/","title":{"rendered":"7Nutrition Green Detox 225g"},"content":{"rendered":"<p><strong>7Nutrition GREEN DETOX 225 g<\/strong>. Food supplement. Natural support for the digestive system. Composition of ingredients based on apple fiber with young barley and algae (spirulina, chlorella) and prebiotic (chicory inulin). A blend with cleansing, nutritional and antioxidant properties.<\/p>\n<p><strong>INGREDIENTS<\/strong>: Apple fibre; young barley powder; spirulina powder (<em>Spirulina platensis)<\/em>; chlorella powder (<em>Chlorella vulgaris<\/em>); bamboo shoot extract\u00a0<em>(Bambusa vulgaris)<\/em>\u00a0[75% silica] (15:1); chicory inulin; soy lecithin; dandelion extract [root] (<em>Taraxacum officinale<\/em>) (4:1]; artichoke extract [leaves]\u00a0<em>(Cynara scolymus)<\/em>\u00a0[5% cynarin] (15:1); parsley extract [herb]\u00a0<em>(Petroselinum crispum)<\/em>\u00a0[2 % chlorophyll] (8:1).<\/p>\n<h5><strong>RECOMMENDED USE<\/strong>:<\/h5>\n<p>Dissolve a portion of 9 g (3\/4 scoop) in 200-250 ml of water, plant drink or juice. Consume immediately after preparation.<\/p>\n<p>Daily portion &#8211; 300 mg (1 scoop).<\/p>\n<p>Do not exceed the recommended daily dose.<\/p>\n<p>Do not use if you are allergic to any of supplement ingredients or if pregnant or nursing women. Product is not for children.<\/p>\n<p><strong>STORAGE<\/strong>: Store in dry and cool place. Keep out of reach of little children. Protect from direct sunlight.<\/p>\n<p><strong>WARNINGS<\/strong>: Foods supplements should not be used as a substitute for a varied and well-balanced diet. It is important to lead a healthy lifestyle and a balanced diet.<\/p>\n<p><strong>NET WEIGHT<\/strong>: 225 g<\/p>\n<p><strong>NUTRITION FACTS:<\/strong><\/p>\n<p>&nbsp;<\/p>\n<table class=\"tab-table\">\n<thead>\n<tr>\n<th>Active ingredients<\/th>\n<th>9 g<\/th>\n<th>100 g<\/th>\n<\/tr>\n<\/thead>\n<tbody>\n<tr>\n<td>Apple fibre<\/td>\n<td>3 g<\/td>\n<td>33 g<\/td>\n<\/tr>\n<tr>\n<td>Young barley powder<\/td>\n<td>2 g<\/td>\n<td>22 g<\/td>\n<\/tr>\n<tr>\n<td>Spirulina<\/td>\n<td>1 g<\/td>\n<td>11 g<\/td>\n<\/tr>\n<tr>\n<td>Chlorella<\/td>\n<td>1 g<\/td>\n<td>11 g<\/td>\n<\/tr>\n<tr>\n<td>Bamboo extract<\/td>\n<td>0,6 g<\/td>\n<td>5,7 g<\/td>\n<\/tr>\n<tr>\n<td>\u00a0\u00a0 of which Silica (75 %)<\/td>\n<td>0,45 g<\/td>\n<td>5 g<\/td>\n<\/tr>\n<tr>\n<td>\u00a0\u00a0 of which Silicon<\/td>\n<td>0,21 g<\/td>\n<td>2,3 g<\/td>\n<\/tr>\n<tr>\n<td>Inulin<\/td>\n<td>0,5 g<\/td>\n<td>5,6 g<\/td>\n<\/tr>\n<tr>\n<td>Soy Lecithin<\/td>\n<td>0,4 g<\/td>\n<td>4,4 g<\/td>\n<\/tr>\n<tr>\n<td>Dandelion extract<\/td>\n<td>0,2 g<\/td>\n<td>2,2 g<\/td>\n<\/tr>\n<tr>\n<td>Artichoke extract<\/td>\n<td>0,2 g<\/td>\n<td>2,2 g<\/td>\n<\/tr>\n<tr>\n<td>\u00a0\u00a0 of which Cynarin (5 %)<\/td>\n<td>0,01 g<\/td>\n<td>0,11 g<\/td>\n<\/tr>\n<tr>\n<td>Parsley extract 8:1<\/td>\n<td>0,1 g<\/td>\n<td>1 g<\/td>\n<\/tr>\n<tr>\n<td>\u00a0\u00a0 \u00a0of which Chlorophyll (2 %)<\/td>\n<td>0,002 g<\/td>\n<td>0,12 g<\/td>\n<\/tr>\n<\/tbody>\n<\/table>\n<p>&nbsp;<\/p>\n<p><strong>PRODUCER:<\/strong><\/p>\n<p>7FIT Sp\u00f3\u0142ka Akcyjna<\/p>\n<p>Stanowice 82a<\/p>\n<p>55-200 O\u0142awa<\/p>\n","protected":false},"excerpt":{"rendered":"<div class=\"product_name__block --name pb-2\">\n<p class=\"product_name__name m-0\">7Nutrition GREEN DETOX 225g<\/p>\n<\/div>\n<div class=\"product_name__block --description pb-3\">\n<ul>\n<li>High content of dietary fiber.<\/li>\n<li>Product suitable for vegans and vegetarians.<\/li>\n<li>Free of gluten, sweeteners, flavors, preservatives.<\/li>\n<\/ul>\n<\/div>\n","protected":false},"featured_media":1883,"comment_status":"open","ping_status":"closed","template":"","meta":[],"product_brand":[],"product_cat":[155,143,87,104],"product_tag":[311,312,233,298,146],"class_list":{"0":"post-1882","1":"product","2":"type-product","3":"status-publish","4":"has-post-thumbnail","6":"product_cat-7nutrition","7":"product_cat-new-arrivals","8":"product_cat-supplements","9":"product_cat-vitamins-minerals","10":"product_tag-detox","11":"product_tag-green","12":"product_tag-health","13":"product_tag-natural","14":"product_tag-supplement","16":"first","17":"outofstock","18":"shipping-taxable","19":"purchasable","20":"product-type-simple"},"yoast_head":"<!-- This site is optimized with the Yoast SEO plugin v27.2 - https:\/\/yoast.com\/product\/yoast-seo-wordpress\/ -->\n<title>7Nutrition Green Detox 225g - Muscle and Madness Supplement Store<\/title>\n<meta name=\"description\" content=\"7Nutrition GREEN DETOX 225 g. Food supplement. Natural support for the digestive system. Composition of ingredients based on apple fibre with young barley and algae (spirulina, chlorella) and prebiotic (chicory inulin). A blend with cleansing, nutritional and antioxidant properties. INGREDIENTS: Apple fibre; young barley powder; spirulina powder (Spirulina platensis); chlorella powder (Chlorella vulgaris); bamboo shoot extract (Bambusa vulgaris) [75% silica] (15:1); chicory inulin; soy lecithin; dandelion extract [root] (Taraxacum officinale) (4:1]; artichoke extract [leaves] (Cynara scolymus) [5% cynarin] (15:1); parsley extract [herb] (Petroselinum crispum) [2 % chlorophyll] (8:1). RECOMMENDED USE: Dissolve a portion of 9 g (3\/4 scoop) in 200-250 ml of water, plant drink or juice. Consume immediately after preparation. Daily portion - 300 mg (1 scoop).Do not exceed the recommended daily dose. Do not use if you are allergic to any of supplement ingredients. Do not use if pregnant or nursing women. Product not for children. STORAGE: Store in dry and cool place. Keep out of reach of little children. Protect from direct sunlight. WARNINGS: Foods supplements should not be used as a substitute for a varied and well-balanced diet. It is important to lead a healthy lifestyle and a balanced diet.NET WEIGHT: 225 g NUTRITION FACTS: Active ingredients 9 g 100 g Apple fibre 3 g 33 g Young barley powder 2 g 22 g Spirulina 1 g 11 g Chlorella 1 g 11 g Bamboo extract 0,6 g 5,7 g of which Silica (75 %) 0,45 g 5 g of which Silicon 0,21 g 2,3 g Inulin 0,5 g 5,6 g Soy Lecithin 0,4 g 4,4 g Dandelion extract 0,2 g 2,2 g Artichoke extract 0,2 g 2,2 g of which Cynarin (5 %) 0,01 g 0,11 g Parsley extract 8:1 0,1 g 1 g of which Chlorophyll (2 %) 0,002 g 0,12 g PRODUCER:7FIT Sp\u00f3\u0142ka AkcyjnaStanowice 82a55-200 O\u0142awa\" \/>\n<meta name=\"robots\" content=\"index, follow, max-snippet:-1, max-image-preview:large, max-video-preview:-1\" \/>\n<link rel=\"canonical\" href=\"https:\/\/www.muscle-madness.co.uk\/store\/product\/7nutrition-green-detox-225g\/\" \/>\n<meta property=\"og:locale\" content=\"en_US\" \/>\n<meta property=\"og:type\" content=\"article\" \/>\n<meta property=\"og:title\" content=\"7Nutrition Green Detox 225g - Muscle and Madness Supplement Store\" \/>\n<meta property=\"og:description\" content=\"7Nutrition GREEN DETOX 225 g. Food supplement. Natural support for the digestive system. Composition of ingredients based on apple fibre with young barley and algae (spirulina, chlorella) and prebiotic (chicory inulin). A blend with cleansing, nutritional and antioxidant properties. INGREDIENTS: Apple fibre; young barley powder; spirulina powder (Spirulina platensis); chlorella powder (Chlorella vulgaris); bamboo shoot extract (Bambusa vulgaris) [75% silica] (15:1); chicory inulin; soy lecithin; dandelion extract [root] (Taraxacum officinale) (4:1]; artichoke extract [leaves] (Cynara scolymus) [5% cynarin] (15:1); parsley extract [herb] (Petroselinum crispum) [2 % chlorophyll] (8:1). RECOMMENDED USE: Dissolve a portion of 9 g (3\/4 scoop) in 200-250 ml of water, plant drink or juice. Consume immediately after preparation. Daily portion - 300 mg (1 scoop).Do not exceed the recommended daily dose. Do not use if you are allergic to any of supplement ingredients. Do not use if pregnant or nursing women. Product not for children. STORAGE: Store in dry and cool place. Keep out of reach of little children. Protect from direct sunlight. WARNINGS: Foods supplements should not be used as a substitute for a varied and well-balanced diet. It is important to lead a healthy lifestyle and a balanced diet.NET WEIGHT: 225 g NUTRITION FACTS: Active ingredients 9 g 100 g Apple fibre 3 g 33 g Young barley powder 2 g 22 g Spirulina 1 g 11 g Chlorella 1 g 11 g Bamboo extract 0,6 g 5,7 g of which Silica (75 %) 0,45 g 5 g of which Silicon 0,21 g 2,3 g Inulin 0,5 g 5,6 g Soy Lecithin 0,4 g 4,4 g Dandelion extract 0,2 g 2,2 g Artichoke extract 0,2 g 2,2 g of which Cynarin (5 %) 0,01 g 0,11 g Parsley extract 8:1 0,1 g 1 g of which Chlorophyll (2 %) 0,002 g 0,12 g PRODUCER:7FIT Sp\u00f3\u0142ka AkcyjnaStanowice 82a55-200 O\u0142awa\" \/>\n<meta property=\"og:url\" content=\"https:\/\/www.muscle-madness.co.uk\/store\/product\/7nutrition-green-detox-225g\/\" \/>\n<meta property=\"og:site_name\" content=\"Muscle and Madness Supplement Store\" \/>\n<meta property=\"article:modified_time\" content=\"2025-12-04T17:34:17+00:00\" \/>\n<meta property=\"og:image\" content=\"https:\/\/www.muscle-madness.co.uk\/store\/wp-content\/uploads\/2025\/02\/7Nutrition-health-Green-Detox-225g.jpg\" \/>\n\t<meta property=\"og:image:width\" content=\"1080\" \/>\n\t<meta property=\"og:image:height\" content=\"1080\" \/>\n\t<meta property=\"og:image:type\" content=\"image\/jpeg\" \/>\n<meta name=\"twitter:card\" content=\"summary_large_image\" \/>\n<meta name=\"twitter:label1\" content=\"Est. reading time\" \/>\n\t<meta name=\"twitter:data1\" content=\"2 minutes\" \/>\n<script type=\"application\/ld+json\" class=\"yoast-schema-graph\">{\"@context\":\"https:\/\/schema.org\",\"@graph\":[{\"@type\":\"WebPage\",\"@id\":\"https:\/\/www.muscle-madness.co.uk\/store\/product\/7nutrition-green-detox-225g\/\",\"url\":\"https:\/\/www.muscle-madness.co.uk\/store\/product\/7nutrition-green-detox-225g\/\",\"name\":\"7Nutrition Green Detox 225g - Muscle and Madness Supplement Store\",\"isPartOf\":{\"@id\":\"https:\/\/www.muscle-madness.co.uk\/store\/#website\"},\"primaryImageOfPage\":{\"@id\":\"https:\/\/www.muscle-madness.co.uk\/store\/product\/7nutrition-green-detox-225g\/#primaryimage\"},\"image\":{\"@id\":\"https:\/\/www.muscle-madness.co.uk\/store\/product\/7nutrition-green-detox-225g\/#primaryimage\"},\"thumbnailUrl\":\"https:\/\/www.muscle-madness.co.uk\/store\/wp-content\/uploads\/2025\/02\/7Nutrition-health-Green-Detox-225g.jpg\",\"datePublished\":\"2025-02-12T17:14:03+00:00\",\"dateModified\":\"2025-12-04T17:34:17+00:00\",\"description\":\"7Nutrition GREEN DETOX 225 g. Food supplement. Natural support for the digestive system. Composition of ingredients based on apple fibre with young barley and algae (spirulina, chlorella) and prebiotic (chicory inulin). A blend with cleansing, nutritional and antioxidant properties. INGREDIENTS: Apple fibre; young barley powder; spirulina powder (Spirulina platensis); chlorella powder (Chlorella vulgaris); bamboo shoot extract (Bambusa vulgaris) [75% silica] (15:1); chicory inulin; soy lecithin; dandelion extract [root] (Taraxacum officinale) (4:1]; artichoke extract [leaves] (Cynara scolymus) [5% cynarin] (15:1); parsley extract [herb] (Petroselinum crispum) [2 % chlorophyll] (8:1). RECOMMENDED USE: Dissolve a portion of 9 g (3\/4 scoop) in 200-250 ml of water, plant drink or juice. Consume immediately after preparation. Daily portion - 300 mg (1 scoop).Do not exceed the recommended daily dose. Do not use if you are allergic to any of supplement ingredients. Do not use if pregnant or nursing women. Product not for children. STORAGE: Store in dry and cool place. Keep out of reach of little children. Protect from direct sunlight. WARNINGS: Foods supplements should not be used as a substitute for a varied and well-balanced diet. It is important to lead a healthy lifestyle and a balanced diet.NET WEIGHT: 225 g NUTRITION FACTS: Active ingredients 9 g 100 g Apple fibre 3 g 33 g Young barley powder 2 g 22 g Spirulina 1 g 11 g Chlorella 1 g 11 g Bamboo extract 0,6 g 5,7 g of which Silica (75 %) 0,45 g 5 g of which Silicon 0,21 g 2,3 g Inulin 0,5 g 5,6 g Soy Lecithin 0,4 g 4,4 g Dandelion extract 0,2 g 2,2 g Artichoke extract 0,2 g 2,2 g of which Cynarin (5 %) 0,01 g 0,11 g Parsley extract 8:1 0,1 g 1 g of which Chlorophyll (2 %) 0,002 g 0,12 g PRODUCER:7FIT Sp\u00f3\u0142ka AkcyjnaStanowice 82a55-200 O\u0142awa\",\"breadcrumb\":{\"@id\":\"https:\/\/www.muscle-madness.co.uk\/store\/product\/7nutrition-green-detox-225g\/#breadcrumb\"},\"inLanguage\":\"en-US\",\"potentialAction\":[{\"@type\":\"ReadAction\",\"target\":[\"https:\/\/www.muscle-madness.co.uk\/store\/product\/7nutrition-green-detox-225g\/\"]}]},{\"@type\":\"ImageObject\",\"inLanguage\":\"en-US\",\"@id\":\"https:\/\/www.muscle-madness.co.uk\/store\/product\/7nutrition-green-detox-225g\/#primaryimage\",\"url\":\"https:\/\/www.muscle-madness.co.uk\/store\/wp-content\/uploads\/2025\/02\/7Nutrition-health-Green-Detox-225g.jpg\",\"contentUrl\":\"https:\/\/www.muscle-madness.co.uk\/store\/wp-content\/uploads\/2025\/02\/7Nutrition-health-Green-Detox-225g.jpg\",\"width\":1080,\"height\":1080,\"caption\":\"7Nutrition health Green Detox 225g\"},{\"@type\":\"BreadcrumbList\",\"@id\":\"https:\/\/www.muscle-madness.co.uk\/store\/product\/7nutrition-green-detox-225g\/#breadcrumb\",\"itemListElement\":[{\"@type\":\"ListItem\",\"position\":1,\"name\":\"Home\",\"item\":\"https:\/\/www.muscle-madness.co.uk\/store\/\"},{\"@type\":\"ListItem\",\"position\":2,\"name\":\"Shop\",\"item\":\"https:\/\/www.muscle-madness.co.uk\/store\/shop-2\/\"},{\"@type\":\"ListItem\",\"position\":3,\"name\":\"7Nutrition Green Detox 225g\"}]},{\"@type\":\"WebSite\",\"@id\":\"https:\/\/www.muscle-madness.co.uk\/store\/#website\",\"url\":\"https:\/\/www.muscle-madness.co.uk\/store\/\",\"name\":\"Muscle and Madness Supplement Store\",\"description\":\"Suplement Store\",\"potentialAction\":[{\"@type\":\"SearchAction\",\"target\":{\"@type\":\"EntryPoint\",\"urlTemplate\":\"https:\/\/www.muscle-madness.co.uk\/store\/?s={search_term_string}\"},\"query-input\":{\"@type\":\"PropertyValueSpecification\",\"valueRequired\":true,\"valueName\":\"search_term_string\"}}],\"inLanguage\":\"en-US\"}]}<\/script>\n<!-- \/ Yoast SEO plugin. -->","yoast_head_json":{"title":"7Nutrition Green Detox 225g - Muscle and Madness Supplement Store","description":"7Nutrition GREEN DETOX 225 g. Food supplement. Natural support for the digestive system. Composition of ingredients based on apple fibre with young barley and algae (spirulina, chlorella) and prebiotic (chicory inulin). A blend with cleansing, nutritional and antioxidant properties. INGREDIENTS: Apple fibre; young barley powder; spirulina powder (Spirulina platensis); chlorella powder (Chlorella vulgaris); bamboo shoot extract (Bambusa vulgaris) [75% silica] (15:1); chicory inulin; soy lecithin; dandelion extract [root] (Taraxacum officinale) (4:1]; artichoke extract [leaves] (Cynara scolymus) [5% cynarin] (15:1); parsley extract [herb] (Petroselinum crispum) [2 % chlorophyll] (8:1). RECOMMENDED USE: Dissolve a portion of 9 g (3\/4 scoop) in 200-250 ml of water, plant drink or juice. Consume immediately after preparation. Daily portion - 300 mg (1 scoop).Do not exceed the recommended daily dose. Do not use if you are allergic to any of supplement ingredients. Do not use if pregnant or nursing women. Product not for children. STORAGE: Store in dry and cool place. Keep out of reach of little children. Protect from direct sunlight. WARNINGS: Foods supplements should not be used as a substitute for a varied and well-balanced diet. It is important to lead a healthy lifestyle and a balanced diet.NET WEIGHT: 225 g NUTRITION FACTS: Active ingredients 9 g 100 g Apple fibre 3 g 33 g Young barley powder 2 g 22 g Spirulina 1 g 11 g Chlorella 1 g 11 g Bamboo extract 0,6 g 5,7 g of which Silica (75 %) 0,45 g 5 g of which Silicon 0,21 g 2,3 g Inulin 0,5 g 5,6 g Soy Lecithin 0,4 g 4,4 g Dandelion extract 0,2 g 2,2 g Artichoke extract 0,2 g 2,2 g of which Cynarin (5 %) 0,01 g 0,11 g Parsley extract 8:1 0,1 g 1 g of which Chlorophyll (2 %) 0,002 g 0,12 g PRODUCER:7FIT Sp\u00f3\u0142ka AkcyjnaStanowice 82a55-200 O\u0142awa","robots":{"index":"index","follow":"follow","max-snippet":"max-snippet:-1","max-image-preview":"max-image-preview:large","max-video-preview":"max-video-preview:-1"},"canonical":"https:\/\/www.muscle-madness.co.uk\/store\/product\/7nutrition-green-detox-225g\/","og_locale":"en_US","og_type":"article","og_title":"7Nutrition Green Detox 225g - Muscle and Madness Supplement Store","og_description":"7Nutrition GREEN DETOX 225 g. Food supplement. Natural support for the digestive system. Composition of ingredients based on apple fibre with young barley and algae (spirulina, chlorella) and prebiotic (chicory inulin). A blend with cleansing, nutritional and antioxidant properties. INGREDIENTS: Apple fibre; young barley powder; spirulina powder (Spirulina platensis); chlorella powder (Chlorella vulgaris); bamboo shoot extract (Bambusa vulgaris) [75% silica] (15:1); chicory inulin; soy lecithin; dandelion extract [root] (Taraxacum officinale) (4:1]; artichoke extract [leaves] (Cynara scolymus) [5% cynarin] (15:1); parsley extract [herb] (Petroselinum crispum) [2 % chlorophyll] (8:1). RECOMMENDED USE: Dissolve a portion of 9 g (3\/4 scoop) in 200-250 ml of water, plant drink or juice. Consume immediately after preparation. Daily portion - 300 mg (1 scoop).Do not exceed the recommended daily dose. Do not use if you are allergic to any of supplement ingredients. Do not use if pregnant or nursing women. Product not for children. STORAGE: Store in dry and cool place. Keep out of reach of little children. Protect from direct sunlight. WARNINGS: Foods supplements should not be used as a substitute for a varied and well-balanced diet. It is important to lead a healthy lifestyle and a balanced diet.NET WEIGHT: 225 g NUTRITION FACTS: Active ingredients 9 g 100 g Apple fibre 3 g 33 g Young barley powder 2 g 22 g Spirulina 1 g 11 g Chlorella 1 g 11 g Bamboo extract 0,6 g 5,7 g of which Silica (75 %) 0,45 g 5 g of which Silicon 0,21 g 2,3 g Inulin 0,5 g 5,6 g Soy Lecithin 0,4 g 4,4 g Dandelion extract 0,2 g 2,2 g Artichoke extract 0,2 g 2,2 g of which Cynarin (5 %) 0,01 g 0,11 g Parsley extract 8:1 0,1 g 1 g of which Chlorophyll (2 %) 0,002 g 0,12 g PRODUCER:7FIT Sp\u00f3\u0142ka AkcyjnaStanowice 82a55-200 O\u0142awa","og_url":"https:\/\/www.muscle-madness.co.uk\/store\/product\/7nutrition-green-detox-225g\/","og_site_name":"Muscle and Madness Supplement Store","article_modified_time":"2025-12-04T17:34:17+00:00","og_image":[{"width":1080,"height":1080,"url":"https:\/\/www.muscle-madness.co.uk\/store\/wp-content\/uploads\/2025\/02\/7Nutrition-health-Green-Detox-225g.jpg","type":"image\/jpeg"}],"twitter_card":"summary_large_image","twitter_misc":{"Est. reading time":"2 minutes"},"schema":{"@context":"https:\/\/schema.org","@graph":[{"@type":"WebPage","@id":"https:\/\/www.muscle-madness.co.uk\/store\/product\/7nutrition-green-detox-225g\/","url":"https:\/\/www.muscle-madness.co.uk\/store\/product\/7nutrition-green-detox-225g\/","name":"7Nutrition Green Detox 225g - Muscle and Madness Supplement Store","isPartOf":{"@id":"https:\/\/www.muscle-madness.co.uk\/store\/#website"},"primaryImageOfPage":{"@id":"https:\/\/www.muscle-madness.co.uk\/store\/product\/7nutrition-green-detox-225g\/#primaryimage"},"image":{"@id":"https:\/\/www.muscle-madness.co.uk\/store\/product\/7nutrition-green-detox-225g\/#primaryimage"},"thumbnailUrl":"https:\/\/www.muscle-madness.co.uk\/store\/wp-content\/uploads\/2025\/02\/7Nutrition-health-Green-Detox-225g.jpg","datePublished":"2025-02-12T17:14:03+00:00","dateModified":"2025-12-04T17:34:17+00:00","description":"7Nutrition GREEN DETOX 225 g. Food supplement. Natural support for the digestive system. Composition of ingredients based on apple fibre with young barley and algae (spirulina, chlorella) and prebiotic (chicory inulin). A blend with cleansing, nutritional and antioxidant properties. INGREDIENTS: Apple fibre; young barley powder; spirulina powder (Spirulina platensis); chlorella powder (Chlorella vulgaris); bamboo shoot extract (Bambusa vulgaris) [75% silica] (15:1); chicory inulin; soy lecithin; dandelion extract [root] (Taraxacum officinale) (4:1]; artichoke extract [leaves] (Cynara scolymus) [5% cynarin] (15:1); parsley extract [herb] (Petroselinum crispum) [2 % chlorophyll] (8:1). RECOMMENDED USE: Dissolve a portion of 9 g (3\/4 scoop) in 200-250 ml of water, plant drink or juice. Consume immediately after preparation. Daily portion - 300 mg (1 scoop).Do not exceed the recommended daily dose. Do not use if you are allergic to any of supplement ingredients. Do not use if pregnant or nursing women. Product not for children. STORAGE: Store in dry and cool place. Keep out of reach of little children. Protect from direct sunlight. WARNINGS: Foods supplements should not be used as a substitute for a varied and well-balanced diet. It is important to lead a healthy lifestyle and a balanced diet.NET WEIGHT: 225 g NUTRITION FACTS: Active ingredients 9 g 100 g Apple fibre 3 g 33 g Young barley powder 2 g 22 g Spirulina 1 g 11 g Chlorella 1 g 11 g Bamboo extract 0,6 g 5,7 g of which Silica (75 %) 0,45 g 5 g of which Silicon 0,21 g 2,3 g Inulin 0,5 g 5,6 g Soy Lecithin 0,4 g 4,4 g Dandelion extract 0,2 g 2,2 g Artichoke extract 0,2 g 2,2 g of which Cynarin (5 %) 0,01 g 0,11 g Parsley extract 8:1 0,1 g 1 g of which Chlorophyll (2 %) 0,002 g 0,12 g PRODUCER:7FIT Sp\u00f3\u0142ka AkcyjnaStanowice 82a55-200 O\u0142awa","breadcrumb":{"@id":"https:\/\/www.muscle-madness.co.uk\/store\/product\/7nutrition-green-detox-225g\/#breadcrumb"},"inLanguage":"en-US","potentialAction":[{"@type":"ReadAction","target":["https:\/\/www.muscle-madness.co.uk\/store\/product\/7nutrition-green-detox-225g\/"]}]},{"@type":"ImageObject","inLanguage":"en-US","@id":"https:\/\/www.muscle-madness.co.uk\/store\/product\/7nutrition-green-detox-225g\/#primaryimage","url":"https:\/\/www.muscle-madness.co.uk\/store\/wp-content\/uploads\/2025\/02\/7Nutrition-health-Green-Detox-225g.jpg","contentUrl":"https:\/\/www.muscle-madness.co.uk\/store\/wp-content\/uploads\/2025\/02\/7Nutrition-health-Green-Detox-225g.jpg","width":1080,"height":1080,"caption":"7Nutrition health Green Detox 225g"},{"@type":"BreadcrumbList","@id":"https:\/\/www.muscle-madness.co.uk\/store\/product\/7nutrition-green-detox-225g\/#breadcrumb","itemListElement":[{"@type":"ListItem","position":1,"name":"Home","item":"https:\/\/www.muscle-madness.co.uk\/store\/"},{"@type":"ListItem","position":2,"name":"Shop","item":"https:\/\/www.muscle-madness.co.uk\/store\/shop-2\/"},{"@type":"ListItem","position":3,"name":"7Nutrition Green Detox 225g"}]},{"@type":"WebSite","@id":"https:\/\/www.muscle-madness.co.uk\/store\/#website","url":"https:\/\/www.muscle-madness.co.uk\/store\/","name":"Muscle and Madness Supplement Store","description":"Suplement Store","potentialAction":[{"@type":"SearchAction","target":{"@type":"EntryPoint","urlTemplate":"https:\/\/www.muscle-madness.co.uk\/store\/?s={search_term_string}"},"query-input":{"@type":"PropertyValueSpecification","valueRequired":true,"valueName":"search_term_string"}}],"inLanguage":"en-US"}]}},"jetpack_sharing_enabled":true,"_links":{"self":[{"href":"https:\/\/www.muscle-madness.co.uk\/store\/wp-json\/wp\/v2\/product\/1882","targetHints":{"allow":["GET"]}}],"collection":[{"href":"https:\/\/www.muscle-madness.co.uk\/store\/wp-json\/wp\/v2\/product"}],"about":[{"href":"https:\/\/www.muscle-madness.co.uk\/store\/wp-json\/wp\/v2\/types\/product"}],"replies":[{"embeddable":true,"href":"https:\/\/www.muscle-madness.co.uk\/store\/wp-json\/wp\/v2\/comments?post=1882"}],"wp:featuredmedia":[{"embeddable":true,"href":"https:\/\/www.muscle-madness.co.uk\/store\/wp-json\/wp\/v2\/media\/1883"}],"wp:attachment":[{"href":"https:\/\/www.muscle-madness.co.uk\/store\/wp-json\/wp\/v2\/media?parent=1882"}],"wp:term":[{"taxonomy":"product_brand","embeddable":true,"href":"https:\/\/www.muscle-madness.co.uk\/store\/wp-json\/wp\/v2\/product_brand?post=1882"},{"taxonomy":"product_cat","embeddable":true,"href":"https:\/\/www.muscle-madness.co.uk\/store\/wp-json\/wp\/v2\/product_cat?post=1882"},{"taxonomy":"product_tag","embeddable":true,"href":"https:\/\/www.muscle-madness.co.uk\/store\/wp-json\/wp\/v2\/product_tag?post=1882"}],"curies":[{"name":"wp","href":"https:\/\/api.w.org\/{rel}","templated":true}]}}