{"id":1880,"date":"2025-02-12T17:00:09","date_gmt":"2025-02-12T17:00:09","guid":{"rendered":"https:\/\/www.muscle-madness.co.uk\/store\/?post_type=product&#038;p=1880"},"modified":"2025-08-27T15:16:30","modified_gmt":"2025-08-27T15:16:30","slug":"7nutrition-steel-joints-60-caps","status":"publish","type":"product","link":"https:\/\/www.muscle-madness.co.uk\/store\/product\/7nutrition-steel-joints-60-caps\/","title":{"rendered":"7Nutrition Steel Joints 60 caps"},"content":{"rendered":"<p><strong>7NUTRITION STEEL JOINTS 60 caps.<\/strong><\/p>\n<p>Dietary Supplement. Glucosamine sulphate helps maintain functional joints, bones, ligaments and tendons. Boswellia serrata extract helps maintain flexibility. MSM helps improve cartilage regeneration and nutrition.<\/p>\n<p>Use: Take 2 capsules once a day with 200 ml of water.<\/p>\n<table class=\"tab-table\" border=\"0\">\n<tbody>\n<tr>\n<td width=\"514\"><strong>Ingredients<\/strong><\/td>\n<td width=\"120\"><strong>Portion 2\u00a0Capsules<\/strong><\/td>\n<\/tr>\n<tr>\n<td width=\"514\">MSM (Methylsulfonylmethane)<\/td>\n<td width=\"120\">500,00 mg<\/td>\n<\/tr>\n<tr>\n<td width=\"514\">Chondroitin Sulphate 90%<\/td>\n<td width=\"120\">400,00 mg<\/td>\n<\/tr>\n<tr>\n<td width=\"514\">Glucosamine Sulphate 2 KCL<\/td>\n<td width=\"120\">700,00 mg<\/td>\n<\/tr>\n<tr>\n<td width=\"514\">of which Glucosamine<\/td>\n<td width=\"120\">525,00 mg<\/td>\n<\/tr>\n<tr>\n<td width=\"514\">Boswellia Serrata extract 65%<\/td>\n<td width=\"120\">50,00 mg<\/td>\n<\/tr>\n<tr>\n<td width=\"514\">Hyaluronic Acid<\/td>\n<td width=\"120\">10,00 mg<\/td>\n<\/tr>\n<tr>\n<td width=\"514\">Ginger Extract (5% Gingerols)<\/td>\n<td width=\"120\">50,00 mg<\/td>\n<\/tr>\n<tr>\n<td width=\"514\">Vitamin\u00a0C<\/td>\n<td width=\"120\">40,00 mg<\/td>\n<\/tr>\n<tr>\n<td width=\"514\">Manganese<\/td>\n<td width=\"120\">2,2 mg<\/td>\n<\/tr>\n<\/tbody>\n<\/table>\n<p><strong>PRODUCER:<\/strong><\/p>\n<p>7FIT Sp\u00f3\u0142ka Akcyjna<\/p>\n<p>Stanowice 82A<\/p>\n<div>\n<div class=\"vk_sh vk_bk\">55-200 O\u0142awa<\/div>\n<\/div>\n","protected":false},"excerpt":{"rendered":"<p>Dietary Supplement. Glucosamine sulphate helps maintain functional joints, bones, ligaments and tendons. Boswellia serrata extract helps maintain flexibility. MSM helps improve cartilage regeneration and nutrition.<\/p>\n","protected":false},"featured_media":1881,"comment_status":"open","ping_status":"closed","template":"","meta":[],"product_brand":[],"product_cat":[155,87],"product_tag":[233,284,264,267,146],"class_list":{"0":"post-1880","1":"product","2":"type-product","3":"status-publish","4":"has-post-thumbnail","6":"product_cat-7nutrition","7":"product_cat-supplements","8":"product_tag-health","9":"product_tag-joints","10":"product_tag-liver-support","11":"product_tag-skin","12":"product_tag-supplement","14":"first","15":"outofstock","16":"shipping-taxable","17":"purchasable","18":"product-type-simple"},"yoast_head":"<!-- This site is optimized with the Yoast SEO plugin v27.2 - https:\/\/yoast.com\/product\/yoast-seo-wordpress\/ -->\n<title>7Nutrition Steel Joints 60 caps - Muscle and Madness Supplement Store<\/title>\n<meta name=\"description\" content=\"7NUTRITION STEEL JOINTS 60 caps. Dietary Supplement. Glucosamine sulphate helps maintain functional joints, bones, ligaments and tendons. Boswellia serrata extract helps maintain flexibility. MSM helps improve cartilage regeneration and nutrition. Use: Take 2 capsules once a day with 200 ml of water. Portion 2 Capsules MSM (Methylsulfonylmethane) 500,00 mg Chondroitin Sulphate 90% 400,00 mg Glucosamine Sulphate 2 KCL 700,00 mg of which Glucosamin 525,00 mg Boswellia Serrata extract 65% 50,00 mg Hyaluronic Acid 10,00 mg Ginger Extract (5% Gingerols) 50,00 mg Vitamin C 40,00 mg Manganese 2,2 mgPRODUCER:7FIT Sp\u00f3\u0142ka Akcyjna Stanowice 82A55-200 O\u0142awa\" \/>\n<meta name=\"robots\" content=\"index, follow, max-snippet:-1, max-image-preview:large, max-video-preview:-1\" \/>\n<link rel=\"canonical\" href=\"https:\/\/www.muscle-madness.co.uk\/store\/product\/7nutrition-steel-joints-60-caps\/\" \/>\n<meta property=\"og:locale\" content=\"en_US\" \/>\n<meta property=\"og:type\" content=\"article\" \/>\n<meta property=\"og:title\" content=\"7Nutrition Steel Joints 60 caps - Muscle and Madness Supplement Store\" \/>\n<meta property=\"og:description\" content=\"7NUTRITION STEEL JOINTS 60 caps. Dietary Supplement. Glucosamine sulphate helps maintain functional joints, bones, ligaments and tendons. Boswellia serrata extract helps maintain flexibility. MSM helps improve cartilage regeneration and nutrition. Use: Take 2 capsules once a day with 200 ml of water. Portion 2 Capsules MSM (Methylsulfonylmethane) 500,00 mg Chondroitin Sulphate 90% 400,00 mg Glucosamine Sulphate 2 KCL 700,00 mg of which Glucosamin 525,00 mg Boswellia Serrata extract 65% 50,00 mg Hyaluronic Acid 10,00 mg Ginger Extract (5% Gingerols) 50,00 mg Vitamin C 40,00 mg Manganese 2,2 mgPRODUCER:7FIT Sp\u00f3\u0142ka Akcyjna Stanowice 82A55-200 O\u0142awa\" \/>\n<meta property=\"og:url\" content=\"https:\/\/www.muscle-madness.co.uk\/store\/product\/7nutrition-steel-joints-60-caps\/\" \/>\n<meta property=\"og:site_name\" content=\"Muscle and Madness Supplement Store\" \/>\n<meta property=\"article:modified_time\" content=\"2025-08-27T15:16:30+00:00\" \/>\n<meta property=\"og:image\" content=\"https:\/\/www.muscle-madness.co.uk\/store\/wp-content\/uploads\/2025\/02\/7Nutrition-health-Steel-Joints-60-caps.jpg\" \/>\n\t<meta property=\"og:image:width\" content=\"1080\" \/>\n\t<meta property=\"og:image:height\" content=\"1080\" \/>\n\t<meta property=\"og:image:type\" content=\"image\/jpeg\" \/>\n<meta name=\"twitter:card\" content=\"summary_large_image\" \/>\n<meta name=\"twitter:label1\" content=\"Est. reading time\" \/>\n\t<meta name=\"twitter:data1\" content=\"1 minute\" \/>\n<script type=\"application\/ld+json\" class=\"yoast-schema-graph\">{\"@context\":\"https:\/\/schema.org\",\"@graph\":[{\"@type\":\"WebPage\",\"@id\":\"https:\/\/www.muscle-madness.co.uk\/store\/product\/7nutrition-steel-joints-60-caps\/\",\"url\":\"https:\/\/www.muscle-madness.co.uk\/store\/product\/7nutrition-steel-joints-60-caps\/\",\"name\":\"7Nutrition Steel Joints 60 caps - Muscle and Madness Supplement Store\",\"isPartOf\":{\"@id\":\"https:\/\/www.muscle-madness.co.uk\/store\/#website\"},\"primaryImageOfPage\":{\"@id\":\"https:\/\/www.muscle-madness.co.uk\/store\/product\/7nutrition-steel-joints-60-caps\/#primaryimage\"},\"image\":{\"@id\":\"https:\/\/www.muscle-madness.co.uk\/store\/product\/7nutrition-steel-joints-60-caps\/#primaryimage\"},\"thumbnailUrl\":\"https:\/\/www.muscle-madness.co.uk\/store\/wp-content\/uploads\/2025\/02\/7Nutrition-health-Steel-Joints-60-caps.jpg\",\"datePublished\":\"2025-02-12T17:00:09+00:00\",\"dateModified\":\"2025-08-27T15:16:30+00:00\",\"description\":\"7NUTRITION STEEL JOINTS 60 caps. Dietary Supplement. Glucosamine sulphate helps maintain functional joints, bones, ligaments and tendons. Boswellia serrata extract helps maintain flexibility. MSM helps improve cartilage regeneration and nutrition. Use: Take 2 capsules once a day with 200 ml of water. Portion 2 Capsules MSM (Methylsulfonylmethane) 500,00 mg Chondroitin Sulphate 90% 400,00 mg Glucosamine Sulphate 2 KCL 700,00 mg of which Glucosamin 525,00 mg Boswellia Serrata extract 65% 50,00 mg Hyaluronic Acid 10,00 mg Ginger Extract (5% Gingerols) 50,00 mg Vitamin C 40,00 mg Manganese 2,2 mgPRODUCER:7FIT Sp\u00f3\u0142ka Akcyjna Stanowice 82A55-200 O\u0142awa\",\"breadcrumb\":{\"@id\":\"https:\/\/www.muscle-madness.co.uk\/store\/product\/7nutrition-steel-joints-60-caps\/#breadcrumb\"},\"inLanguage\":\"en-US\",\"potentialAction\":[{\"@type\":\"ReadAction\",\"target\":[\"https:\/\/www.muscle-madness.co.uk\/store\/product\/7nutrition-steel-joints-60-caps\/\"]}]},{\"@type\":\"ImageObject\",\"inLanguage\":\"en-US\",\"@id\":\"https:\/\/www.muscle-madness.co.uk\/store\/product\/7nutrition-steel-joints-60-caps\/#primaryimage\",\"url\":\"https:\/\/www.muscle-madness.co.uk\/store\/wp-content\/uploads\/2025\/02\/7Nutrition-health-Steel-Joints-60-caps.jpg\",\"contentUrl\":\"https:\/\/www.muscle-madness.co.uk\/store\/wp-content\/uploads\/2025\/02\/7Nutrition-health-Steel-Joints-60-caps.jpg\",\"width\":1080,\"height\":1080,\"caption\":\"7Nutrition health Steel Joints 60 caps\"},{\"@type\":\"BreadcrumbList\",\"@id\":\"https:\/\/www.muscle-madness.co.uk\/store\/product\/7nutrition-steel-joints-60-caps\/#breadcrumb\",\"itemListElement\":[{\"@type\":\"ListItem\",\"position\":1,\"name\":\"Home\",\"item\":\"https:\/\/www.muscle-madness.co.uk\/store\/\"},{\"@type\":\"ListItem\",\"position\":2,\"name\":\"Shop\",\"item\":\"https:\/\/www.muscle-madness.co.uk\/store\/shop-2\/\"},{\"@type\":\"ListItem\",\"position\":3,\"name\":\"7Nutrition Steel Joints 60 caps\"}]},{\"@type\":\"WebSite\",\"@id\":\"https:\/\/www.muscle-madness.co.uk\/store\/#website\",\"url\":\"https:\/\/www.muscle-madness.co.uk\/store\/\",\"name\":\"Muscle and Madness Supplement Store\",\"description\":\"Suplement Store\",\"potentialAction\":[{\"@type\":\"SearchAction\",\"target\":{\"@type\":\"EntryPoint\",\"urlTemplate\":\"https:\/\/www.muscle-madness.co.uk\/store\/?s={search_term_string}\"},\"query-input\":{\"@type\":\"PropertyValueSpecification\",\"valueRequired\":true,\"valueName\":\"search_term_string\"}}],\"inLanguage\":\"en-US\"}]}<\/script>\n<!-- \/ Yoast SEO plugin. -->","yoast_head_json":{"title":"7Nutrition Steel Joints 60 caps - Muscle and Madness Supplement Store","description":"7NUTRITION STEEL JOINTS 60 caps. Dietary Supplement. Glucosamine sulphate helps maintain functional joints, bones, ligaments and tendons. Boswellia serrata extract helps maintain flexibility. MSM helps improve cartilage regeneration and nutrition. Use: Take 2 capsules once a day with 200 ml of water. Portion 2 Capsules MSM (Methylsulfonylmethane) 500,00 mg Chondroitin Sulphate 90% 400,00 mg Glucosamine Sulphate 2 KCL 700,00 mg of which Glucosamin 525,00 mg Boswellia Serrata extract 65% 50,00 mg Hyaluronic Acid 10,00 mg Ginger Extract (5% Gingerols) 50,00 mg Vitamin C 40,00 mg Manganese 2,2 mgPRODUCER:7FIT Sp\u00f3\u0142ka Akcyjna Stanowice 82A55-200 O\u0142awa","robots":{"index":"index","follow":"follow","max-snippet":"max-snippet:-1","max-image-preview":"max-image-preview:large","max-video-preview":"max-video-preview:-1"},"canonical":"https:\/\/www.muscle-madness.co.uk\/store\/product\/7nutrition-steel-joints-60-caps\/","og_locale":"en_US","og_type":"article","og_title":"7Nutrition Steel Joints 60 caps - Muscle and Madness Supplement Store","og_description":"7NUTRITION STEEL JOINTS 60 caps. Dietary Supplement. Glucosamine sulphate helps maintain functional joints, bones, ligaments and tendons. Boswellia serrata extract helps maintain flexibility. MSM helps improve cartilage regeneration and nutrition. Use: Take 2 capsules once a day with 200 ml of water. Portion 2 Capsules MSM (Methylsulfonylmethane) 500,00 mg Chondroitin Sulphate 90% 400,00 mg Glucosamine Sulphate 2 KCL 700,00 mg of which Glucosamin 525,00 mg Boswellia Serrata extract 65% 50,00 mg Hyaluronic Acid 10,00 mg Ginger Extract (5% Gingerols) 50,00 mg Vitamin C 40,00 mg Manganese 2,2 mgPRODUCER:7FIT Sp\u00f3\u0142ka Akcyjna Stanowice 82A55-200 O\u0142awa","og_url":"https:\/\/www.muscle-madness.co.uk\/store\/product\/7nutrition-steel-joints-60-caps\/","og_site_name":"Muscle and Madness Supplement Store","article_modified_time":"2025-08-27T15:16:30+00:00","og_image":[{"width":1080,"height":1080,"url":"https:\/\/www.muscle-madness.co.uk\/store\/wp-content\/uploads\/2025\/02\/7Nutrition-health-Steel-Joints-60-caps.jpg","type":"image\/jpeg"}],"twitter_card":"summary_large_image","twitter_misc":{"Est. reading time":"1 minute"},"schema":{"@context":"https:\/\/schema.org","@graph":[{"@type":"WebPage","@id":"https:\/\/www.muscle-madness.co.uk\/store\/product\/7nutrition-steel-joints-60-caps\/","url":"https:\/\/www.muscle-madness.co.uk\/store\/product\/7nutrition-steel-joints-60-caps\/","name":"7Nutrition Steel Joints 60 caps - Muscle and Madness Supplement Store","isPartOf":{"@id":"https:\/\/www.muscle-madness.co.uk\/store\/#website"},"primaryImageOfPage":{"@id":"https:\/\/www.muscle-madness.co.uk\/store\/product\/7nutrition-steel-joints-60-caps\/#primaryimage"},"image":{"@id":"https:\/\/www.muscle-madness.co.uk\/store\/product\/7nutrition-steel-joints-60-caps\/#primaryimage"},"thumbnailUrl":"https:\/\/www.muscle-madness.co.uk\/store\/wp-content\/uploads\/2025\/02\/7Nutrition-health-Steel-Joints-60-caps.jpg","datePublished":"2025-02-12T17:00:09+00:00","dateModified":"2025-08-27T15:16:30+00:00","description":"7NUTRITION STEEL JOINTS 60 caps. Dietary Supplement. Glucosamine sulphate helps maintain functional joints, bones, ligaments and tendons. Boswellia serrata extract helps maintain flexibility. MSM helps improve cartilage regeneration and nutrition. Use: Take 2 capsules once a day with 200 ml of water. Portion 2 Capsules MSM (Methylsulfonylmethane) 500,00 mg Chondroitin Sulphate 90% 400,00 mg Glucosamine Sulphate 2 KCL 700,00 mg of which Glucosamin 525,00 mg Boswellia Serrata extract 65% 50,00 mg Hyaluronic Acid 10,00 mg Ginger Extract (5% Gingerols) 50,00 mg Vitamin C 40,00 mg Manganese 2,2 mgPRODUCER:7FIT Sp\u00f3\u0142ka Akcyjna Stanowice 82A55-200 O\u0142awa","breadcrumb":{"@id":"https:\/\/www.muscle-madness.co.uk\/store\/product\/7nutrition-steel-joints-60-caps\/#breadcrumb"},"inLanguage":"en-US","potentialAction":[{"@type":"ReadAction","target":["https:\/\/www.muscle-madness.co.uk\/store\/product\/7nutrition-steel-joints-60-caps\/"]}]},{"@type":"ImageObject","inLanguage":"en-US","@id":"https:\/\/www.muscle-madness.co.uk\/store\/product\/7nutrition-steel-joints-60-caps\/#primaryimage","url":"https:\/\/www.muscle-madness.co.uk\/store\/wp-content\/uploads\/2025\/02\/7Nutrition-health-Steel-Joints-60-caps.jpg","contentUrl":"https:\/\/www.muscle-madness.co.uk\/store\/wp-content\/uploads\/2025\/02\/7Nutrition-health-Steel-Joints-60-caps.jpg","width":1080,"height":1080,"caption":"7Nutrition health Steel Joints 60 caps"},{"@type":"BreadcrumbList","@id":"https:\/\/www.muscle-madness.co.uk\/store\/product\/7nutrition-steel-joints-60-caps\/#breadcrumb","itemListElement":[{"@type":"ListItem","position":1,"name":"Home","item":"https:\/\/www.muscle-madness.co.uk\/store\/"},{"@type":"ListItem","position":2,"name":"Shop","item":"https:\/\/www.muscle-madness.co.uk\/store\/shop-2\/"},{"@type":"ListItem","position":3,"name":"7Nutrition Steel Joints 60 caps"}]},{"@type":"WebSite","@id":"https:\/\/www.muscle-madness.co.uk\/store\/#website","url":"https:\/\/www.muscle-madness.co.uk\/store\/","name":"Muscle and Madness Supplement Store","description":"Suplement Store","potentialAction":[{"@type":"SearchAction","target":{"@type":"EntryPoint","urlTemplate":"https:\/\/www.muscle-madness.co.uk\/store\/?s={search_term_string}"},"query-input":{"@type":"PropertyValueSpecification","valueRequired":true,"valueName":"search_term_string"}}],"inLanguage":"en-US"}]}},"jetpack_sharing_enabled":true,"_links":{"self":[{"href":"https:\/\/www.muscle-madness.co.uk\/store\/wp-json\/wp\/v2\/product\/1880","targetHints":{"allow":["GET"]}}],"collection":[{"href":"https:\/\/www.muscle-madness.co.uk\/store\/wp-json\/wp\/v2\/product"}],"about":[{"href":"https:\/\/www.muscle-madness.co.uk\/store\/wp-json\/wp\/v2\/types\/product"}],"replies":[{"embeddable":true,"href":"https:\/\/www.muscle-madness.co.uk\/store\/wp-json\/wp\/v2\/comments?post=1880"}],"wp:featuredmedia":[{"embeddable":true,"href":"https:\/\/www.muscle-madness.co.uk\/store\/wp-json\/wp\/v2\/media\/1881"}],"wp:attachment":[{"href":"https:\/\/www.muscle-madness.co.uk\/store\/wp-json\/wp\/v2\/media?parent=1880"}],"wp:term":[{"taxonomy":"product_brand","embeddable":true,"href":"https:\/\/www.muscle-madness.co.uk\/store\/wp-json\/wp\/v2\/product_brand?post=1880"},{"taxonomy":"product_cat","embeddable":true,"href":"https:\/\/www.muscle-madness.co.uk\/store\/wp-json\/wp\/v2\/product_cat?post=1880"},{"taxonomy":"product_tag","embeddable":true,"href":"https:\/\/www.muscle-madness.co.uk\/store\/wp-json\/wp\/v2\/product_tag?post=1880"}],"curies":[{"name":"wp","href":"https:\/\/api.w.org\/{rel}","templated":true}]}}