{"id":1763,"date":"2025-01-22T13:23:41","date_gmt":"2025-01-22T13:23:41","guid":{"rendered":"https:\/\/www.muscle-madness.co.uk\/store\/?post_type=product&#038;p=1763"},"modified":"2025-09-14T08:23:51","modified_gmt":"2025-09-14T08:23:51","slug":"7nutrition-magnesium-citrate-b6-120-vege-caps","status":"publish","type":"product","link":"https:\/\/www.muscle-madness.co.uk\/store\/product\/7nutrition-magnesium-citrate-b6-120-vege-caps\/","title":{"rendered":"7Nutrition Magnesium Citrate + B6 120 vege caps"},"content":{"rendered":"<p><strong>7Nutrition MAGNESIUM CITRATE + B6 120 vege caps.<\/strong>\u00a0Diet supplement<\/p>\n<p>Diet supplement. Magnesium contributes to maintaining proper energy metabolism, helps in the proper functioning of muscles and maintaining normal psychological functions. Magnesium also helps to reduce the feeling of fatigue and weariness. Vitamin B6 contributes to maintaining proper energy metabolism and helps in the proper functioning of the nervous system.<\/p>\n<p><strong>RECOMMENDED USE:<\/strong>\u00a0Consume 2-4 capsules a day, after physical exercise or before bedtime, drinking plenty of water. Other use after consulting a doctor.<\/p>\n<p><strong>Daily portion = 2-4 capsules.<\/strong><\/p>\n<ul>\n<li>Do not exceed the recommended daily intake.<\/li>\n<li>Do not use if you are allergic to any of the ingredients.<\/li>\n<li>The product cannot be used by children, pregnant and lactating women.<\/li>\n<li>INGREDIENTS: Magnesium Citrate; vitamin B6 (pyridoxine hydrochloride), cellulose capsule (HPMC).<\/li>\n<\/ul>\n<p><strong>STORAGE CONDITIONS:<\/strong>\u00a0Store in a dry and cool place out of the reach of small children. Protect against direct sunlight.<\/p>\n<p><strong>NOTES:<\/strong>\u00a0The dietary supplement cannot be used as a substitute (replacement) of a varied diet. Maintaining proper health requires a varied diet and a healthy lifestyle.<\/p>\n<p><strong>NET WEIGHT<\/strong>: 98,8g<\/p>\n<p><strong>PACKAGE CONTENTS:<\/strong>\u00a0120 capsules.<\/p>\n<table class=\"tab-table\">\n<thead>\n<tr>\n<td width=\"180\"><strong>Active ingredients<\/strong><\/td>\n<td width=\"150\">2 caps<\/td>\n<td width=\"144\">3 caps<\/td>\n<td width=\"168\">4 caps<\/td>\n<\/tr>\n<\/thead>\n<tbody>\n<tr>\n<td width=\"180\">Magnesium citrate<\/p>\n<p>Including magnesium<\/td>\n<td width=\"150\">1400 mg210 mg (56% *RWS)<\/td>\n<td width=\"144\">2100 mg315 mg (84% *RWS)<\/td>\n<td width=\"168\">2800 mg420 mg (112% *RWS)<\/td>\n<\/tr>\n<tr>\n<td width=\"180\">Vitamin B6<\/td>\n<td width=\"150\">6 mg (429% *RWS)<\/td>\n<td width=\"144\">9 mg (643% *RWS)<\/td>\n<td width=\"168\">12 mg (857% *RWS)<\/td>\n<\/tr>\n<\/tbody>\n<\/table>\n<p class=\"tab-table\">*RWS \u2013 Referencyjna warto\u015b\u0107 do spo\u017cycia dla osoby doros\u0142ej.<\/p>\n<p>&nbsp;<\/p>\n<p><strong>PRODUCER<\/strong>:<\/p>\n<p>7FIT Sp\u00f3\u0142ka Akcyjna<\/p>\n<p>Stanowice 82A<\/p>\n<div>\n<div class=\"vk_sh vk_bk\">55-200 O\u0142awa<\/div>\n<\/div>\n","protected":false},"excerpt":{"rendered":"<p><strong>7Nutrition MAGNESIUM CITRATE + B6 120 vege caps.<\/strong>\u00a0Diet supplement<\/p>\n<p>Diet supplement. Magnesium contributes to maintaining proper energy metabolism, helps in the proper functioning of muscles and maintaining normal psychological functions. Magnesium also helps to reduce the feeling of fatigue and weariness. Vitamin B6 contributes to maintaining proper energy metabolism and helps in the proper functioning of the nervous system.<\/p>\n<p><strong>RECOMMENDED USE:<\/strong>\u00a0Consume 2-4 capsules a day, after physical exercise or before bedtime, drinking plenty of water. Other use after consulting a doctor.<\/p>\n","protected":false},"featured_media":1764,"comment_status":"open","ping_status":"closed","template":"","meta":[],"product_brand":[],"product_cat":[155,85,87,104,86],"product_tag":[242,252,233,249,245,146],"class_list":{"0":"post-1763","1":"product","2":"type-product","3":"status-publish","4":"has-post-thumbnail","6":"product_cat-7nutrition","7":"product_cat-mens-gear-packs","8":"product_cat-supplements","9":"product_cat-vitamins-minerals","10":"product_cat-womans","11":"product_tag-b6","12":"product_tag-citrate","13":"product_tag-health","14":"product_tag-magnesium","15":"product_tag-mineral","16":"product_tag-supplement","18":"first","19":"outofstock","20":"shipping-taxable","21":"purchasable","22":"product-type-simple"},"yoast_head":"<!-- This site is optimized with the Yoast SEO plugin v27.2 - https:\/\/yoast.com\/product\/yoast-seo-wordpress\/ -->\n<title>7Nutrition Magnesium Citrate + B6 120 vege caps - Muscle and Madness Supplement Store<\/title>\n<meta name=\"description\" content=\"7Nutrition MAGNESIUM CITRATE + B6 120 vege caps.\u00a0Diet supplement Diet supplement. Magnesium contributes to maintaining proper energy metabolism, helps in the proper functioning of muscles and maintaining normal psychological functions. Magnesium also helps to reduce the feeling of fatigue and weariness. Vitamin B6 contributes to maintaining proper energy metabolism and helps in the proper functioning of the nervous system. RECOMMENDED USE:\u00a0Consume 2-4 capsules a day, after physical exercise or before bedtime, drinking plenty of water. Other use after consulting a doctor. Daily portion = 2-4 capsules. Do not exceed the recommended daily intake. Do not use if you are allergic to any of the ingredients. The product cannot be used by children, pregnant and lactating women. INGREDIENTS: Magnesium Citrate; vitamin B6 (pyridoxine hydrochloride), cellulose capsule (HPMC).STORAGE CONDITIONS:\u00a0Store in a dry and cool place out of the reach of small children. Protect against direct sunlight. NOTES:\u00a0The dietary supplement cannot be used as a substitute (replacement) of a varied diet. Maintaining proper health requires a varied diet and a healthy lifestyle.\" \/>\n<meta name=\"robots\" content=\"index, follow, max-snippet:-1, max-image-preview:large, max-video-preview:-1\" \/>\n<link rel=\"canonical\" href=\"https:\/\/www.muscle-madness.co.uk\/store\/product\/7nutrition-magnesium-citrate-b6-120-vege-caps\/\" \/>\n<meta property=\"og:locale\" content=\"en_US\" \/>\n<meta property=\"og:type\" content=\"article\" \/>\n<meta property=\"og:title\" content=\"7Nutrition Magnesium Citrate + B6 120 vege caps - Muscle and Madness Supplement Store\" \/>\n<meta property=\"og:description\" content=\"7Nutrition MAGNESIUM CITRATE + B6 120 vege caps.\u00a0Diet supplement Diet supplement. Magnesium contributes to maintaining proper energy metabolism, helps in the proper functioning of muscles and maintaining normal psychological functions. Magnesium also helps to reduce the feeling of fatigue and weariness. Vitamin B6 contributes to maintaining proper energy metabolism and helps in the proper functioning of the nervous system. RECOMMENDED USE:\u00a0Consume 2-4 capsules a day, after physical exercise or before bedtime, drinking plenty of water. Other use after consulting a doctor. Daily portion = 2-4 capsules. Do not exceed the recommended daily intake. Do not use if you are allergic to any of the ingredients. The product cannot be used by children, pregnant and lactating women. INGREDIENTS: Magnesium Citrate; vitamin B6 (pyridoxine hydrochloride), cellulose capsule (HPMC).STORAGE CONDITIONS:\u00a0Store in a dry and cool place out of the reach of small children. Protect against direct sunlight. NOTES:\u00a0The dietary supplement cannot be used as a substitute (replacement) of a varied diet. Maintaining proper health requires a varied diet and a healthy lifestyle.\" \/>\n<meta property=\"og:url\" content=\"https:\/\/www.muscle-madness.co.uk\/store\/product\/7nutrition-magnesium-citrate-b6-120-vege-caps\/\" \/>\n<meta property=\"og:site_name\" content=\"Muscle and Madness Supplement Store\" \/>\n<meta property=\"article:modified_time\" content=\"2025-09-14T08:23:51+00:00\" \/>\n<meta property=\"og:image\" content=\"https:\/\/www.muscle-madness.co.uk\/store\/wp-content\/uploads\/2025\/01\/7Nutrition-health-Magnesium-Citrate-B6-120-caps.jpg\" \/>\n\t<meta property=\"og:image:width\" content=\"1080\" \/>\n\t<meta property=\"og:image:height\" content=\"1080\" \/>\n\t<meta property=\"og:image:type\" content=\"image\/jpeg\" \/>\n<meta name=\"twitter:card\" content=\"summary_large_image\" \/>\n<meta name=\"twitter:label1\" content=\"Est. reading time\" \/>\n\t<meta name=\"twitter:data1\" content=\"2 minutes\" \/>\n<script type=\"application\/ld+json\" class=\"yoast-schema-graph\">{\"@context\":\"https:\/\/schema.org\",\"@graph\":[{\"@type\":\"WebPage\",\"@id\":\"https:\/\/www.muscle-madness.co.uk\/store\/product\/7nutrition-magnesium-citrate-b6-120-vege-caps\/\",\"url\":\"https:\/\/www.muscle-madness.co.uk\/store\/product\/7nutrition-magnesium-citrate-b6-120-vege-caps\/\",\"name\":\"7Nutrition Magnesium Citrate + B6 120 vege caps - Muscle and Madness Supplement Store\",\"isPartOf\":{\"@id\":\"https:\/\/www.muscle-madness.co.uk\/store\/#website\"},\"primaryImageOfPage\":{\"@id\":\"https:\/\/www.muscle-madness.co.uk\/store\/product\/7nutrition-magnesium-citrate-b6-120-vege-caps\/#primaryimage\"},\"image\":{\"@id\":\"https:\/\/www.muscle-madness.co.uk\/store\/product\/7nutrition-magnesium-citrate-b6-120-vege-caps\/#primaryimage\"},\"thumbnailUrl\":\"https:\/\/www.muscle-madness.co.uk\/store\/wp-content\/uploads\/2025\/01\/7Nutrition-health-Magnesium-Citrate-B6-120-caps.jpg\",\"datePublished\":\"2025-01-22T13:23:41+00:00\",\"dateModified\":\"2025-09-14T08:23:51+00:00\",\"description\":\"7Nutrition MAGNESIUM CITRATE + B6 120 vege caps.\u00a0Diet supplement Diet supplement. Magnesium contributes to maintaining proper energy metabolism, helps in the proper functioning of muscles and maintaining normal psychological functions. Magnesium also helps to reduce the feeling of fatigue and weariness. Vitamin B6 contributes to maintaining proper energy metabolism and helps in the proper functioning of the nervous system. RECOMMENDED USE:\u00a0Consume 2-4 capsules a day, after physical exercise or before bedtime, drinking plenty of water. Other use after consulting a doctor. Daily portion = 2-4 capsules. Do not exceed the recommended daily intake. Do not use if you are allergic to any of the ingredients. The product cannot be used by children, pregnant and lactating women. INGREDIENTS: Magnesium Citrate; vitamin B6 (pyridoxine hydrochloride), cellulose capsule (HPMC).STORAGE CONDITIONS:\u00a0Store in a dry and cool place out of the reach of small children. Protect against direct sunlight. NOTES:\u00a0The dietary supplement cannot be used as a substitute (replacement) of a varied diet. Maintaining proper health requires a varied diet and a healthy lifestyle.\",\"breadcrumb\":{\"@id\":\"https:\/\/www.muscle-madness.co.uk\/store\/product\/7nutrition-magnesium-citrate-b6-120-vege-caps\/#breadcrumb\"},\"inLanguage\":\"en-US\",\"potentialAction\":[{\"@type\":\"ReadAction\",\"target\":[\"https:\/\/www.muscle-madness.co.uk\/store\/product\/7nutrition-magnesium-citrate-b6-120-vege-caps\/\"]}]},{\"@type\":\"ImageObject\",\"inLanguage\":\"en-US\",\"@id\":\"https:\/\/www.muscle-madness.co.uk\/store\/product\/7nutrition-magnesium-citrate-b6-120-vege-caps\/#primaryimage\",\"url\":\"https:\/\/www.muscle-madness.co.uk\/store\/wp-content\/uploads\/2025\/01\/7Nutrition-health-Magnesium-Citrate-B6-120-caps.jpg\",\"contentUrl\":\"https:\/\/www.muscle-madness.co.uk\/store\/wp-content\/uploads\/2025\/01\/7Nutrition-health-Magnesium-Citrate-B6-120-caps.jpg\",\"width\":1080,\"height\":1080,\"caption\":\"7Nutrition health Magnesium Citrate B6 120 caps\"},{\"@type\":\"BreadcrumbList\",\"@id\":\"https:\/\/www.muscle-madness.co.uk\/store\/product\/7nutrition-magnesium-citrate-b6-120-vege-caps\/#breadcrumb\",\"itemListElement\":[{\"@type\":\"ListItem\",\"position\":1,\"name\":\"Home\",\"item\":\"https:\/\/www.muscle-madness.co.uk\/store\/\"},{\"@type\":\"ListItem\",\"position\":2,\"name\":\"Shop\",\"item\":\"https:\/\/www.muscle-madness.co.uk\/store\/shop-2\/\"},{\"@type\":\"ListItem\",\"position\":3,\"name\":\"7Nutrition Magnesium Citrate + B6 120 vege caps\"}]},{\"@type\":\"WebSite\",\"@id\":\"https:\/\/www.muscle-madness.co.uk\/store\/#website\",\"url\":\"https:\/\/www.muscle-madness.co.uk\/store\/\",\"name\":\"Muscle and Madness Supplement Store\",\"description\":\"Suplement Store\",\"potentialAction\":[{\"@type\":\"SearchAction\",\"target\":{\"@type\":\"EntryPoint\",\"urlTemplate\":\"https:\/\/www.muscle-madness.co.uk\/store\/?s={search_term_string}\"},\"query-input\":{\"@type\":\"PropertyValueSpecification\",\"valueRequired\":true,\"valueName\":\"search_term_string\"}}],\"inLanguage\":\"en-US\"}]}<\/script>\n<!-- \/ Yoast SEO plugin. -->","yoast_head_json":{"title":"7Nutrition Magnesium Citrate + B6 120 vege caps - Muscle and Madness Supplement Store","description":"7Nutrition MAGNESIUM CITRATE + B6 120 vege caps.\u00a0Diet supplement Diet supplement. Magnesium contributes to maintaining proper energy metabolism, helps in the proper functioning of muscles and maintaining normal psychological functions. Magnesium also helps to reduce the feeling of fatigue and weariness. Vitamin B6 contributes to maintaining proper energy metabolism and helps in the proper functioning of the nervous system. RECOMMENDED USE:\u00a0Consume 2-4 capsules a day, after physical exercise or before bedtime, drinking plenty of water. Other use after consulting a doctor. Daily portion = 2-4 capsules. Do not exceed the recommended daily intake. Do not use if you are allergic to any of the ingredients. The product cannot be used by children, pregnant and lactating women. INGREDIENTS: Magnesium Citrate; vitamin B6 (pyridoxine hydrochloride), cellulose capsule (HPMC).STORAGE CONDITIONS:\u00a0Store in a dry and cool place out of the reach of small children. Protect against direct sunlight. NOTES:\u00a0The dietary supplement cannot be used as a substitute (replacement) of a varied diet. Maintaining proper health requires a varied diet and a healthy lifestyle.","robots":{"index":"index","follow":"follow","max-snippet":"max-snippet:-1","max-image-preview":"max-image-preview:large","max-video-preview":"max-video-preview:-1"},"canonical":"https:\/\/www.muscle-madness.co.uk\/store\/product\/7nutrition-magnesium-citrate-b6-120-vege-caps\/","og_locale":"en_US","og_type":"article","og_title":"7Nutrition Magnesium Citrate + B6 120 vege caps - Muscle and Madness Supplement Store","og_description":"7Nutrition MAGNESIUM CITRATE + B6 120 vege caps.\u00a0Diet supplement Diet supplement. Magnesium contributes to maintaining proper energy metabolism, helps in the proper functioning of muscles and maintaining normal psychological functions. Magnesium also helps to reduce the feeling of fatigue and weariness. Vitamin B6 contributes to maintaining proper energy metabolism and helps in the proper functioning of the nervous system. RECOMMENDED USE:\u00a0Consume 2-4 capsules a day, after physical exercise or before bedtime, drinking plenty of water. Other use after consulting a doctor. Daily portion = 2-4 capsules. Do not exceed the recommended daily intake. Do not use if you are allergic to any of the ingredients. The product cannot be used by children, pregnant and lactating women. INGREDIENTS: Magnesium Citrate; vitamin B6 (pyridoxine hydrochloride), cellulose capsule (HPMC).STORAGE CONDITIONS:\u00a0Store in a dry and cool place out of the reach of small children. Protect against direct sunlight. NOTES:\u00a0The dietary supplement cannot be used as a substitute (replacement) of a varied diet. Maintaining proper health requires a varied diet and a healthy lifestyle.","og_url":"https:\/\/www.muscle-madness.co.uk\/store\/product\/7nutrition-magnesium-citrate-b6-120-vege-caps\/","og_site_name":"Muscle and Madness Supplement Store","article_modified_time":"2025-09-14T08:23:51+00:00","og_image":[{"width":1080,"height":1080,"url":"https:\/\/www.muscle-madness.co.uk\/store\/wp-content\/uploads\/2025\/01\/7Nutrition-health-Magnesium-Citrate-B6-120-caps.jpg","type":"image\/jpeg"}],"twitter_card":"summary_large_image","twitter_misc":{"Est. reading time":"2 minutes"},"schema":{"@context":"https:\/\/schema.org","@graph":[{"@type":"WebPage","@id":"https:\/\/www.muscle-madness.co.uk\/store\/product\/7nutrition-magnesium-citrate-b6-120-vege-caps\/","url":"https:\/\/www.muscle-madness.co.uk\/store\/product\/7nutrition-magnesium-citrate-b6-120-vege-caps\/","name":"7Nutrition Magnesium Citrate + B6 120 vege caps - Muscle and Madness Supplement Store","isPartOf":{"@id":"https:\/\/www.muscle-madness.co.uk\/store\/#website"},"primaryImageOfPage":{"@id":"https:\/\/www.muscle-madness.co.uk\/store\/product\/7nutrition-magnesium-citrate-b6-120-vege-caps\/#primaryimage"},"image":{"@id":"https:\/\/www.muscle-madness.co.uk\/store\/product\/7nutrition-magnesium-citrate-b6-120-vege-caps\/#primaryimage"},"thumbnailUrl":"https:\/\/www.muscle-madness.co.uk\/store\/wp-content\/uploads\/2025\/01\/7Nutrition-health-Magnesium-Citrate-B6-120-caps.jpg","datePublished":"2025-01-22T13:23:41+00:00","dateModified":"2025-09-14T08:23:51+00:00","description":"7Nutrition MAGNESIUM CITRATE + B6 120 vege caps.\u00a0Diet supplement Diet supplement. Magnesium contributes to maintaining proper energy metabolism, helps in the proper functioning of muscles and maintaining normal psychological functions. Magnesium also helps to reduce the feeling of fatigue and weariness. Vitamin B6 contributes to maintaining proper energy metabolism and helps in the proper functioning of the nervous system. RECOMMENDED USE:\u00a0Consume 2-4 capsules a day, after physical exercise or before bedtime, drinking plenty of water. Other use after consulting a doctor. Daily portion = 2-4 capsules. Do not exceed the recommended daily intake. Do not use if you are allergic to any of the ingredients. The product cannot be used by children, pregnant and lactating women. INGREDIENTS: Magnesium Citrate; vitamin B6 (pyridoxine hydrochloride), cellulose capsule (HPMC).STORAGE CONDITIONS:\u00a0Store in a dry and cool place out of the reach of small children. Protect against direct sunlight. NOTES:\u00a0The dietary supplement cannot be used as a substitute (replacement) of a varied diet. Maintaining proper health requires a varied diet and a healthy lifestyle.","breadcrumb":{"@id":"https:\/\/www.muscle-madness.co.uk\/store\/product\/7nutrition-magnesium-citrate-b6-120-vege-caps\/#breadcrumb"},"inLanguage":"en-US","potentialAction":[{"@type":"ReadAction","target":["https:\/\/www.muscle-madness.co.uk\/store\/product\/7nutrition-magnesium-citrate-b6-120-vege-caps\/"]}]},{"@type":"ImageObject","inLanguage":"en-US","@id":"https:\/\/www.muscle-madness.co.uk\/store\/product\/7nutrition-magnesium-citrate-b6-120-vege-caps\/#primaryimage","url":"https:\/\/www.muscle-madness.co.uk\/store\/wp-content\/uploads\/2025\/01\/7Nutrition-health-Magnesium-Citrate-B6-120-caps.jpg","contentUrl":"https:\/\/www.muscle-madness.co.uk\/store\/wp-content\/uploads\/2025\/01\/7Nutrition-health-Magnesium-Citrate-B6-120-caps.jpg","width":1080,"height":1080,"caption":"7Nutrition health Magnesium Citrate B6 120 caps"},{"@type":"BreadcrumbList","@id":"https:\/\/www.muscle-madness.co.uk\/store\/product\/7nutrition-magnesium-citrate-b6-120-vege-caps\/#breadcrumb","itemListElement":[{"@type":"ListItem","position":1,"name":"Home","item":"https:\/\/www.muscle-madness.co.uk\/store\/"},{"@type":"ListItem","position":2,"name":"Shop","item":"https:\/\/www.muscle-madness.co.uk\/store\/shop-2\/"},{"@type":"ListItem","position":3,"name":"7Nutrition Magnesium Citrate + B6 120 vege caps"}]},{"@type":"WebSite","@id":"https:\/\/www.muscle-madness.co.uk\/store\/#website","url":"https:\/\/www.muscle-madness.co.uk\/store\/","name":"Muscle and Madness Supplement Store","description":"Suplement Store","potentialAction":[{"@type":"SearchAction","target":{"@type":"EntryPoint","urlTemplate":"https:\/\/www.muscle-madness.co.uk\/store\/?s={search_term_string}"},"query-input":{"@type":"PropertyValueSpecification","valueRequired":true,"valueName":"search_term_string"}}],"inLanguage":"en-US"}]}},"jetpack_sharing_enabled":true,"_links":{"self":[{"href":"https:\/\/www.muscle-madness.co.uk\/store\/wp-json\/wp\/v2\/product\/1763","targetHints":{"allow":["GET"]}}],"collection":[{"href":"https:\/\/www.muscle-madness.co.uk\/store\/wp-json\/wp\/v2\/product"}],"about":[{"href":"https:\/\/www.muscle-madness.co.uk\/store\/wp-json\/wp\/v2\/types\/product"}],"replies":[{"embeddable":true,"href":"https:\/\/www.muscle-madness.co.uk\/store\/wp-json\/wp\/v2\/comments?post=1763"}],"wp:featuredmedia":[{"embeddable":true,"href":"https:\/\/www.muscle-madness.co.uk\/store\/wp-json\/wp\/v2\/media\/1764"}],"wp:attachment":[{"href":"https:\/\/www.muscle-madness.co.uk\/store\/wp-json\/wp\/v2\/media?parent=1763"}],"wp:term":[{"taxonomy":"product_brand","embeddable":true,"href":"https:\/\/www.muscle-madness.co.uk\/store\/wp-json\/wp\/v2\/product_brand?post=1763"},{"taxonomy":"product_cat","embeddable":true,"href":"https:\/\/www.muscle-madness.co.uk\/store\/wp-json\/wp\/v2\/product_cat?post=1763"},{"taxonomy":"product_tag","embeddable":true,"href":"https:\/\/www.muscle-madness.co.uk\/store\/wp-json\/wp\/v2\/product_tag?post=1763"}],"curies":[{"name":"wp","href":"https:\/\/api.w.org\/{rel}","templated":true}]}}