{"id":1761,"date":"2025-01-22T13:11:37","date_gmt":"2025-01-22T13:11:37","guid":{"rendered":"https:\/\/www.muscle-madness.co.uk\/store\/?post_type=product&#038;p=1761"},"modified":"2026-03-28T14:41:33","modified_gmt":"2026-03-28T14:41:33","slug":"7nutrition-magnesium-malate-120-vege-caps","status":"publish","type":"product","link":"https:\/\/www.muscle-madness.co.uk\/store\/product\/7nutrition-magnesium-malate-120-vege-caps\/","title":{"rendered":"7Nutrition Magnesium Malate 120 vege caps"},"content":{"rendered":"<p><strong>7Nutrition MAGNESIUM MALATE 120 vege caps.<\/strong>\u00a0Diet supplement<\/p>\n<p>One of the most important elements necessary for the proper functioning of the body in a well-absorbed form of malate.<\/p>\n<p>Thanks to the presence of the remaining malic acid, you will not only get the standard benefits of magnesium supplementation, but also additional ones, such as more efficient energy production, ATP. A characteristic feature of magnesium malate is its neuroprotective effect. In addition, it is able to bind heavy metals, thanks to which the body gets rid of toxic compounds more efficiently.<\/p>\n<p>WHAT ARE THE BENEFITS OF SUPPLEMENTATION?<\/p>\n<ul>\n<li>more efficient transport of calcium and potassium,<\/li>\n<li>improved nerve conduction,<\/li>\n<li>regulation of the tension of blood vessels,<\/li>\n<li>better work of the heart,<\/li>\n<li>proper course of muscle contractions,<\/li>\n<li>fatigue relief,<\/li>\n<li>improved psychophysical regeneration,<\/li>\n<li>more efficient energy production,<\/li>\n<li>support in the neutralization and disposal of toxic metals,<\/li>\n<li>positive effect on sugar metabolism,<\/li>\n<li>efficient functioning of mitochondria,<\/li>\n<li>support for physical effort<\/li>\n<\/ul>\n<p><strong>INGREDIENTS:<\/strong>\u00a0Magnesium Malate, Vitamin B6 P5P (Pyridoxalo-5-Phosphate), Cellulose Capsule (HPMC).<\/p>\n<p><strong>RECOMMENDED USE:<\/strong>\u00a0Take 1 capsule a day after the main meal, drinking plenty of water. Do not exceed the recommended daily intake.<\/p>\n<p><strong>NOTES:<\/strong>\u00a0The product cannot be used by children, pregnant and lactating women. Do not use if you are allergic to any of the ingredients. The dietary supplement cannot be used as a substitute (replacement) of a varied diet. Maintaining proper health requires a varied diet and a healthy lifestyle.<\/p>\n<p><strong>STORAGE CONDITIONS:<\/strong>\u00a0Store in a dry place out of the reach of small children. Protect against direct sunlight.<\/p>\n<p><strong>DAILY PORTION:<\/strong>\u00a01 capsule<\/p>\n<p><strong>NET WEIGHT:<\/strong>\u00a0113g<\/p>\n<table class=\"tab-table\">\n<tbody>\n<tr>\n<td><strong>Active ingredients<\/strong><\/td>\n<td><strong>1 capsule<\/strong><\/td>\n<\/tr>\n<tr>\n<td>Magnesium Malate<\/p>\n<p>including Magnesium<\/td>\n<td>820 mg164 mg (44%*)<\/td>\n<\/tr>\n<tr>\n<td>Vitamin B6 P5P (Pyridoxal-5-Phosphate)<\/td>\n<td>5 mg (357%*)<\/td>\n<\/tr>\n<\/tbody>\n<\/table>\n<p class=\"tab-table\">*RWS = Referencyjna Warto\u015b\u0107 Spo\u017cycia dla osoby doros\u0142ej<\/p>\n<p class=\"tab-table\"><strong>PRODUCER:<\/strong><\/p>\n<p class=\"tab-table\">7FIT Sp\u00f3\u0142ka Akcyjna,<\/p>\n<p class=\"tab-table\">Stanowice 82a,<\/p>\n<p class=\"tab-table\">55-200 O\u0142awa<\/p>\n","protected":false},"excerpt":{"rendered":"<p><strong>7Nutrition MAGNESIUM MALATE 120 vege caps.<\/strong>\u00a0Diet supplement<\/p>\n<p>One of the most important elements necessary for the proper functioning of the body in a well-absorbed form of malate. Thanks to the presence of the remaining malic acid, you will not only get the standard benefits of magnesium supplementation, but also additional ones, such as more efficient energy production, ATP. A characteristic feature of magnesium malate is its neuroprotective effect. In addition, it is able to bind heavy metals, thanks to which the body gets rid of toxic compounds more efficiently.<\/p>\n<p><strong>INGREDIENTS:<\/strong>\u00a0Magnesium Malate, Vitamin B6 P5P (Pyridoxalo-5-Phosphate), Cellulose Capsule (HPMC).<\/p>\n","protected":false},"featured_media":1762,"comment_status":"open","ping_status":"closed","template":"","meta":[],"product_brand":[],"product_cat":[155,85,87,104,86],"product_tag":[233,249,251,245,146],"class_list":{"0":"post-1761","1":"product","2":"type-product","3":"status-publish","4":"has-post-thumbnail","6":"product_cat-7nutrition","7":"product_cat-mens-gear-packs","8":"product_cat-supplements","9":"product_cat-vitamins-minerals","10":"product_cat-womans","11":"product_tag-health","12":"product_tag-magnesium","13":"product_tag-malate","14":"product_tag-mineral","15":"product_tag-supplement","17":"first","18":"outofstock","19":"shipping-taxable","20":"purchasable","21":"product-type-simple"},"yoast_head":"<!-- This site is optimized with the Yoast SEO plugin v27.2 - https:\/\/yoast.com\/product\/yoast-seo-wordpress\/ -->\n<title>7Nutrition Magnesium Malate 120 vege caps - Muscle and Madness Supplement Store<\/title>\n<meta name=\"description\" content=\"7Nutrition MAGNESIUM MALATE 120 vege caps.\u00a0Diet supplement Oneof the most important elements necessary for the proper functioning of the body in a well-absorbed form of malate. Thanks to the presence of the remaining malic acid, you will not only get the standard benefits of magnesium supplementation, but also additional ones, such as more efficient energy production, ATP. A characteristic feature of magnesium malate is its neuroprotective effect. In addition, it is able to bind heavy metals, thanks to which the body gets rid of toxic compounds more efficiently. WHAT ARE THE BENEFITS OF SUPPLEMENTATION? more efficient transport of calcium and potassium, improved nerve conduction ,regulation of the tension of blood vessels, better work of the heart, proper course of muscle contractions, fatigue relief, improved psychophysical regeneration, more efficient energy production, support in the neutralization and disposal of toxic metals, positive effect on sugar metabolism, efficient functioning of mitochondria, support for physical effort INGREDIENTS:\u00a0Magnesium Malate, Vitamin B6 P5P (Pyridoxalo-5-Phosphate), Cellulose Capsule (HPMC).RECOMMENDED USE:\u00a0Take 1 capsule a day after the main meal, drinking plenty of water. Do not exceed the recommended daily intake. NOTES:\u00a0The product cannot be used by children, pregnant and lactating women. Do not use if you are allergic to any of the ingredients. The dietary supplement cannot be used as a substitute (replacement) of a varied diet. Maintaining proper health requires a varied diet and a healthy lifestyle. STORAGE CONDITIONS:\u00a0Store in a dry place out of the reach of small children. Protect against direct sunlight.\" \/>\n<meta name=\"robots\" content=\"index, follow, max-snippet:-1, max-image-preview:large, max-video-preview:-1\" \/>\n<link rel=\"canonical\" href=\"https:\/\/www.muscle-madness.co.uk\/store\/product\/7nutrition-magnesium-malate-120-vege-caps\/\" \/>\n<meta property=\"og:locale\" content=\"en_US\" \/>\n<meta property=\"og:type\" content=\"article\" \/>\n<meta property=\"og:title\" content=\"7Nutrition Magnesium Malate 120 vege caps - Muscle and Madness Supplement Store\" \/>\n<meta property=\"og:description\" content=\"7Nutrition MAGNESIUM MALATE 120 vege caps.\u00a0Diet supplement Oneof the most important elements necessary for the proper functioning of the body in a well-absorbed form of malate. Thanks to the presence of the remaining malic acid, you will not only get the standard benefits of magnesium supplementation, but also additional ones, such as more efficient energy production, ATP. A characteristic feature of magnesium malate is its neuroprotective effect. In addition, it is able to bind heavy metals, thanks to which the body gets rid of toxic compounds more efficiently. WHAT ARE THE BENEFITS OF SUPPLEMENTATION? more efficient transport of calcium and potassium, improved nerve conduction ,regulation of the tension of blood vessels, better work of the heart, proper course of muscle contractions, fatigue relief, improved psychophysical regeneration, more efficient energy production, support in the neutralization and disposal of toxic metals, positive effect on sugar metabolism, efficient functioning of mitochondria, support for physical effort INGREDIENTS:\u00a0Magnesium Malate, Vitamin B6 P5P (Pyridoxalo-5-Phosphate), Cellulose Capsule (HPMC).RECOMMENDED USE:\u00a0Take 1 capsule a day after the main meal, drinking plenty of water. Do not exceed the recommended daily intake. NOTES:\u00a0The product cannot be used by children, pregnant and lactating women. Do not use if you are allergic to any of the ingredients. The dietary supplement cannot be used as a substitute (replacement) of a varied diet. Maintaining proper health requires a varied diet and a healthy lifestyle. STORAGE CONDITIONS:\u00a0Store in a dry place out of the reach of small children. Protect against direct sunlight.\" \/>\n<meta property=\"og:url\" content=\"https:\/\/www.muscle-madness.co.uk\/store\/product\/7nutrition-magnesium-malate-120-vege-caps\/\" \/>\n<meta property=\"og:site_name\" content=\"Muscle and Madness Supplement Store\" \/>\n<meta property=\"article:modified_time\" content=\"2026-03-28T14:41:33+00:00\" \/>\n<meta property=\"og:image\" content=\"https:\/\/www.muscle-madness.co.uk\/store\/wp-content\/uploads\/2025\/01\/7Nutrition-health-Magnesium-Malate-120-caps.jpg\" \/>\n\t<meta property=\"og:image:width\" content=\"1080\" \/>\n\t<meta property=\"og:image:height\" content=\"1080\" \/>\n\t<meta property=\"og:image:type\" content=\"image\/jpeg\" \/>\n<meta name=\"twitter:card\" content=\"summary_large_image\" \/>\n<meta name=\"twitter:label1\" content=\"Est. reading time\" \/>\n\t<meta name=\"twitter:data1\" content=\"2 minutes\" \/>\n<script type=\"application\/ld+json\" class=\"yoast-schema-graph\">{\"@context\":\"https:\/\/schema.org\",\"@graph\":[{\"@type\":\"WebPage\",\"@id\":\"https:\/\/www.muscle-madness.co.uk\/store\/product\/7nutrition-magnesium-malate-120-vege-caps\/\",\"url\":\"https:\/\/www.muscle-madness.co.uk\/store\/product\/7nutrition-magnesium-malate-120-vege-caps\/\",\"name\":\"7Nutrition Magnesium Malate 120 vege caps - Muscle and Madness Supplement Store\",\"isPartOf\":{\"@id\":\"https:\/\/www.muscle-madness.co.uk\/store\/#website\"},\"primaryImageOfPage\":{\"@id\":\"https:\/\/www.muscle-madness.co.uk\/store\/product\/7nutrition-magnesium-malate-120-vege-caps\/#primaryimage\"},\"image\":{\"@id\":\"https:\/\/www.muscle-madness.co.uk\/store\/product\/7nutrition-magnesium-malate-120-vege-caps\/#primaryimage\"},\"thumbnailUrl\":\"https:\/\/www.muscle-madness.co.uk\/store\/wp-content\/uploads\/2025\/01\/7Nutrition-health-Magnesium-Malate-120-caps.jpg\",\"datePublished\":\"2025-01-22T13:11:37+00:00\",\"dateModified\":\"2026-03-28T14:41:33+00:00\",\"description\":\"7Nutrition MAGNESIUM MALATE 120 vege caps.\u00a0Diet supplement Oneof the most important elements necessary for the proper functioning of the body in a well-absorbed form of malate. Thanks to the presence of the remaining malic acid, you will not only get the standard benefits of magnesium supplementation, but also additional ones, such as more efficient energy production, ATP. A characteristic feature of magnesium malate is its neuroprotective effect. In addition, it is able to bind heavy metals, thanks to which the body gets rid of toxic compounds more efficiently. WHAT ARE THE BENEFITS OF SUPPLEMENTATION? more efficient transport of calcium and potassium, improved nerve conduction ,regulation of the tension of blood vessels, better work of the heart, proper course of muscle contractions, fatigue relief, improved psychophysical regeneration, more efficient energy production, support in the neutralization and disposal of toxic metals, positive effect on sugar metabolism, efficient functioning of mitochondria, support for physical effort INGREDIENTS:\u00a0Magnesium Malate, Vitamin B6 P5P (Pyridoxalo-5-Phosphate), Cellulose Capsule (HPMC).RECOMMENDED USE:\u00a0Take 1 capsule a day after the main meal, drinking plenty of water. Do not exceed the recommended daily intake. NOTES:\u00a0The product cannot be used by children, pregnant and lactating women. Do not use if you are allergic to any of the ingredients. The dietary supplement cannot be used as a substitute (replacement) of a varied diet. Maintaining proper health requires a varied diet and a healthy lifestyle. STORAGE CONDITIONS:\u00a0Store in a dry place out of the reach of small children. Protect against direct sunlight.\",\"breadcrumb\":{\"@id\":\"https:\/\/www.muscle-madness.co.uk\/store\/product\/7nutrition-magnesium-malate-120-vege-caps\/#breadcrumb\"},\"inLanguage\":\"en-US\",\"potentialAction\":[{\"@type\":\"ReadAction\",\"target\":[\"https:\/\/www.muscle-madness.co.uk\/store\/product\/7nutrition-magnesium-malate-120-vege-caps\/\"]}]},{\"@type\":\"ImageObject\",\"inLanguage\":\"en-US\",\"@id\":\"https:\/\/www.muscle-madness.co.uk\/store\/product\/7nutrition-magnesium-malate-120-vege-caps\/#primaryimage\",\"url\":\"https:\/\/www.muscle-madness.co.uk\/store\/wp-content\/uploads\/2025\/01\/7Nutrition-health-Magnesium-Malate-120-caps.jpg\",\"contentUrl\":\"https:\/\/www.muscle-madness.co.uk\/store\/wp-content\/uploads\/2025\/01\/7Nutrition-health-Magnesium-Malate-120-caps.jpg\",\"width\":1080,\"height\":1080,\"caption\":\"7Nutrition health Magnesium Malate 120 caps\"},{\"@type\":\"BreadcrumbList\",\"@id\":\"https:\/\/www.muscle-madness.co.uk\/store\/product\/7nutrition-magnesium-malate-120-vege-caps\/#breadcrumb\",\"itemListElement\":[{\"@type\":\"ListItem\",\"position\":1,\"name\":\"Home\",\"item\":\"https:\/\/www.muscle-madness.co.uk\/store\/\"},{\"@type\":\"ListItem\",\"position\":2,\"name\":\"Shop\",\"item\":\"https:\/\/www.muscle-madness.co.uk\/store\/shop-2\/\"},{\"@type\":\"ListItem\",\"position\":3,\"name\":\"7Nutrition Magnesium Malate 120 vege caps\"}]},{\"@type\":\"WebSite\",\"@id\":\"https:\/\/www.muscle-madness.co.uk\/store\/#website\",\"url\":\"https:\/\/www.muscle-madness.co.uk\/store\/\",\"name\":\"Muscle and Madness Supplement Store\",\"description\":\"Suplement Store\",\"potentialAction\":[{\"@type\":\"SearchAction\",\"target\":{\"@type\":\"EntryPoint\",\"urlTemplate\":\"https:\/\/www.muscle-madness.co.uk\/store\/?s={search_term_string}\"},\"query-input\":{\"@type\":\"PropertyValueSpecification\",\"valueRequired\":true,\"valueName\":\"search_term_string\"}}],\"inLanguage\":\"en-US\"}]}<\/script>\n<!-- \/ Yoast SEO plugin. -->","yoast_head_json":{"title":"7Nutrition Magnesium Malate 120 vege caps - Muscle and Madness Supplement Store","description":"7Nutrition MAGNESIUM MALATE 120 vege caps.\u00a0Diet supplement Oneof the most important elements necessary for the proper functioning of the body in a well-absorbed form of malate. Thanks to the presence of the remaining malic acid, you will not only get the standard benefits of magnesium supplementation, but also additional ones, such as more efficient energy production, ATP. A characteristic feature of magnesium malate is its neuroprotective effect. In addition, it is able to bind heavy metals, thanks to which the body gets rid of toxic compounds more efficiently. WHAT ARE THE BENEFITS OF SUPPLEMENTATION? more efficient transport of calcium and potassium, improved nerve conduction ,regulation of the tension of blood vessels, better work of the heart, proper course of muscle contractions, fatigue relief, improved psychophysical regeneration, more efficient energy production, support in the neutralization and disposal of toxic metals, positive effect on sugar metabolism, efficient functioning of mitochondria, support for physical effort INGREDIENTS:\u00a0Magnesium Malate, Vitamin B6 P5P (Pyridoxalo-5-Phosphate), Cellulose Capsule (HPMC).RECOMMENDED USE:\u00a0Take 1 capsule a day after the main meal, drinking plenty of water. Do not exceed the recommended daily intake. NOTES:\u00a0The product cannot be used by children, pregnant and lactating women. Do not use if you are allergic to any of the ingredients. The dietary supplement cannot be used as a substitute (replacement) of a varied diet. Maintaining proper health requires a varied diet and a healthy lifestyle. STORAGE CONDITIONS:\u00a0Store in a dry place out of the reach of small children. Protect against direct sunlight.","robots":{"index":"index","follow":"follow","max-snippet":"max-snippet:-1","max-image-preview":"max-image-preview:large","max-video-preview":"max-video-preview:-1"},"canonical":"https:\/\/www.muscle-madness.co.uk\/store\/product\/7nutrition-magnesium-malate-120-vege-caps\/","og_locale":"en_US","og_type":"article","og_title":"7Nutrition Magnesium Malate 120 vege caps - Muscle and Madness Supplement Store","og_description":"7Nutrition MAGNESIUM MALATE 120 vege caps.\u00a0Diet supplement Oneof the most important elements necessary for the proper functioning of the body in a well-absorbed form of malate. Thanks to the presence of the remaining malic acid, you will not only get the standard benefits of magnesium supplementation, but also additional ones, such as more efficient energy production, ATP. A characteristic feature of magnesium malate is its neuroprotective effect. In addition, it is able to bind heavy metals, thanks to which the body gets rid of toxic compounds more efficiently. WHAT ARE THE BENEFITS OF SUPPLEMENTATION? more efficient transport of calcium and potassium, improved nerve conduction ,regulation of the tension of blood vessels, better work of the heart, proper course of muscle contractions, fatigue relief, improved psychophysical regeneration, more efficient energy production, support in the neutralization and disposal of toxic metals, positive effect on sugar metabolism, efficient functioning of mitochondria, support for physical effort INGREDIENTS:\u00a0Magnesium Malate, Vitamin B6 P5P (Pyridoxalo-5-Phosphate), Cellulose Capsule (HPMC).RECOMMENDED USE:\u00a0Take 1 capsule a day after the main meal, drinking plenty of water. Do not exceed the recommended daily intake. NOTES:\u00a0The product cannot be used by children, pregnant and lactating women. Do not use if you are allergic to any of the ingredients. The dietary supplement cannot be used as a substitute (replacement) of a varied diet. Maintaining proper health requires a varied diet and a healthy lifestyle. STORAGE CONDITIONS:\u00a0Store in a dry place out of the reach of small children. Protect against direct sunlight.","og_url":"https:\/\/www.muscle-madness.co.uk\/store\/product\/7nutrition-magnesium-malate-120-vege-caps\/","og_site_name":"Muscle and Madness Supplement Store","article_modified_time":"2026-03-28T14:41:33+00:00","og_image":[{"width":1080,"height":1080,"url":"https:\/\/www.muscle-madness.co.uk\/store\/wp-content\/uploads\/2025\/01\/7Nutrition-health-Magnesium-Malate-120-caps.jpg","type":"image\/jpeg"}],"twitter_card":"summary_large_image","twitter_misc":{"Est. reading time":"2 minutes"},"schema":{"@context":"https:\/\/schema.org","@graph":[{"@type":"WebPage","@id":"https:\/\/www.muscle-madness.co.uk\/store\/product\/7nutrition-magnesium-malate-120-vege-caps\/","url":"https:\/\/www.muscle-madness.co.uk\/store\/product\/7nutrition-magnesium-malate-120-vege-caps\/","name":"7Nutrition Magnesium Malate 120 vege caps - Muscle and Madness Supplement Store","isPartOf":{"@id":"https:\/\/www.muscle-madness.co.uk\/store\/#website"},"primaryImageOfPage":{"@id":"https:\/\/www.muscle-madness.co.uk\/store\/product\/7nutrition-magnesium-malate-120-vege-caps\/#primaryimage"},"image":{"@id":"https:\/\/www.muscle-madness.co.uk\/store\/product\/7nutrition-magnesium-malate-120-vege-caps\/#primaryimage"},"thumbnailUrl":"https:\/\/www.muscle-madness.co.uk\/store\/wp-content\/uploads\/2025\/01\/7Nutrition-health-Magnesium-Malate-120-caps.jpg","datePublished":"2025-01-22T13:11:37+00:00","dateModified":"2026-03-28T14:41:33+00:00","description":"7Nutrition MAGNESIUM MALATE 120 vege caps.\u00a0Diet supplement Oneof the most important elements necessary for the proper functioning of the body in a well-absorbed form of malate. Thanks to the presence of the remaining malic acid, you will not only get the standard benefits of magnesium supplementation, but also additional ones, such as more efficient energy production, ATP. A characteristic feature of magnesium malate is its neuroprotective effect. In addition, it is able to bind heavy metals, thanks to which the body gets rid of toxic compounds more efficiently. WHAT ARE THE BENEFITS OF SUPPLEMENTATION? more efficient transport of calcium and potassium, improved nerve conduction ,regulation of the tension of blood vessels, better work of the heart, proper course of muscle contractions, fatigue relief, improved psychophysical regeneration, more efficient energy production, support in the neutralization and disposal of toxic metals, positive effect on sugar metabolism, efficient functioning of mitochondria, support for physical effort INGREDIENTS:\u00a0Magnesium Malate, Vitamin B6 P5P (Pyridoxalo-5-Phosphate), Cellulose Capsule (HPMC).RECOMMENDED USE:\u00a0Take 1 capsule a day after the main meal, drinking plenty of water. Do not exceed the recommended daily intake. NOTES:\u00a0The product cannot be used by children, pregnant and lactating women. Do not use if you are allergic to any of the ingredients. The dietary supplement cannot be used as a substitute (replacement) of a varied diet. Maintaining proper health requires a varied diet and a healthy lifestyle. STORAGE CONDITIONS:\u00a0Store in a dry place out of the reach of small children. Protect against direct sunlight.","breadcrumb":{"@id":"https:\/\/www.muscle-madness.co.uk\/store\/product\/7nutrition-magnesium-malate-120-vege-caps\/#breadcrumb"},"inLanguage":"en-US","potentialAction":[{"@type":"ReadAction","target":["https:\/\/www.muscle-madness.co.uk\/store\/product\/7nutrition-magnesium-malate-120-vege-caps\/"]}]},{"@type":"ImageObject","inLanguage":"en-US","@id":"https:\/\/www.muscle-madness.co.uk\/store\/product\/7nutrition-magnesium-malate-120-vege-caps\/#primaryimage","url":"https:\/\/www.muscle-madness.co.uk\/store\/wp-content\/uploads\/2025\/01\/7Nutrition-health-Magnesium-Malate-120-caps.jpg","contentUrl":"https:\/\/www.muscle-madness.co.uk\/store\/wp-content\/uploads\/2025\/01\/7Nutrition-health-Magnesium-Malate-120-caps.jpg","width":1080,"height":1080,"caption":"7Nutrition health Magnesium Malate 120 caps"},{"@type":"BreadcrumbList","@id":"https:\/\/www.muscle-madness.co.uk\/store\/product\/7nutrition-magnesium-malate-120-vege-caps\/#breadcrumb","itemListElement":[{"@type":"ListItem","position":1,"name":"Home","item":"https:\/\/www.muscle-madness.co.uk\/store\/"},{"@type":"ListItem","position":2,"name":"Shop","item":"https:\/\/www.muscle-madness.co.uk\/store\/shop-2\/"},{"@type":"ListItem","position":3,"name":"7Nutrition Magnesium Malate 120 vege caps"}]},{"@type":"WebSite","@id":"https:\/\/www.muscle-madness.co.uk\/store\/#website","url":"https:\/\/www.muscle-madness.co.uk\/store\/","name":"Muscle and Madness Supplement Store","description":"Suplement Store","potentialAction":[{"@type":"SearchAction","target":{"@type":"EntryPoint","urlTemplate":"https:\/\/www.muscle-madness.co.uk\/store\/?s={search_term_string}"},"query-input":{"@type":"PropertyValueSpecification","valueRequired":true,"valueName":"search_term_string"}}],"inLanguage":"en-US"}]}},"jetpack_sharing_enabled":true,"_links":{"self":[{"href":"https:\/\/www.muscle-madness.co.uk\/store\/wp-json\/wp\/v2\/product\/1761","targetHints":{"allow":["GET"]}}],"collection":[{"href":"https:\/\/www.muscle-madness.co.uk\/store\/wp-json\/wp\/v2\/product"}],"about":[{"href":"https:\/\/www.muscle-madness.co.uk\/store\/wp-json\/wp\/v2\/types\/product"}],"replies":[{"embeddable":true,"href":"https:\/\/www.muscle-madness.co.uk\/store\/wp-json\/wp\/v2\/comments?post=1761"}],"wp:featuredmedia":[{"embeddable":true,"href":"https:\/\/www.muscle-madness.co.uk\/store\/wp-json\/wp\/v2\/media\/1762"}],"wp:attachment":[{"href":"https:\/\/www.muscle-madness.co.uk\/store\/wp-json\/wp\/v2\/media?parent=1761"}],"wp:term":[{"taxonomy":"product_brand","embeddable":true,"href":"https:\/\/www.muscle-madness.co.uk\/store\/wp-json\/wp\/v2\/product_brand?post=1761"},{"taxonomy":"product_cat","embeddable":true,"href":"https:\/\/www.muscle-madness.co.uk\/store\/wp-json\/wp\/v2\/product_cat?post=1761"},{"taxonomy":"product_tag","embeddable":true,"href":"https:\/\/www.muscle-madness.co.uk\/store\/wp-json\/wp\/v2\/product_tag?post=1761"}],"curies":[{"name":"wp","href":"https:\/\/api.w.org\/{rel}","templated":true}]}}